{"id":1433,"date":"2020-04-25T17:24:59","date_gmt":"2020-04-25T15:24:59","guid":{"rendered":"https:\/\/francelyme.fr\/site\/mediatiques\/?page_id=1433"},"modified":"2026-02-18T17:29:18","modified_gmt":"2026-02-18T16:29:18","slug":"les-bonnes-pratiques-avec-les-animaux-de-compagnie","status":"publish","type":"page","link":"https:\/\/francelyme.fr\/site\/mediatiques\/prevention\/les-bonnes-pratiques-avec-les-animaux-de-compagnie\/","title":{"rendered":"Les bonnes pratiques avec les animaux de compagnie"},"content":{"rendered":"\n<!-- Facebook Like Button Vivacity Infotech BEGIN -->\n<div class=\"fb-like\" data-href=\"https:\/\/francelyme.fr\/site\/mediatiques\/prevention\/les-bonnes-pratiques-avec-les-animaux-de-compagnie\/\" data-layout=\"button_count\" data-action=\"like\" data-show-faces=\"false\" data-size=\"large\" data-width=\"450\" data-share=\"1\" ><\/div>\n<!-- Facebook Like Button Vivacity Infotech END -->\n<div id=\"fb-root\"><\/div>\n\n<p>Nos animaux de compagnie&nbsp;: chat, chien, lapin, cheval\u2026 peuvent nous transmettre les maladies \u00e0 tique suivant 2 modes : <br>&#8211; par <strong>transmission directe<\/strong> (pour la bartonellose)<br>&#8211; par transmission vectorielle car ils servent d\u2019<strong>h\u00f4tes aux tiques<\/strong> quand ils divaguent dans le jardin, les jardins publics ou les champs. Il est n\u00e9cessaire de les prot\u00e9ger pour eux mais aussi pour nous. <strong>La tique pique l&rsquo;animal puis l&rsquo;humain, la tique est vecteur.<\/strong><\/p>\n\n\n\n<p>Outre les tiques, d\u2019autres arthropodes tels que les puces, poux, moustiques ou taons peuvent transmettre diverses maladies infectieuses aux animaux et, dans certains cas, \u00e0 l\u2019\u00eatre humain. La pr\u00e9vention antiparasitaire r\u00e9guli\u00e8re des animaux domestiques constitue donc une mesure importante de protection.<\/p>\n\n\n\n<h4 class=\"wp-block-heading has-text-align-center has-luminous-vivid-amber-background-color has-background\"><strong>Pr\u00e9vention contre la transmission directe<\/strong><\/h4>\n\n\n\n<ul class=\"wp-block-list\">\n<li>Il est important de vermifuger r\u00e9guli\u00e8rement son animal (\u00e0 raison de 2 \u00e0 4 fois par an) et de lui administrer un antiparasitaire (antipuces et anti-tiques) toutes les 4 semaines.<\/li>\n\n\n\n<li>Surveillez r\u00e9guli\u00e8rement son poil \u00e0 la recherche de puces et de tiques. Si vous en trouvez, retirez les tiques avec un tire-tique avant de bien d\u00e9sinfecter la plaie et \u00e9liminez les puces \u00e0 l\u2019aide d\u2019un antiparasitaire.<\/li>\n\n\n\n<li>En cas de maladie infectieuse diagnostiqu\u00e9e chez un animal, la prise en charge doit \u00eatre assur\u00e9e par un v\u00e9t\u00e9rinaire.<\/li>\n\n\n\n<li>Soyez vigilant lorsque vous jouez avec votre animal et \u00e9vitez les jeux qui incitent le chat \u00e0 griffer ou mordre. Les enfants, particuli\u00e8rement, doivent \u00eatre prudents lors de leur jeux.<\/li>\n\n\n\n<li>\u00c9viter toute morsure et griffure.<\/li>\n\n\n\n<li>Si une morsure ou une griffure se produit, d\u00e9sinfectez imm\u00e9diatement la plaie.<\/li>\n\n\n\n<li>\u00c9vitez de vous approcher des chats inconnus. Si vous y \u00eates contraint, lavez-vous bien les mains apr\u00e8s contact et \u00e9vitez de vous toucher le visage ou les yeux avant le lavage. Si le chat vous mord ou vous griffe, d\u00e9sinfectez imm\u00e9diatement la plaie et surveillez votre \u00e9tat dans les semaines suivantes.<\/li>\n<\/ul>\n\n\n\n<h4 class=\"wp-block-heading has-text-align-center has-luminous-vivid-amber-background-color has-background\"><strong>Pr\u00e9vention pour \u00e9viter les tiques sur les animaux domestiques<\/strong><\/h4>\n\n\n\n<p>Les <a href=\"https:\/\/francelyme.fr\/site\/mediatiques\/prevention\/les-bonnes-pratiques-au-jardin\/\">bonnes pratiques au jardin<\/a> sont indispensables pour assurer un eco-syst\u00e8me adapt\u00e9 afin d\u2019\u00e9viter au maximum la pr\u00e9sence des tiques.<\/p>\n\n\n\n<p>La vigilance s\u2019impose aussi \u00e0 la maison&nbsp;: <\/p>\n\n\n\n<ul class=\"wp-block-list\">\n<li> Il est aussi recommand\u00e9 de les \u00e9pouiller r\u00e9guli\u00e8rement.&nbsp;<a href=\"https:\/\/francelyme.fr\/site\/mediatiques\/prevention\/que-faire-en-cas-de-piqure\/\">Pour retirer les tiques, la technique est la m\u00eame que pour l\u2019homme<\/a>&nbsp;: le tire-tique. <\/li>\n<\/ul>\n\n\n\n<figure class=\"wp-block-image aligncenter size-thumbnail\"><img loading=\"lazy\" decoding=\"async\" width=\"150\" height=\"150\" src=\"https:\/\/francelyme.fr\/site\/mediatiques\/wp-content\/uploads\/sites\/5\/2020\/04\/Retirer-une-tique-150x150.jpg\" alt=\"\" class=\"wp-image-1436\"\/><figcaption class=\"wp-element-caption\">Tire-tique retirant une tique<\/figcaption><\/figure>\n\n\n\n<ul class=\"wp-block-list\">\n<li>Il est aussi possible de d\u00e9barrasser la maison de ces tiques transport\u00e9es par les animaux de compagnie et \u00e9limin\u00e9es par grattage. Il existe des diffuseurs pour l&rsquo;habitation d&rsquo;insecticide\/ larvicide (puces, tiques, acariens, cafards, fourmis et mites) qui prot\u00e8gent pour plusieurs mois une surface donn\u00e9e et qui se vendent en pharmacie.<\/li>\n\n\n\n<li>Il est plus prudent d\u2019interdire les lits aux animaux de compagnie qui font des sorties r\u00e9guli\u00e8res.<\/li>\n<\/ul>\n\n\n\n<p>Pour nos animaux, il existe des produits anti-tiques qui sont les m\u00eames que les anti-puces.<\/p>\n\n\n\n<div class=\"wp-block-media-text alignwide is-stacked-on-mobile is-image-fill-element\" style=\"grid-template-columns:45% auto\"><figure class=\"wp-block-media-text__media\"><img loading=\"lazy\" decoding=\"async\" width=\"510\" height=\"680\" src=\"https:\/\/francelyme.fr\/site\/mediatiques\/wp-content\/uploads\/sites\/5\/2020\/04\/Tique-sur-chien-bouche.jpg\" alt=\"\" class=\"wp-image-1434 size-full\" style=\"object-position:35% 55%\" srcset=\"https:\/\/francelyme.fr\/site\/mediatiques\/wp-content\/uploads\/sites\/5\/2020\/04\/Tique-sur-chien-bouche.jpg 510w, https:\/\/francelyme.fr\/site\/mediatiques\/wp-content\/uploads\/sites\/5\/2020\/04\/Tique-sur-chien-bouche-225x300.jpg 225w\" sizes=\"auto, (max-width: 510px) 100vw, 510px\" \/><\/figure><div class=\"wp-block-media-text__content\">\n<p class=\"has-vivid-red-color has-text-color has-normal-font-size\"><strong>Ne jamais sous-estimer la facult\u00e9 des tiques \u00e0 se placer dans des zones tr\u00e8s difficile d&rsquo;acc\u00e8s. L&rsquo;inspection de nos compagnons doit \u00eatre la plus pr\u00e9cise possible ! <\/strong><\/p>\n<\/div><\/div>\n\n\n\n<p>La souplesse du chat lui permet de retirer lui-m\u00eame les tiques qui ont mordus sauf sur la t\u00eate entre les oreilles.<br>Chez le chien, moins souple, il ne pourra pas atteindre aussi facilement toutes les zones de son corps.<br>Les tiques vont particuli\u00e8rement aimer les zones bien vascularis\u00e9s avec une peau fine (oreilles, abdomen, pattes, &#8230;) et au l\u00e9chage inaccessible.<\/p>\n\n\n\n<p>Les tiques peuvent transmettre aux animaux plusieurs maladies, telles que la piroplasmose, les ehrlichioses, les rickettsioses ou l\u2019anaplasmose. Certaines de ces infections existent \u00e9galement chez l\u2019\u00eatre humain, bien que leurs manifestations puissent diff\u00e9rer.<\/p>\n\n\n\n<p>Chez le cheval, les sympt\u00f4mes g\u00e9n\u00e9r\u00e9s par la maladie sont \u00ab\u00a0<a href=\"https:\/\/equipedia.ifce.fr\/sante-et-bien-etre-animal\/maladies\/autres-maladies\/maladie-de-lyme\" target=\"_blank\" rel=\"noreferrer noopener\">fi\u00e8vre, l\u00e9thargie, anorexie, amaigrissement chronique, raideur, arthrite, fourbure, uv\u00e9ite ou encore avortement\u00a0\u00bb mais aussi des signes neurologiques<\/a>. <\/p>\n\n\n\n<h4 class=\"wp-block-heading has-text-align-center has-luminous-vivid-amber-background-color has-background\"><strong>Recherche participative sur les tiques et leurs pathog\u00e8nes<\/strong><\/h4>\n\n\n\n<p class=\"has-vivid-purple-color has-text-color\">Apr\u00e8s retrait \u00e0 l\u2019aide d\u2019un tire-tique, certaines personnes choisissent de conserver la tique. Des laboratoires proposent des analyses visant \u00e0 identifier d\u2019\u00e9ventuels micro-organismes pr\u00e9sents dans la tique. Il convient de rappeler que la d\u00e9tection d\u2019un agent pathog\u00e8ne dans la tique ne permet pas, \u00e0 elle seule, de conclure \u00e0 une transmission ni de poser un diagnostic. En cas de doute ou d\u2019apparition de sympt\u00f4mes, il est recommand\u00e9 de consulter un m\u00e9decin.<\/p>\n\n\n\n<p>Des infos pour les chevaux : <strong>RESPE<\/strong>, <a href=\"https:\/\/respe.net\/\" target=\"_blank\" rel=\"noreferrer noopener\">R\u00e9seau d&rsquo;\u00e9pid\u00e9mio-surveillance en pathologie \u00e9quine<\/a> et <a href=\"https:\/\/www6.inrae.fr\/pirogotick\" target=\"_blank\" rel=\"noreferrer noopener\">PIROGOTICK<\/a>, projet de l&rsquo;INRAE.<\/p>\n\n\n\n<p>Pour aider les chercheurs \u00e0 cartographier la pr\u00e9sence de tiques en France, le projet Citique de l&rsquo;INRAE est n\u00e9. Vous pouvez :<\/p>\n\n\n\n<ul class=\"wp-block-list\">\n<li>d\u00e9clarer la morsure en ligne (<a href=\"https:\/\/www.citique.fr\/signalement-tique\/\">site internet, application mobile, formulaire papier<\/a>)<\/li>\n\n\n\n<li>envoyer votre tique \u00e0 l&rsquo;INRAE :  Programme <strong>CiTIQUE<\/strong>, Laboratoire Tous Chercheurs, Centre <strong>INRAE<\/strong> Grand Est-Nancy, rue d&rsquo;Amance, 54280 Champenoux avec le <a href=\"https:\/\/www.citique.fr\/telechargements\/download-info\/formulaire-papier-signaler-une-et-envoyer-une-piqure-de-tique\/\">formulaire de signalement papier<\/a><\/li>\n<\/ul>\n\n\n\n<figure class=\"wp-block-embed is-type-video is-provider-youtube wp-block-embed-youtube wp-embed-aspect-16-9 wp-has-aspect-ratio\"><div class=\"wp-block-embed__wrapper\">\n<iframe loading=\"lazy\" title=\"Que faire en cas de piq\u00fbre de tiques : CiTIQUE vous l\u2019explique en 3 minutes !\" width=\"800\" height=\"450\" src=\"https:\/\/www.youtube.com\/embed\/rsNaHYfImqc?feature=oembed\" frameborder=\"0\" allow=\"accelerometer; autoplay; clipboard-write; encrypted-media; gyroscope; picture-in-picture; web-share\" referrerpolicy=\"strict-origin-when-cross-origin\" allowfullscreen><\/iframe>\n<\/div><\/figure>\n\n\n\n<ul class=\"wp-block-list\">\n<li><a href=\"http:\/\/francelyme.fr\/site\/mediatiques\/se-proteger-des-tiques\/\">Se prot\u00e9ger des tiques<\/a>  <\/li>\n\n\n\n<li><a href=\"https:\/\/francelyme.fr\/site\/mediatiques\/que-faire-en-cas-de-piqure\/\">Que faire en cas de morsure?<\/a><\/li>\n\n\n\n<li><a href=\"https:\/\/francelyme.fr\/site\/mediatiques\/les-bonnes-pratiques-au-jardin\/\">Les bonnes pratiques au jardin<\/a><\/li>\n\n\n\n<li><a href=\"http:\/\/francelyme.fr\/site\/mediatiques\/les-bonnes-pratiques-en-balade\/\">Les bonnes pratiques en sortie nature <\/a><\/li>\n\n\n\n<li><a href=\"https:\/\/francelyme.fr\/site\/prevention\/\">Nos documents de pr\u00e9vention<\/a> <\/li>\n<\/ul>\n\n\n\n<figure class=\"wp-block-gallery has-nested-images columns-default is-cropped wp-block-gallery-1 is-layout-flex wp-block-gallery-is-layout-flex\">\n<figure class=\"wp-block-image size-large\"><img loading=\"lazy\" decoding=\"async\" width=\"720\" height=\"960\" data-id=\"1458\" src=\"https:\/\/francelyme.fr\/site\/mediatiques\/wp-content\/uploads\/sites\/5\/2020\/05\/Cheval-3.jpg\" alt=\"\" class=\"wp-image-1458\" srcset=\"https:\/\/francelyme.fr\/site\/mediatiques\/wp-content\/uploads\/sites\/5\/2020\/05\/Cheval-3.jpg 720w, https:\/\/francelyme.fr\/site\/mediatiques\/wp-content\/uploads\/sites\/5\/2020\/05\/Cheval-3-225x300.jpg 225w\" sizes=\"auto, (max-width: 720px) 100vw, 720px\" \/><\/figure>\n\n\n\n<figure class=\"wp-block-image size-large\"><img loading=\"lazy\" decoding=\"async\" width=\"768\" height=\"1024\" data-id=\"1459\" src=\"https:\/\/francelyme.fr\/site\/mediatiques\/wp-content\/uploads\/sites\/5\/2020\/05\/Cheval-6-reduite-768x1024.jpg\" alt=\"\" class=\"wp-image-1459\" srcset=\"https:\/\/francelyme.fr\/site\/mediatiques\/wp-content\/uploads\/sites\/5\/2020\/05\/Cheval-6-reduite-768x1024.jpg 768w, https:\/\/francelyme.fr\/site\/mediatiques\/wp-content\/uploads\/sites\/5\/2020\/05\/Cheval-6-reduite-225x300.jpg 225w, https:\/\/francelyme.fr\/site\/mediatiques\/wp-content\/uploads\/sites\/5\/2020\/05\/Cheval-6-reduite.jpg 936w\" sizes=\"auto, (max-width: 768px) 100vw, 768px\" \/><\/figure>\n\n\n\n<figure class=\"wp-block-image size-large\"><img loading=\"lazy\" decoding=\"async\" width=\"768\" height=\"1024\" data-id=\"1460\" src=\"https:\/\/francelyme.fr\/site\/mediatiques\/wp-content\/uploads\/sites\/5\/2020\/05\/Cheval-10-reduite-768x1024.jpg\" alt=\"\" class=\"wp-image-1460\" srcset=\"https:\/\/francelyme.fr\/site\/mediatiques\/wp-content\/uploads\/sites\/5\/2020\/05\/Cheval-10-reduite-768x1024.jpg 768w, https:\/\/francelyme.fr\/site\/mediatiques\/wp-content\/uploads\/sites\/5\/2020\/05\/Cheval-10-reduite-225x300.jpg 225w, https:\/\/francelyme.fr\/site\/mediatiques\/wp-content\/uploads\/sites\/5\/2020\/05\/Cheval-10-reduite.jpg 936w\" sizes=\"auto, (max-width: 768px) 100vw, 768px\" \/><\/figure>\n<figcaption class=\"blocks-gallery-caption wp-element-caption\">Des tiques sur des chevaux<\/figcaption><\/figure>\n\n<!-- Facebook Like Button Vivacity Infotech BEGIN -->\n<div class=\"fb-like\" data-href=\"https:\/\/francelyme.fr\/site\/mediatiques\/prevention\/les-bonnes-pratiques-avec-les-animaux-de-compagnie\/\" data-layout=\"button_count\" data-action=\"like\" data-show-faces=\"false\" data-size=\"large\" data-width=\"450\" data-share=\"1\" ><\/div>\n<!-- Facebook Like Button Vivacity Infotech END -->\n","protected":false},"excerpt":{"rendered":"<p>Nos animaux de compagnie&nbsp;: chat, chien, lapin, cheval\u2026 peuvent nous transmettre les maladies \u00e0 tique suivant 2 modes : &#8211;<\/p>\n","protected":false},"author":1,"featured_media":0,"parent":970,"menu_order":0,"comment_status":"closed","ping_status":"closed","template":"","meta":{"colormag_page_container_layout":"default_layout","colormag_page_sidebar_layout":"default_layout","_mc_calendar":[],"footnotes":""},"class_list":["post-1433","page","type-page","status-publish","hentry"],"yoast_head":"<!-- This site is optimized with the Yoast SEO plugin v27.3 - https:\/\/yoast.com\/product\/yoast-seo-wordpress\/ -->\n<title>Les bonnes pratiques avec les animaux de compagnie - M\u00e9dia-Tiques<\/title>\n<meta name=\"robots\" content=\"index, follow, max-snippet:-1, max-image-preview:large, max-video-preview:-1\" \/>\n<link rel=\"canonical\" href=\"https:\/\/francelyme.fr\/site\/mediatiques\/prevention\/les-bonnes-pratiques-avec-les-animaux-de-compagnie\/\" \/>\n<meta property=\"og:locale\" content=\"fr_FR\" \/>\n<meta property=\"og:type\" content=\"article\" \/>\n<meta property=\"og:title\" content=\"Les bonnes pratiques avec les animaux de compagnie - M\u00e9dia-Tiques\" \/>\n<meta property=\"og:description\" content=\"Nos animaux de compagnie&nbsp;: chat, chien, lapin, cheval\u2026 peuvent nous transmettre les maladies \u00e0 tique suivant 2 modes : &#8211;\" \/>\n<meta property=\"og:url\" content=\"https:\/\/francelyme.fr\/site\/mediatiques\/prevention\/les-bonnes-pratiques-avec-les-animaux-de-compagnie\/\" \/>\n<meta property=\"og:site_name\" content=\"M\u00e9dia-Tiques\" \/>\n<meta property=\"article:modified_time\" content=\"2026-02-18T16:29:18+00:00\" \/>\n<meta property=\"og:image\" content=\"https:\/\/francelyme.fr\/site\/mediatiques\/wp-content\/uploads\/sites\/5\/2020\/04\/Retirer-une-tique.jpg\" \/>\n\t<meta property=\"og:image:width\" content=\"240\" \/>\n\t<meta property=\"og:image:height\" content=\"160\" \/>\n\t<meta property=\"og:image:type\" content=\"image\/jpeg\" \/>\n<meta name=\"twitter:card\" content=\"summary_large_image\" \/>\n<meta name=\"twitter:label1\" content=\"Dur\u00e9e de lecture estim\u00e9e\" \/>\n\t<meta name=\"twitter:data1\" content=\"5 minutes\" \/>\n<script type=\"application\/ld+json\" class=\"yoast-schema-graph\">{\"@context\":\"https:\\\/\\\/schema.org\",\"@graph\":[{\"@type\":\"WebPage\",\"@id\":\"https:\\\/\\\/francelyme.fr\\\/site\\\/mediatiques\\\/prevention\\\/les-bonnes-pratiques-avec-les-animaux-de-compagnie\\\/\",\"url\":\"https:\\\/\\\/francelyme.fr\\\/site\\\/mediatiques\\\/prevention\\\/les-bonnes-pratiques-avec-les-animaux-de-compagnie\\\/\",\"name\":\"Les bonnes pratiques avec les animaux de compagnie - M\u00e9dia-Tiques\",\"isPartOf\":{\"@id\":\"https:\\\/\\\/francelyme.fr\\\/site\\\/mediatiques\\\/#website\"},\"primaryImageOfPage\":{\"@id\":\"https:\\\/\\\/francelyme.fr\\\/site\\\/mediatiques\\\/prevention\\\/les-bonnes-pratiques-avec-les-animaux-de-compagnie\\\/#primaryimage\"},\"image\":{\"@id\":\"https:\\\/\\\/francelyme.fr\\\/site\\\/mediatiques\\\/prevention\\\/les-bonnes-pratiques-avec-les-animaux-de-compagnie\\\/#primaryimage\"},\"thumbnailUrl\":\"https:\\\/\\\/francelyme.fr\\\/site\\\/mediatiques\\\/wp-content\\\/uploads\\\/sites\\\/5\\\/2020\\\/04\\\/Retirer-une-tique-150x150.jpg\",\"datePublished\":\"2020-04-25T15:24:59+00:00\",\"dateModified\":\"2026-02-18T16:29:18+00:00\",\"breadcrumb\":{\"@id\":\"https:\\\/\\\/francelyme.fr\\\/site\\\/mediatiques\\\/prevention\\\/les-bonnes-pratiques-avec-les-animaux-de-compagnie\\\/#breadcrumb\"},\"inLanguage\":\"fr-FR\",\"potentialAction\":[{\"@type\":\"ReadAction\",\"target\":[\"https:\\\/\\\/francelyme.fr\\\/site\\\/mediatiques\\\/prevention\\\/les-bonnes-pratiques-avec-les-animaux-de-compagnie\\\/\"]}]},{\"@type\":\"ImageObject\",\"inLanguage\":\"fr-FR\",\"@id\":\"https:\\\/\\\/francelyme.fr\\\/site\\\/mediatiques\\\/prevention\\\/les-bonnes-pratiques-avec-les-animaux-de-compagnie\\\/#primaryimage\",\"url\":\"https:\\\/\\\/francelyme.fr\\\/site\\\/mediatiques\\\/wp-content\\\/uploads\\\/sites\\\/5\\\/2020\\\/04\\\/Retirer-une-tique.jpg\",\"contentUrl\":\"https:\\\/\\\/francelyme.fr\\\/site\\\/mediatiques\\\/wp-content\\\/uploads\\\/sites\\\/5\\\/2020\\\/04\\\/Retirer-une-tique.jpg\",\"width\":240,\"height\":160},{\"@type\":\"BreadcrumbList\",\"@id\":\"https:\\\/\\\/francelyme.fr\\\/site\\\/mediatiques\\\/prevention\\\/les-bonnes-pratiques-avec-les-animaux-de-compagnie\\\/#breadcrumb\",\"itemListElement\":[{\"@type\":\"ListItem\",\"position\":1,\"name\":\"Accueil\",\"item\":\"https:\\\/\\\/francelyme.fr\\\/site\\\/mediatiques\\\/\"},{\"@type\":\"ListItem\",\"position\":2,\"name\":\"Pr\u00e9vention\",\"item\":\"https:\\\/\\\/francelyme.fr\\\/site\\\/mediatiques\\\/prevention\\\/\"},{\"@type\":\"ListItem\",\"position\":3,\"name\":\"Les bonnes pratiques avec les animaux de compagnie\"}]},{\"@type\":\"WebSite\",\"@id\":\"https:\\\/\\\/francelyme.fr\\\/site\\\/mediatiques\\\/#website\",\"url\":\"https:\\\/\\\/francelyme.fr\\\/site\\\/mediatiques\\\/\",\"name\":\"M\u00e9dia-Tiques\",\"description\":\"Portail d&#039;information sur les tiques et les maladies associ\u00e9es\",\"publisher\":{\"@id\":\"https:\\\/\\\/francelyme.fr\\\/site\\\/mediatiques\\\/#organization\"},\"potentialAction\":[{\"@type\":\"SearchAction\",\"target\":{\"@type\":\"EntryPoint\",\"urlTemplate\":\"https:\\\/\\\/francelyme.fr\\\/site\\\/mediatiques\\\/?s={search_term_string}\"},\"query-input\":{\"@type\":\"PropertyValueSpecification\",\"valueRequired\":true,\"valueName\":\"search_term_string\"}}],\"inLanguage\":\"fr-FR\"},{\"@type\":\"Organization\",\"@id\":\"https:\\\/\\\/francelyme.fr\\\/site\\\/mediatiques\\\/#organization\",\"name\":\"M\u00e9dia-Tiques\",\"url\":\"https:\\\/\\\/francelyme.fr\\\/site\\\/mediatiques\\\/\",\"logo\":{\"@type\":\"ImageObject\",\"inLanguage\":\"fr-FR\",\"@id\":\"https:\\\/\\\/francelyme.fr\\\/site\\\/mediatiques\\\/#\\\/schema\\\/logo\\\/image\\\/\",\"url\":\"https:\\\/\\\/francelyme.fr\\\/site\\\/mediatiques\\\/wp-content\\\/uploads\\\/sites\\\/5\\\/2019\\\/06\\\/Logo-bandeau-new-site-Media-Tiques.jpg\",\"contentUrl\":\"https:\\\/\\\/francelyme.fr\\\/site\\\/mediatiques\\\/wp-content\\\/uploads\\\/sites\\\/5\\\/2019\\\/06\\\/Logo-bandeau-new-site-Media-Tiques.jpg\",\"width\":2336,\"height\":356,\"caption\":\"M\u00e9dia-Tiques\"},\"image\":{\"@id\":\"https:\\\/\\\/francelyme.fr\\\/site\\\/mediatiques\\\/#\\\/schema\\\/logo\\\/image\\\/\"}}]}<\/script>\n<!-- \/ Yoast SEO plugin. -->","yoast_head_json":{"title":"Les bonnes pratiques avec les animaux de compagnie - M\u00e9dia-Tiques","robots":{"index":"index","follow":"follow","max-snippet":"max-snippet:-1","max-image-preview":"max-image-preview:large","max-video-preview":"max-video-preview:-1"},"canonical":"https:\/\/francelyme.fr\/site\/mediatiques\/prevention\/les-bonnes-pratiques-avec-les-animaux-de-compagnie\/","og_locale":"fr_FR","og_type":"article","og_title":"Les bonnes pratiques avec les animaux de compagnie - M\u00e9dia-Tiques","og_description":"Nos animaux de compagnie&nbsp;: chat, chien, lapin, cheval\u2026 peuvent nous transmettre les maladies \u00e0 tique suivant 2 modes : &#8211;","og_url":"https:\/\/francelyme.fr\/site\/mediatiques\/prevention\/les-bonnes-pratiques-avec-les-animaux-de-compagnie\/","og_site_name":"M\u00e9dia-Tiques","article_modified_time":"2026-02-18T16:29:18+00:00","og_image":[{"width":240,"height":160,"url":"https:\/\/francelyme.fr\/site\/mediatiques\/wp-content\/uploads\/sites\/5\/2020\/04\/Retirer-une-tique.jpg","type":"image\/jpeg"}],"twitter_card":"summary_large_image","twitter_misc":{"Dur\u00e9e de lecture estim\u00e9e":"5 minutes"},"schema":{"@context":"https:\/\/schema.org","@graph":[{"@type":"WebPage","@id":"https:\/\/francelyme.fr\/site\/mediatiques\/prevention\/les-bonnes-pratiques-avec-les-animaux-de-compagnie\/","url":"https:\/\/francelyme.fr\/site\/mediatiques\/prevention\/les-bonnes-pratiques-avec-les-animaux-de-compagnie\/","name":"Les bonnes pratiques avec les animaux de compagnie - M\u00e9dia-Tiques","isPartOf":{"@id":"https:\/\/francelyme.fr\/site\/mediatiques\/#website"},"primaryImageOfPage":{"@id":"https:\/\/francelyme.fr\/site\/mediatiques\/prevention\/les-bonnes-pratiques-avec-les-animaux-de-compagnie\/#primaryimage"},"image":{"@id":"https:\/\/francelyme.fr\/site\/mediatiques\/prevention\/les-bonnes-pratiques-avec-les-animaux-de-compagnie\/#primaryimage"},"thumbnailUrl":"https:\/\/francelyme.fr\/site\/mediatiques\/wp-content\/uploads\/sites\/5\/2020\/04\/Retirer-une-tique-150x150.jpg","datePublished":"2020-04-25T15:24:59+00:00","dateModified":"2026-02-18T16:29:18+00:00","breadcrumb":{"@id":"https:\/\/francelyme.fr\/site\/mediatiques\/prevention\/les-bonnes-pratiques-avec-les-animaux-de-compagnie\/#breadcrumb"},"inLanguage":"fr-FR","potentialAction":[{"@type":"ReadAction","target":["https:\/\/francelyme.fr\/site\/mediatiques\/prevention\/les-bonnes-pratiques-avec-les-animaux-de-compagnie\/"]}]},{"@type":"ImageObject","inLanguage":"fr-FR","@id":"https:\/\/francelyme.fr\/site\/mediatiques\/prevention\/les-bonnes-pratiques-avec-les-animaux-de-compagnie\/#primaryimage","url":"https:\/\/francelyme.fr\/site\/mediatiques\/wp-content\/uploads\/sites\/5\/2020\/04\/Retirer-une-tique.jpg","contentUrl":"https:\/\/francelyme.fr\/site\/mediatiques\/wp-content\/uploads\/sites\/5\/2020\/04\/Retirer-une-tique.jpg","width":240,"height":160},{"@type":"BreadcrumbList","@id":"https:\/\/francelyme.fr\/site\/mediatiques\/prevention\/les-bonnes-pratiques-avec-les-animaux-de-compagnie\/#breadcrumb","itemListElement":[{"@type":"ListItem","position":1,"name":"Accueil","item":"https:\/\/francelyme.fr\/site\/mediatiques\/"},{"@type":"ListItem","position":2,"name":"Pr\u00e9vention","item":"https:\/\/francelyme.fr\/site\/mediatiques\/prevention\/"},{"@type":"ListItem","position":3,"name":"Les bonnes pratiques avec les animaux de compagnie"}]},{"@type":"WebSite","@id":"https:\/\/francelyme.fr\/site\/mediatiques\/#website","url":"https:\/\/francelyme.fr\/site\/mediatiques\/","name":"M\u00e9dia-Tiques","description":"Portail d&#039;information sur les tiques et les maladies associ\u00e9es","publisher":{"@id":"https:\/\/francelyme.fr\/site\/mediatiques\/#organization"},"potentialAction":[{"@type":"SearchAction","target":{"@type":"EntryPoint","urlTemplate":"https:\/\/francelyme.fr\/site\/mediatiques\/?s={search_term_string}"},"query-input":{"@type":"PropertyValueSpecification","valueRequired":true,"valueName":"search_term_string"}}],"inLanguage":"fr-FR"},{"@type":"Organization","@id":"https:\/\/francelyme.fr\/site\/mediatiques\/#organization","name":"M\u00e9dia-Tiques","url":"https:\/\/francelyme.fr\/site\/mediatiques\/","logo":{"@type":"ImageObject","inLanguage":"fr-FR","@id":"https:\/\/francelyme.fr\/site\/mediatiques\/#\/schema\/logo\/image\/","url":"https:\/\/francelyme.fr\/site\/mediatiques\/wp-content\/uploads\/sites\/5\/2019\/06\/Logo-bandeau-new-site-Media-Tiques.jpg","contentUrl":"https:\/\/francelyme.fr\/site\/mediatiques\/wp-content\/uploads\/sites\/5\/2019\/06\/Logo-bandeau-new-site-Media-Tiques.jpg","width":2336,"height":356,"caption":"M\u00e9dia-Tiques"},"image":{"@id":"https:\/\/francelyme.fr\/site\/mediatiques\/#\/schema\/logo\/image\/"}}]}},"_links":{"self":[{"href":"https:\/\/francelyme.fr\/site\/mediatiques\/wp-json\/wp\/v2\/pages\/1433","targetHints":{"allow":["GET"]}}],"collection":[{"href":"https:\/\/francelyme.fr\/site\/mediatiques\/wp-json\/wp\/v2\/pages"}],"about":[{"href":"https:\/\/francelyme.fr\/site\/mediatiques\/wp-json\/wp\/v2\/types\/page"}],"author":[{"embeddable":true,"href":"https:\/\/francelyme.fr\/site\/mediatiques\/wp-json\/wp\/v2\/users\/1"}],"replies":[{"embeddable":true,"href":"https:\/\/francelyme.fr\/site\/mediatiques\/wp-json\/wp\/v2\/comments?post=1433"}],"version-history":[{"count":18,"href":"https:\/\/francelyme.fr\/site\/mediatiques\/wp-json\/wp\/v2\/pages\/1433\/revisions"}],"predecessor-version":[{"id":2595,"href":"https:\/\/francelyme.fr\/site\/mediatiques\/wp-json\/wp\/v2\/pages\/1433\/revisions\/2595"}],"up":[{"embeddable":true,"href":"https:\/\/francelyme.fr\/site\/mediatiques\/wp-json\/wp\/v2\/pages\/970"}],"wp:attachment":[{"href":"https:\/\/francelyme.fr\/site\/mediatiques\/wp-json\/wp\/v2\/media?parent=1433"}],"curies":[{"name":"wp","href":"https:\/\/api.w.org\/{rel}","templated":true}]}}