{"id":207,"date":"2019-06-08T10:14:03","date_gmt":"2019-06-08T08:14:03","guid":{"rendered":"http:\/\/francelyme.fr\/mediatiques\/?page_id=207"},"modified":"2026-02-18T16:46:59","modified_gmt":"2026-02-18T15:46:59","slug":"que-faire-en-cas-de-piqure","status":"publish","type":"page","link":"https:\/\/francelyme.fr\/site\/mediatiques\/prevention\/que-faire-en-cas-de-piqure\/","title":{"rendered":"Que faire en cas de morsure de tique?"},"content":{"rendered":"\n<!-- Facebook Like Button Vivacity Infotech BEGIN -->\n<div class=\"fb-like\" data-href=\"https:\/\/francelyme.fr\/site\/mediatiques\/prevention\/que-faire-en-cas-de-piqure\/\" data-layout=\"button_count\" data-action=\"like\" data-show-faces=\"false\" data-size=\"large\" data-width=\"450\" data-share=\"1\" ><\/div>\n<!-- Facebook Like Button Vivacity Infotech END -->\n<div id=\"fb-root\"><\/div>\n\n<p class=\"has-vivid-green-cyan-color has-text-color has-medium-font-size\">Pas de panique, toutes les tiques ne sont pas vectrices de maladies.<\/p>\n\n\n\n<h4 class=\"wp-block-heading has-luminous-vivid-orange-color has-text-color\" id=\"methode\">\u00c9liminez la ou les tiques le plus rapidement possible, en suivant cette m\u00e9thode : <\/h4>\n\n\n\n<p><strong>Attention \u00e0 ne pas utiliser d&rsquo;alcool, d&rsquo;\u00e9ther ou d&rsquo;huile sur la tique pour l&rsquo;endormir ou l\u2019asphyxier, car il y a un risque que la tique r\u00e9gurgite le contenu de son estomac et que cela augmente le risque d\u2019infection.<\/strong><\/p>\n\n\n\n<ul class=\"wp-block-list\">\n<li>Saisir la t\u00eate de la tique \u00e0 l\u2019aide d\u2019un <strong>tire-tique<\/strong> (disponibles en pharmacie, chez le v\u00e9t\u00e9rinaire), d&rsquo;un Nymphia (pour les nymphes) ou d&rsquo;une<strong> carte \u00e0 tique<\/strong><\/li>\n<\/ul>\n\n\n\n<figure class=\"wp-block-gallery has-nested-images columns-default is-cropped wp-block-gallery-1 is-layout-flex wp-block-gallery-is-layout-flex\">\n<figure class=\"wp-block-image size-large\"><img loading=\"lazy\" decoding=\"async\" width=\"225\" height=\"187\" data-id=\"963\" src=\"https:\/\/francelyme.fr\/site\/mediatiques\/wp-content\/uploads\/sites\/5\/2019\/06\/tire-tique-1.png\" alt=\"\" class=\"wp-image-963\"\/><figcaption class=\"wp-element-caption\">Tire-tique<\/figcaption><\/figure>\n\n\n\n<figure class=\"wp-block-image size-large\"><img loading=\"lazy\" decoding=\"async\" width=\"143\" height=\"125\" data-id=\"924\" src=\"https:\/\/francelyme.fr\/site\/mediatiques\/wp-content\/uploads\/sites\/5\/2019\/06\/Nymphia.png\" alt=\"\" class=\"wp-image-924\"\/><figcaption class=\"wp-element-caption\">Nymphia<\/figcaption><\/figure>\n\n\n\n<figure class=\"wp-block-image size-large\"><img loading=\"lazy\" decoding=\"async\" width=\"224\" height=\"233\" data-id=\"925\" src=\"https:\/\/francelyme.fr\/site\/mediatiques\/wp-content\/uploads\/sites\/5\/2019\/06\/carte-\u00e0-tique.png\" alt=\"\" class=\"wp-image-925\"\/><figcaption class=\"wp-element-caption\">Carte \u00e0 tique<\/figcaption><\/figure>\n<\/figure>\n\n\n\n<ul class=\"wp-block-list\">\n<li>Extraire la tique au plus pr\u00e8s de la peau en la tournant l\u00e9g\u00e8rement, de mani\u00e8re \u00e0 ne pas laisser la t\u00eate et le rostre dans et\/ou sous la peau<\/li>\n<\/ul>\n\n\n\n<figure class=\"wp-block-embed is-type-video is-provider-dailymotion wp-block-embed-dailymotion wp-embed-aspect-4-3 wp-has-aspect-ratio\"><div class=\"wp-block-embed__wrapper\">\n<iframe loading=\"lazy\" title=\"Tick removal with O&#039;TOM Tick Twister\" frameborder=\"0\" width=\"800\" height=\"600\" src=\"https:\/\/geo.dailymotion.com\/player.html?video=xe1ip9&#038;\" allowfullscreen allow=\"autoplay; fullscreen; picture-in-picture; web-share\"><\/iframe>\n<\/div><figcaption class=\"wp-element-caption\"> <a rel=\"noreferrer noopener\" href=\"https:\/\/www.dailymotion.com\/video\/xe1ip9_tick-removal-with-o-tom-tick-twiste_animals\" target=\"_blank\">Tick removal with O\u2019TOM Tick Twister, <em>par H3D<\/em><\/a> <\/figcaption><\/figure>\n\n\n\n<p><strong>Nymphia <\/strong>: Pour retirer les nymphes, il existe un petit outil valid\u00e9 par l&rsquo;Institut  Robert-Koch, (l&rsquo;\u00e9tablissement allemand responsable \u00e0 l&rsquo;\u00e9chelon f\u00e9d\u00e9ral  du contr\u00f4le et de la lutte contre les maladies) et recommand\u00e9 par la  Soci\u00e9t\u00e9 Borreliose allemande.<br> Nous n&rsquo;avons pas cet outil en France. Il est possible de le commander <a href=\"https:\/\/www.medizinfuchs.de\/preisvergleich\/nymphia-zeckenentferner-1-st-inkosmia-gmbh-cie.-kg-pzn-6455799.html\">en ligne sur ce lien<\/a>.<br>La video de d\u00e9monstration de l&rsquo;utilisation du Nymphia<\/p>\n\n\n\n<figure class=\"wp-block-embed aligncenter is-type-video is-provider-youtube wp-block-embed-youtube wp-embed-aspect-4-3 wp-has-aspect-ratio\"><div class=\"wp-block-embed__wrapper\">\n<iframe loading=\"lazy\" title=\"Nymphia Zeckenentferner.flv\" width=\"800\" height=\"600\" src=\"https:\/\/www.youtube.com\/embed\/9WWWg4793hg?feature=oembed\" frameborder=\"0\" allow=\"accelerometer; autoplay; clipboard-write; encrypted-media; gyroscope; picture-in-picture; web-share\" referrerpolicy=\"strict-origin-when-cross-origin\" allowfullscreen><\/iframe>\n<\/div><\/figure>\n\n\n\n<ul class=\"wp-block-list\">\n<li> D\u00e9sinfecter convenablement la plaie de l&rsquo;eau oxyg\u00e9n\u00e9e, passer \u00e9galement la pince \u00e0 l\u2019alcool et se laver correctement les mains<\/li>\n<\/ul>\n\n\n\n<p>Il est recommand\u00e9 de :<\/p>\n\n\n\n<ul class=\"wp-block-list\">\n<li>noter dans le <strong>dossier m\u00e9dical <\/strong>(et dans le carnet de <a href=\"https:\/\/francelyme.fr\/site\/mediatiques\/malades\/enfants\/\">sant\u00e9 des enfants<\/a>) la notion de piq\u00fbre de tique (date, localisation anatomique), <\/li>\n\n\n\n<li>de prendre des <strong>photos <\/strong>(et de le faire pour documenter l\u2019\u00e9volution \u00e0 plusieurs jours d&rsquo;intervalle), avant d&rsquo;enlever la tique, apr\u00e8s l&rsquo;avoir enlev\u00e9e et aussi pour tout sympt\u00f4me dermatologique (<a href=\"https:\/\/francelyme.fr\/site\/mediatiques\/symptomes\/#migrant\">\u00e9ryth\u00e8me migrant<\/a>),<\/li>\n\n\n\n<li>de noter la <strong>localisation g\u00e9ographique<\/strong>,<\/li>\n\n\n\n<li>de garder la tique dans une petite boite herm\u00e9tique.<\/li>\n<\/ul>\n\n\n\n<h4 class=\"wp-block-heading has-luminous-vivid-orange-color has-text-color\" id=\"tique\"><br>A quoi ressemble un \u00e9ryth\u00e8me migrant ?<\/h4>\n\n\n\n<div class=\"wp-block-media-text is-stacked-on-mobile\" style=\"grid-template-columns:21% auto\"><figure class=\"wp-block-media-text__media\"><img loading=\"lazy\" decoding=\"async\" width=\"290\" height=\"208\" src=\"https:\/\/francelyme.fr\/site\/mediatiques\/wp-content\/uploads\/sites\/5\/2019\/06\/erytheme-migrant-2.png\" alt=\"\" class=\"wp-image-921 size-full\"\/><\/figure><div class=\"wp-block-media-text__content\">\n<p>L&rsquo;\u00e9ryth\u00e8me migrant se caract\u00e9ristique par une t\u00e2che rouge qui grandit le plus souvent, avec une forme de cible en double cercle concentrique.<br>Tous les \u00e9ryth\u00e8mes migrants n&rsquo;ont pas cette forme th\u00e9orique caract\u00e9ristique.<br>Il peut aussi \u00eatre dans une zone inaccessible comme le cuir chevelu ou le dos.<\/p>\n<\/div><\/div>\n\n\n\n<h4 class=\"wp-block-heading has-luminous-vivid-orange-color has-text-color\" id=\"tique\"><br>Que faire de la tique?<\/h4>\n\n\n\n<ul class=\"wp-block-list\">\n<li>Br\u00fbler la tique pour d\u00e9truire les bact\u00e9ries, virus\u2026 <\/li>\n\n\n\n<li>L\u2019envoyer \u00e0 Citique pour aider la recherche, la cartographie des sites de morsures en France, la cartographie des sites de vie des tiques, &#8230;<\/li>\n\n\n\n<li>La faire analyser par un laboratoire pour conna\u00eetre les pathog\u00e8nes qu&rsquo;elle porte<\/li>\n<\/ul>\n\n\n\n<h4 class=\"wp-block-heading has-luminous-vivid-orange-color has-text-color\" id=\"important\"> <br>Il est important de &#8230;<\/h4>\n\n\n\n<ul class=\"wp-block-list\">\n<li>D\u00e9clarer la morsure sur <a href=\"https:\/\/www.citique.fr\/signalement-tique\/\">l&rsquo;application Signalement-tique<\/a> \u00e0 travers l&rsquo;application mobile, le site internet ou le formulaire papier.<\/li>\n<\/ul>\n\n\n\n<figure class=\"wp-block-image aligncenter is-resized\"><img loading=\"lazy\" decoding=\"async\" width=\"858\" height=\"480\" src=\"http:\/\/francelyme.fr\/site\/mediatiques\/wp-content\/uploads\/sites\/5\/2019\/06\/Signalement-tique.jpg\" alt=\"\" class=\"wp-image-929\" style=\"width:352px;height:197px\" srcset=\"https:\/\/francelyme.fr\/site\/mediatiques\/wp-content\/uploads\/sites\/5\/2019\/06\/Signalement-tique.jpg 858w, https:\/\/francelyme.fr\/site\/mediatiques\/wp-content\/uploads\/sites\/5\/2019\/06\/Signalement-tique-300x168.jpg 300w, https:\/\/francelyme.fr\/site\/mediatiques\/wp-content\/uploads\/sites\/5\/2019\/06\/Signalement-tique-768x430.jpg 768w\" sizes=\"auto, (max-width: 858px) 100vw, 858px\" \/><\/figure>\n\n\n\n<ul class=\"wp-block-list\">\n<li>Envoyer la tique \u00e0 l&rsquo;INRAE :  Programme CiTIQUE &#8211; laboratoire tous chercheurs INRAE Nancy &#8211; route d&rsquo;Amance 54280 Champenoux <\/li>\n<\/ul>\n\n\n\n<h4 class=\"wp-block-heading has-luminous-vivid-orange-color has-text-color\" id=\"surveiller\"><br>Il y a besoin de surveiller tout sympt\u00f4me inhabituel<\/h4>\n\n\n\n<p>Le premier signe de la maladie est habituellement une l\u00e9sion dermatologique, appel\u00e9e <strong><a href=\"https:\/\/francelyme.fr\/site\/mediatiques\/symptomes\/#migrant\">\u00e9ryth\u00e8me migrant<\/a><\/strong>. D\u00e8s son apparition, m\u00eame sans souvenir de piq\u00fbre(s) de tiques, consultez un m\u00e9decin afin que celui ci vous prescrive un traitement adapt\u00e9. <\/p>\n\n\n\n<p>En plus d\u2019une \u00e9volution du point de piq\u00fbre (\u00e9ryth\u00e8me migrant dans la borr\u00e9liose de Lyme, tache noire dans d\u2019autres MVT, etc.), les signes cliniques et sympt\u00f4mes \u00e0 surveiller dans les semaines, les ann\u00e9es qui suivent une piq\u00fbre de tique sont notamment :<br> &#8211; sympt\u00f4mes g\u00e9n\u00e9raux : douleurs, fi\u00e8vre, fatigue inexpliqu\u00e9e ;<br> &#8211; signes et sympt\u00f4mes focaux : atteinte dermatologique (\u00e9ryth\u00e8me migrant ailleurs qu\u2019au site de piq\u00fbre), articulaire, neurologique, etc&#8230;<\/p>\n\n\n\n<div class=\"wp-block-button aligncenter\"><a class=\"wp-block-button__link wp-element-button\" href=\"https:\/\/francelyme.fr\/site\/mediatiques\/malades\/symptomes\/\">Quels sont les sympt\u00f4mes des Maladies Vectorielles \u00e0 Tiques (MVT) ?<\/a><\/div>\n\n\n\n<p>Le diagnostic est avant tout clinique ; la biologie \u00e9tant contributive. Une s\u00e9rologie ne peut pas \u00eatre r\u00e9alis\u00e9e avant 2 mois apr\u00e8s la morsure de tique car les anticorps ont besoin de temps pour \u00eatre fabriqu\u00e9s par le corps<\/p>\n\n\n\n<div class=\"wp-block-button aligncenter\"><a class=\"wp-block-button__link wp-element-button\" href=\"https:\/\/francelyme.fr\/site\/mediatiques\/malades\/diagnostic-et-analyses-de-laboratoire\/\">Les analyses de laboratoires : s&rsquo;y retrouver<\/a><\/div>\n\n\n\n<h4 class=\"wp-block-heading has-luminous-vivid-orange-color has-text-color\" id=\"surveiller\">Pour information : <\/h4>\n\n\n\n<p>&#8211; <strong>Recommandation HAS en France<\/strong> : La <a href=\"https:\/\/www.has-sante.fr\/portail\/upload\/docs\/application\/pdf\/2018-06\/reco266_rbp_borreliose_de_lyme_cd_2018_06_13__recommandations.pdf\">Recommandation de Bonne Pratique de f\u00e9vrier 2025<\/a> de la Haute Autorit\u00e9 de Sant\u00e9 ne recommande pas une prise d&rsquo;antibiotiques (cf page 15) pour une morsure de tique sans \u00e9ryth\u00e8me migrant.<\/p>\n\n\n\n<p>&gt; <a href=\"https:\/\/francelyme.fr\/site\/mediatiques\/malades\/enfants\/\">Page du site sur les enfants<\/a> <br>&gt; <a href=\"https:\/\/francelyme.fr\/site\/mediatiques\/malades\/traitement\/#plus\">Et plus &#8230;<\/a><\/p>\n\n\n\n<ul class=\"wp-block-list\">\n<li><a href=\"http:\/\/francelyme.fr\/site\/mediatiques\/se-proteger-des-tiques\/\">Se prot\u00e9ger des tiques<\/a> <\/li>\n\n\n\n<li><a href=\"https:\/\/francelyme.fr\/site\/mediatiques\/les-bonnes-pratiques-au-jardin\/\">Les bonnes pratiques au jardin<\/a><\/li>\n\n\n\n<li><a href=\"http:\/\/francelyme.fr\/site\/mediatiques\/les-bonnes-pratiques-en-balade\/\">Les bonnes pratiques en sortie nature <\/a><\/li>\n\n\n\n<li><a href=\"https:\/\/francelyme.fr\/site\/mediatiques\/les-bonnes-pratiques-avec-les-animaux-de-compagnie\/\">Les bonnes pratiques avec les animaux de compagnie<\/a> <\/li>\n\n\n\n<li><a href=\"https:\/\/francelyme.fr\/site\/prevention\/\">Nos documents de pr\u00e9vention<\/a> <\/li>\n<\/ul>\n\n\n\n<p class=\"has-text-align-right\"><a href=\"https:\/\/francelyme.fr\/site\/mediatiques\/prevention\/que-faire-en-cas-de-piqure\/\">Haut<\/a><\/p>\n\n<!-- Facebook Like Button Vivacity Infotech BEGIN -->\n<div class=\"fb-like\" data-href=\"https:\/\/francelyme.fr\/site\/mediatiques\/prevention\/que-faire-en-cas-de-piqure\/\" data-layout=\"button_count\" data-action=\"like\" data-show-faces=\"false\" data-size=\"large\" data-width=\"450\" data-share=\"1\" ><\/div>\n<!-- Facebook Like Button Vivacity Infotech END -->\n","protected":false},"excerpt":{"rendered":"<p>Pas de panique, toutes les tiques ne sont pas vectrices de maladies. \u00c9liminez la ou les tiques le plus rapidement<\/p>\n","protected":false},"author":1,"featured_media":1250,"parent":970,"menu_order":0,"comment_status":"closed","ping_status":"closed","template":"","meta":{"colormag_page_container_layout":"default_layout","colormag_page_sidebar_layout":"default_layout","_mc_calendar":[],"footnotes":""},"class_list":["post-207","page","type-page","status-publish","has-post-thumbnail","hentry"],"yoast_head":"<!-- This site is optimized with the Yoast SEO plugin v27.3 - https:\/\/yoast.com\/product\/yoast-seo-wordpress\/ -->\n<title>Que faire en cas de morsure de tique? - M\u00e9dia-Tiques<\/title>\n<meta name=\"robots\" content=\"index, follow, max-snippet:-1, max-image-preview:large, max-video-preview:-1\" \/>\n<link rel=\"canonical\" href=\"https:\/\/francelyme.fr\/site\/mediatiques\/prevention\/que-faire-en-cas-de-piqure\/\" \/>\n<meta property=\"og:locale\" content=\"fr_FR\" \/>\n<meta property=\"og:type\" content=\"article\" \/>\n<meta property=\"og:title\" content=\"Que faire en cas de morsure de tique? - M\u00e9dia-Tiques\" \/>\n<meta property=\"og:description\" content=\"Pas de panique, toutes les tiques ne sont pas vectrices de maladies. \u00c9liminez la ou les tiques le plus rapidement\" \/>\n<meta property=\"og:url\" content=\"https:\/\/francelyme.fr\/site\/mediatiques\/prevention\/que-faire-en-cas-de-piqure\/\" \/>\n<meta property=\"og:site_name\" content=\"M\u00e9dia-Tiques\" \/>\n<meta property=\"article:modified_time\" content=\"2026-02-18T15:46:59+00:00\" \/>\n<meta property=\"og:image\" content=\"https:\/\/francelyme.fr\/site\/mediatiques\/wp-content\/uploads\/sites\/5\/2019\/07\/stefanegautier.free_tique-ixodes-ricinus-2011-04-07-015076-jeune-main-search-tique-ixodes-ricinus.jpg\" \/>\n\t<meta property=\"og:image:width\" content=\"700\" \/>\n\t<meta property=\"og:image:height\" content=\"467\" \/>\n\t<meta property=\"og:image:type\" content=\"image\/jpeg\" \/>\n<meta name=\"twitter:card\" content=\"summary_large_image\" \/>\n<meta name=\"twitter:label1\" content=\"Dur\u00e9e de lecture estim\u00e9e\" \/>\n\t<meta name=\"twitter:data1\" content=\"5 minutes\" \/>\n<script type=\"application\/ld+json\" class=\"yoast-schema-graph\">{\"@context\":\"https:\\\/\\\/schema.org\",\"@graph\":[{\"@type\":\"WebPage\",\"@id\":\"https:\\\/\\\/francelyme.fr\\\/site\\\/mediatiques\\\/prevention\\\/que-faire-en-cas-de-piqure\\\/\",\"url\":\"https:\\\/\\\/francelyme.fr\\\/site\\\/mediatiques\\\/prevention\\\/que-faire-en-cas-de-piqure\\\/\",\"name\":\"Que faire en cas de morsure de tique? - M\u00e9dia-Tiques\",\"isPartOf\":{\"@id\":\"https:\\\/\\\/francelyme.fr\\\/site\\\/mediatiques\\\/#website\"},\"primaryImageOfPage\":{\"@id\":\"https:\\\/\\\/francelyme.fr\\\/site\\\/mediatiques\\\/prevention\\\/que-faire-en-cas-de-piqure\\\/#primaryimage\"},\"image\":{\"@id\":\"https:\\\/\\\/francelyme.fr\\\/site\\\/mediatiques\\\/prevention\\\/que-faire-en-cas-de-piqure\\\/#primaryimage\"},\"thumbnailUrl\":\"https:\\\/\\\/francelyme.fr\\\/site\\\/mediatiques\\\/wp-content\\\/uploads\\\/sites\\\/5\\\/2019\\\/07\\\/stefanegautier.free_tique-ixodes-ricinus-2011-04-07-015076-jeune-main-search-tique-ixodes-ricinus.jpg\",\"datePublished\":\"2019-06-08T08:14:03+00:00\",\"dateModified\":\"2026-02-18T15:46:59+00:00\",\"breadcrumb\":{\"@id\":\"https:\\\/\\\/francelyme.fr\\\/site\\\/mediatiques\\\/prevention\\\/que-faire-en-cas-de-piqure\\\/#breadcrumb\"},\"inLanguage\":\"fr-FR\",\"potentialAction\":[{\"@type\":\"ReadAction\",\"target\":[\"https:\\\/\\\/francelyme.fr\\\/site\\\/mediatiques\\\/prevention\\\/que-faire-en-cas-de-piqure\\\/\"]}]},{\"@type\":\"ImageObject\",\"inLanguage\":\"fr-FR\",\"@id\":\"https:\\\/\\\/francelyme.fr\\\/site\\\/mediatiques\\\/prevention\\\/que-faire-en-cas-de-piqure\\\/#primaryimage\",\"url\":\"https:\\\/\\\/francelyme.fr\\\/site\\\/mediatiques\\\/wp-content\\\/uploads\\\/sites\\\/5\\\/2019\\\/07\\\/stefanegautier.free_tique-ixodes-ricinus-2011-04-07-015076-jeune-main-search-tique-ixodes-ricinus.jpg\",\"contentUrl\":\"https:\\\/\\\/francelyme.fr\\\/site\\\/mediatiques\\\/wp-content\\\/uploads\\\/sites\\\/5\\\/2019\\\/07\\\/stefanegautier.free_tique-ixodes-ricinus-2011-04-07-015076-jeune-main-search-tique-ixodes-ricinus.jpg\",\"width\":700,\"height\":467},{\"@type\":\"BreadcrumbList\",\"@id\":\"https:\\\/\\\/francelyme.fr\\\/site\\\/mediatiques\\\/prevention\\\/que-faire-en-cas-de-piqure\\\/#breadcrumb\",\"itemListElement\":[{\"@type\":\"ListItem\",\"position\":1,\"name\":\"Accueil\",\"item\":\"https:\\\/\\\/francelyme.fr\\\/site\\\/mediatiques\\\/\"},{\"@type\":\"ListItem\",\"position\":2,\"name\":\"Pr\u00e9vention\",\"item\":\"https:\\\/\\\/francelyme.fr\\\/site\\\/mediatiques\\\/prevention\\\/\"},{\"@type\":\"ListItem\",\"position\":3,\"name\":\"Que faire en cas de morsure de tique?\"}]},{\"@type\":\"WebSite\",\"@id\":\"https:\\\/\\\/francelyme.fr\\\/site\\\/mediatiques\\\/#website\",\"url\":\"https:\\\/\\\/francelyme.fr\\\/site\\\/mediatiques\\\/\",\"name\":\"M\u00e9dia-Tiques\",\"description\":\"Portail d&#039;information sur les tiques et les maladies associ\u00e9es\",\"publisher\":{\"@id\":\"https:\\\/\\\/francelyme.fr\\\/site\\\/mediatiques\\\/#organization\"},\"potentialAction\":[{\"@type\":\"SearchAction\",\"target\":{\"@type\":\"EntryPoint\",\"urlTemplate\":\"https:\\\/\\\/francelyme.fr\\\/site\\\/mediatiques\\\/?s={search_term_string}\"},\"query-input\":{\"@type\":\"PropertyValueSpecification\",\"valueRequired\":true,\"valueName\":\"search_term_string\"}}],\"inLanguage\":\"fr-FR\"},{\"@type\":\"Organization\",\"@id\":\"https:\\\/\\\/francelyme.fr\\\/site\\\/mediatiques\\\/#organization\",\"name\":\"M\u00e9dia-Tiques\",\"url\":\"https:\\\/\\\/francelyme.fr\\\/site\\\/mediatiques\\\/\",\"logo\":{\"@type\":\"ImageObject\",\"inLanguage\":\"fr-FR\",\"@id\":\"https:\\\/\\\/francelyme.fr\\\/site\\\/mediatiques\\\/#\\\/schema\\\/logo\\\/image\\\/\",\"url\":\"https:\\\/\\\/francelyme.fr\\\/site\\\/mediatiques\\\/wp-content\\\/uploads\\\/sites\\\/5\\\/2019\\\/06\\\/Logo-bandeau-new-site-Media-Tiques.jpg\",\"contentUrl\":\"https:\\\/\\\/francelyme.fr\\\/site\\\/mediatiques\\\/wp-content\\\/uploads\\\/sites\\\/5\\\/2019\\\/06\\\/Logo-bandeau-new-site-Media-Tiques.jpg\",\"width\":2336,\"height\":356,\"caption\":\"M\u00e9dia-Tiques\"},\"image\":{\"@id\":\"https:\\\/\\\/francelyme.fr\\\/site\\\/mediatiques\\\/#\\\/schema\\\/logo\\\/image\\\/\"}}]}<\/script>\n<!-- \/ Yoast SEO plugin. -->","yoast_head_json":{"title":"Que faire en cas de morsure de tique? - M\u00e9dia-Tiques","robots":{"index":"index","follow":"follow","max-snippet":"max-snippet:-1","max-image-preview":"max-image-preview:large","max-video-preview":"max-video-preview:-1"},"canonical":"https:\/\/francelyme.fr\/site\/mediatiques\/prevention\/que-faire-en-cas-de-piqure\/","og_locale":"fr_FR","og_type":"article","og_title":"Que faire en cas de morsure de tique? - M\u00e9dia-Tiques","og_description":"Pas de panique, toutes les tiques ne sont pas vectrices de maladies. \u00c9liminez la ou les tiques le plus rapidement","og_url":"https:\/\/francelyme.fr\/site\/mediatiques\/prevention\/que-faire-en-cas-de-piqure\/","og_site_name":"M\u00e9dia-Tiques","article_modified_time":"2026-02-18T15:46:59+00:00","og_image":[{"width":700,"height":467,"url":"https:\/\/francelyme.fr\/site\/mediatiques\/wp-content\/uploads\/sites\/5\/2019\/07\/stefanegautier.free_tique-ixodes-ricinus-2011-04-07-015076-jeune-main-search-tique-ixodes-ricinus.jpg","type":"image\/jpeg"}],"twitter_card":"summary_large_image","twitter_misc":{"Dur\u00e9e de lecture estim\u00e9e":"5 minutes"},"schema":{"@context":"https:\/\/schema.org","@graph":[{"@type":"WebPage","@id":"https:\/\/francelyme.fr\/site\/mediatiques\/prevention\/que-faire-en-cas-de-piqure\/","url":"https:\/\/francelyme.fr\/site\/mediatiques\/prevention\/que-faire-en-cas-de-piqure\/","name":"Que faire en cas de morsure de tique? - M\u00e9dia-Tiques","isPartOf":{"@id":"https:\/\/francelyme.fr\/site\/mediatiques\/#website"},"primaryImageOfPage":{"@id":"https:\/\/francelyme.fr\/site\/mediatiques\/prevention\/que-faire-en-cas-de-piqure\/#primaryimage"},"image":{"@id":"https:\/\/francelyme.fr\/site\/mediatiques\/prevention\/que-faire-en-cas-de-piqure\/#primaryimage"},"thumbnailUrl":"https:\/\/francelyme.fr\/site\/mediatiques\/wp-content\/uploads\/sites\/5\/2019\/07\/stefanegautier.free_tique-ixodes-ricinus-2011-04-07-015076-jeune-main-search-tique-ixodes-ricinus.jpg","datePublished":"2019-06-08T08:14:03+00:00","dateModified":"2026-02-18T15:46:59+00:00","breadcrumb":{"@id":"https:\/\/francelyme.fr\/site\/mediatiques\/prevention\/que-faire-en-cas-de-piqure\/#breadcrumb"},"inLanguage":"fr-FR","potentialAction":[{"@type":"ReadAction","target":["https:\/\/francelyme.fr\/site\/mediatiques\/prevention\/que-faire-en-cas-de-piqure\/"]}]},{"@type":"ImageObject","inLanguage":"fr-FR","@id":"https:\/\/francelyme.fr\/site\/mediatiques\/prevention\/que-faire-en-cas-de-piqure\/#primaryimage","url":"https:\/\/francelyme.fr\/site\/mediatiques\/wp-content\/uploads\/sites\/5\/2019\/07\/stefanegautier.free_tique-ixodes-ricinus-2011-04-07-015076-jeune-main-search-tique-ixodes-ricinus.jpg","contentUrl":"https:\/\/francelyme.fr\/site\/mediatiques\/wp-content\/uploads\/sites\/5\/2019\/07\/stefanegautier.free_tique-ixodes-ricinus-2011-04-07-015076-jeune-main-search-tique-ixodes-ricinus.jpg","width":700,"height":467},{"@type":"BreadcrumbList","@id":"https:\/\/francelyme.fr\/site\/mediatiques\/prevention\/que-faire-en-cas-de-piqure\/#breadcrumb","itemListElement":[{"@type":"ListItem","position":1,"name":"Accueil","item":"https:\/\/francelyme.fr\/site\/mediatiques\/"},{"@type":"ListItem","position":2,"name":"Pr\u00e9vention","item":"https:\/\/francelyme.fr\/site\/mediatiques\/prevention\/"},{"@type":"ListItem","position":3,"name":"Que faire en cas de morsure de tique?"}]},{"@type":"WebSite","@id":"https:\/\/francelyme.fr\/site\/mediatiques\/#website","url":"https:\/\/francelyme.fr\/site\/mediatiques\/","name":"M\u00e9dia-Tiques","description":"Portail d&#039;information sur les tiques et les maladies associ\u00e9es","publisher":{"@id":"https:\/\/francelyme.fr\/site\/mediatiques\/#organization"},"potentialAction":[{"@type":"SearchAction","target":{"@type":"EntryPoint","urlTemplate":"https:\/\/francelyme.fr\/site\/mediatiques\/?s={search_term_string}"},"query-input":{"@type":"PropertyValueSpecification","valueRequired":true,"valueName":"search_term_string"}}],"inLanguage":"fr-FR"},{"@type":"Organization","@id":"https:\/\/francelyme.fr\/site\/mediatiques\/#organization","name":"M\u00e9dia-Tiques","url":"https:\/\/francelyme.fr\/site\/mediatiques\/","logo":{"@type":"ImageObject","inLanguage":"fr-FR","@id":"https:\/\/francelyme.fr\/site\/mediatiques\/#\/schema\/logo\/image\/","url":"https:\/\/francelyme.fr\/site\/mediatiques\/wp-content\/uploads\/sites\/5\/2019\/06\/Logo-bandeau-new-site-Media-Tiques.jpg","contentUrl":"https:\/\/francelyme.fr\/site\/mediatiques\/wp-content\/uploads\/sites\/5\/2019\/06\/Logo-bandeau-new-site-Media-Tiques.jpg","width":2336,"height":356,"caption":"M\u00e9dia-Tiques"},"image":{"@id":"https:\/\/francelyme.fr\/site\/mediatiques\/#\/schema\/logo\/image\/"}}]}},"_links":{"self":[{"href":"https:\/\/francelyme.fr\/site\/mediatiques\/wp-json\/wp\/v2\/pages\/207","targetHints":{"allow":["GET"]}}],"collection":[{"href":"https:\/\/francelyme.fr\/site\/mediatiques\/wp-json\/wp\/v2\/pages"}],"about":[{"href":"https:\/\/francelyme.fr\/site\/mediatiques\/wp-json\/wp\/v2\/types\/page"}],"author":[{"embeddable":true,"href":"https:\/\/francelyme.fr\/site\/mediatiques\/wp-json\/wp\/v2\/users\/1"}],"replies":[{"embeddable":true,"href":"https:\/\/francelyme.fr\/site\/mediatiques\/wp-json\/wp\/v2\/comments?post=207"}],"version-history":[{"count":39,"href":"https:\/\/francelyme.fr\/site\/mediatiques\/wp-json\/wp\/v2\/pages\/207\/revisions"}],"predecessor-version":[{"id":2588,"href":"https:\/\/francelyme.fr\/site\/mediatiques\/wp-json\/wp\/v2\/pages\/207\/revisions\/2588"}],"up":[{"embeddable":true,"href":"https:\/\/francelyme.fr\/site\/mediatiques\/wp-json\/wp\/v2\/pages\/970"}],"wp:featuredmedia":[{"embeddable":true,"href":"https:\/\/francelyme.fr\/site\/mediatiques\/wp-json\/wp\/v2\/media\/1250"}],"wp:attachment":[{"href":"https:\/\/francelyme.fr\/site\/mediatiques\/wp-json\/wp\/v2\/media?parent=207"}],"curies":[{"name":"wp","href":"https:\/\/api.w.org\/{rel}","templated":true}]}}