{"id":215,"date":"2019-06-08T10:16:36","date_gmt":"2019-06-08T08:16:36","guid":{"rendered":"http:\/\/francelyme.fr\/mediatiques\/?page_id=215"},"modified":"2025-10-21T19:07:44","modified_gmt":"2025-10-21T17:07:44","slug":"la-maladie-de-lyme-comme-maladie-professionnelle","status":"publish","type":"page","link":"https:\/\/francelyme.fr\/site\/mediatiques\/malades\/la-maladie-de-lyme-comme-maladie-professionnelle\/","title":{"rendered":"La maladie de Lyme comme maladie professionnelle"},"content":{"rendered":"\n<!-- Facebook Like Button Vivacity Infotech BEGIN -->\n<div class=\"fb-like\" data-href=\"https:\/\/francelyme.fr\/site\/mediatiques\/malades\/la-maladie-de-lyme-comme-maladie-professionnelle\/\" data-layout=\"button_count\" data-action=\"like\" data-show-faces=\"false\" data-size=\"large\" data-width=\"450\" data-share=\"1\" ><\/div>\n<!-- Facebook Like Button Vivacity Infotech END -->\n<div id=\"fb-root\"><\/div>\n<p>Les maladies \u00e0 tiques sont \u00e0 d\u00e9clarer au titre des <a class=\"lienext\" href=\"http:\/\/www.inrs.fr\/inrs-pub\/inrs01.nsf\/IntranetObject-accesParReference\/ED%20835\/$File\/Visu.html\" target=\"_blank\" rel=\"noopener noreferrer\">maladies professionnelles<\/a> :<\/p>\n<ul>\n<li><a class=\"lienext\" href=\"http:\/\/www.inrs.fr\/publications\/bdd\/mp\" target=\"_blank\" rel=\"noopener noreferrer\">R\u00e9gime g\u00e9n\u00e9ral<\/a> : tableau n\u00b019B<\/li>\n<li><a class=\"lienext\" href=\"http:\/\/www.inrs.fr\/publications\/bdd\/mp\" target=\"_blank\" rel=\"noopener noreferrer\">R\u00e9gime agricole<\/a> : tableau n\u00b05 bis<\/li>\n<\/ul>\n<p>D\u00e9claration des maladies \u00e0 tiques :<\/p>\n<ul>\n<li>Cat\u00e9gorie 2 : Borrelia, Bartonella<\/li>\n<li>Cat\u00e9gorie 2 et 3 : Rickettsia<\/li>\n<li>Cat\u00e9gorie 3 : Coxellia. La <a href=\"https:\/\/francelyme.fr\/site\/mediatiques\/borreliose-de-lyme-et-maladies-vectorielles-a-tiques\/\">fi\u00e8vre Q<\/a> est inscrite au tableau fran\u00e7ais des maladies professionnelles du r\u00e9gime g\u00e9n\u00e9ral sous le num\u00e9ro 53 B, et du r\u00e9gime agricole sous le num\u00e9ro 49 B.La<br \/>Les rickettsioses sont inscrites au tableau des maladies professionnelles du r\u00e9gime g\u00e9n\u00e9ral sous le num\u00e9ro 53, et du r\u00e9gime agricole sous le num\u00e9ro 49.<\/li>\n<\/ul>\n<p>Le <a class=\"lienext\" href=\"http:\/\/www.legifrance.gouv.fr\/affichCode.do?cidTexte=LEGITEXT000006072050&amp;dateTexte=20080319\" target=\"_blank\" rel=\"noopener noreferrer\">Code du Travail<\/a> propose une classification des agents biologiques <strong>en fonction de l\u2019importance du risque d\u2019infection qu\u2019ils pr\u00e9sentent<\/strong>. La classification comprend quatre groupes :<\/p>\n<ol>\n<li>Le groupe 1 comprend les agents biologiques non susceptibles de provoquer une maladie chez l\u2019homme.<\/li>\n<li>\n<div>Le groupe 2 comprend les agents biologiques pouvant provoquer une maladie chez l\u2019homme et constituer un danger pour les travailleurs; leur propagation dans la collectivit\u00e9 est peu probable; il existe g\u00e9n\u00e9ralement une prophylaxie ou un traitement efficaces.<\/div>\n<\/li>\n<li>\n<div>Le groupe 3 comprend les agents biologiques pouvant provoquer une maladie grave chez l\u2019homme et constituer un danger s\u00e9rieux pour les travailleurs; leur propagation dans la collectivit\u00e9 est possible, mais il existe g\u00e9n\u00e9ralement une prophylaxie ou un traitement efficaces.<\/div>\n<\/li>\n<li>\n<div>Le groupe 4 comprend les agents biologiques qui provoquent des maladies graves chez l\u2019homme et constituent un danger s\u00e9rieux pour les travailleurs; le risque de leur propagation dans la collectivit\u00e9 est \u00e9lev\u00e9; il n\u2019existe g\u00e9n\u00e9ralement ni prophylaxie ni traitement efficace.<\/div>\n<\/li>\n<\/ol>\n<p>La liste des agents biologiques appartenant aux groupes 2, 3 et 4 est d\u00e9finie par arr\u00eat\u00e9 minist\u00e9riel.<br \/><strong>En ce qui concerne la M.E.T. <\/strong>:<\/p>\n<ul>\n<li>Ce n\u2019est pas une maladie humaine \u00e0 d\u00e9claration obligatoire.<\/li>\n<li>La maladie ne fait pas l\u2019objet d\u2019un tableau de maladie professionnelle \u00e0 ce jour.<\/li>\n<li>Le virus de l\u2019enc\u00e9phalite \u00e0 tiques d\u2019Europe centrale est class\u00e9 dans le groupe de danger 3* (R. 231-61-1 du Code du Travail).<\/li>\n<\/ul>\n\n\n<h4 class=\"has-luminous-vivid-orange-color has-text-color wp-block-heading\">Les autres pages pour vous aider<\/h4>\n\n\n\n<ul class=\"wp-block-list\"><li><a href=\"https:\/\/francelyme.fr\/site\/mediatiques\/malades\/symptomes\/\" target=\"_blank\" rel=\"noreferrer noopener\">Sympt\u00f4mes des maladies \u00e0 tique<\/a><\/li><li><a href=\"https:\/\/francelyme.fr\/site\/mediatiques\/malades\/diagnostic-et-analyses-de-laboratoire\/\" target=\"_blank\" rel=\"noreferrer noopener\">Analyses de laboratoire<\/a><\/li><li><a href=\"https:\/\/francelyme.fr\/site\/mediatiques\/malades\/traitement\/\" target=\"_blank\" rel=\"noreferrer noopener\">Traitement<\/a><\/li><li><a href=\"https:\/\/francelyme.fr\/site\/mediatiques\/malades\/enfants\/\" target=\"_blank\" rel=\"noreferrer noopener\">Enfants<\/a><\/li><li><a href=\"https:\/\/francelyme.fr\/site\/medico-social\/\" target=\"_blank\" rel=\"noreferrer noopener\">M\u00e9dico-social<\/a><\/li><li><a href=\"https:\/\/francelyme.fr\/site\/mediatiques\/malades\/la-maladie-de-lyme-comme-maladie-professionnelle\/\" target=\"_blank\" rel=\"noreferrer noopener\">Maladie professionnelle<\/a><\/li><li><a href=\"https:\/\/francelyme.fr\/site\/trouver-un-medecin\/\" target=\"_blank\" rel=\"noreferrer noopener\">Service R\u00e9f\u00e9rents &#8211; aide \u00e0 trouver un m\u00e9decin et\/ou th\u00e9rapeute<\/a><\/li><\/ul>\n\n<!-- Facebook Like Button Vivacity Infotech BEGIN -->\n<div class=\"fb-like\" data-href=\"https:\/\/francelyme.fr\/site\/mediatiques\/malades\/la-maladie-de-lyme-comme-maladie-professionnelle\/\" data-layout=\"button_count\" data-action=\"like\" data-show-faces=\"false\" data-size=\"large\" data-width=\"450\" data-share=\"1\" ><\/div>\n<!-- Facebook Like Button Vivacity Infotech END -->\n","protected":false},"excerpt":{"rendered":"<p>Les maladies \u00e0 tiques sont \u00e0 d\u00e9clarer au titre des maladies professionnelles : R\u00e9gime g\u00e9n\u00e9ral : tableau n\u00b019B R\u00e9gime agricole<\/p>\n","protected":false},"author":1,"featured_media":0,"parent":974,"menu_order":0,"comment_status":"closed","ping_status":"closed","template":"","meta":{"colormag_page_container_layout":"default_layout","colormag_page_sidebar_layout":"default_layout","_mc_calendar":[],"footnotes":""},"class_list":["post-215","page","type-page","status-publish","hentry"],"yoast_head":"<!-- This site is optimized with the Yoast SEO plugin v27.3 - https:\/\/yoast.com\/product\/yoast-seo-wordpress\/ -->\n<title>La maladie de Lyme comme maladie professionnelle - M\u00e9dia-Tiques<\/title>\n<meta name=\"robots\" content=\"index, follow, max-snippet:-1, max-image-preview:large, max-video-preview:-1\" \/>\n<link rel=\"canonical\" href=\"https:\/\/francelyme.fr\/site\/mediatiques\/malades\/la-maladie-de-lyme-comme-maladie-professionnelle\/\" \/>\n<meta property=\"og:locale\" content=\"fr_FR\" \/>\n<meta property=\"og:type\" content=\"article\" \/>\n<meta property=\"og:title\" content=\"La maladie de Lyme comme maladie professionnelle - M\u00e9dia-Tiques\" \/>\n<meta property=\"og:description\" content=\"Les maladies \u00e0 tiques sont \u00e0 d\u00e9clarer au titre des maladies professionnelles : R\u00e9gime g\u00e9n\u00e9ral : tableau n\u00b019B R\u00e9gime agricole\" \/>\n<meta property=\"og:url\" content=\"https:\/\/francelyme.fr\/site\/mediatiques\/malades\/la-maladie-de-lyme-comme-maladie-professionnelle\/\" \/>\n<meta property=\"og:site_name\" content=\"M\u00e9dia-Tiques\" \/>\n<meta property=\"article:modified_time\" content=\"2025-10-21T17:07:44+00:00\" \/>\n<meta name=\"twitter:card\" content=\"summary_large_image\" \/>\n<meta name=\"twitter:label1\" content=\"Dur\u00e9e de lecture estim\u00e9e\" \/>\n\t<meta name=\"twitter:data1\" content=\"2 minutes\" \/>\n<script type=\"application\/ld+json\" class=\"yoast-schema-graph\">{\"@context\":\"https:\\\/\\\/schema.org\",\"@graph\":[{\"@type\":\"WebPage\",\"@id\":\"https:\\\/\\\/francelyme.fr\\\/site\\\/mediatiques\\\/malades\\\/la-maladie-de-lyme-comme-maladie-professionnelle\\\/\",\"url\":\"https:\\\/\\\/francelyme.fr\\\/site\\\/mediatiques\\\/malades\\\/la-maladie-de-lyme-comme-maladie-professionnelle\\\/\",\"name\":\"La maladie de Lyme comme maladie professionnelle - M\u00e9dia-Tiques\",\"isPartOf\":{\"@id\":\"https:\\\/\\\/francelyme.fr\\\/site\\\/mediatiques\\\/#website\"},\"datePublished\":\"2019-06-08T08:16:36+00:00\",\"dateModified\":\"2025-10-21T17:07:44+00:00\",\"breadcrumb\":{\"@id\":\"https:\\\/\\\/francelyme.fr\\\/site\\\/mediatiques\\\/malades\\\/la-maladie-de-lyme-comme-maladie-professionnelle\\\/#breadcrumb\"},\"inLanguage\":\"fr-FR\",\"potentialAction\":[{\"@type\":\"ReadAction\",\"target\":[\"https:\\\/\\\/francelyme.fr\\\/site\\\/mediatiques\\\/malades\\\/la-maladie-de-lyme-comme-maladie-professionnelle\\\/\"]}]},{\"@type\":\"BreadcrumbList\",\"@id\":\"https:\\\/\\\/francelyme.fr\\\/site\\\/mediatiques\\\/malades\\\/la-maladie-de-lyme-comme-maladie-professionnelle\\\/#breadcrumb\",\"itemListElement\":[{\"@type\":\"ListItem\",\"position\":1,\"name\":\"Accueil\",\"item\":\"https:\\\/\\\/francelyme.fr\\\/site\\\/mediatiques\\\/\"},{\"@type\":\"ListItem\",\"position\":2,\"name\":\"Malades\",\"item\":\"https:\\\/\\\/francelyme.fr\\\/site\\\/mediatiques\\\/malades\\\/\"},{\"@type\":\"ListItem\",\"position\":3,\"name\":\"La maladie de Lyme comme maladie professionnelle\"}]},{\"@type\":\"WebSite\",\"@id\":\"https:\\\/\\\/francelyme.fr\\\/site\\\/mediatiques\\\/#website\",\"url\":\"https:\\\/\\\/francelyme.fr\\\/site\\\/mediatiques\\\/\",\"name\":\"M\u00e9dia-Tiques\",\"description\":\"Portail d&#039;information sur les tiques et les maladies associ\u00e9es\",\"publisher\":{\"@id\":\"https:\\\/\\\/francelyme.fr\\\/site\\\/mediatiques\\\/#organization\"},\"potentialAction\":[{\"@type\":\"SearchAction\",\"target\":{\"@type\":\"EntryPoint\",\"urlTemplate\":\"https:\\\/\\\/francelyme.fr\\\/site\\\/mediatiques\\\/?s={search_term_string}\"},\"query-input\":{\"@type\":\"PropertyValueSpecification\",\"valueRequired\":true,\"valueName\":\"search_term_string\"}}],\"inLanguage\":\"fr-FR\"},{\"@type\":\"Organization\",\"@id\":\"https:\\\/\\\/francelyme.fr\\\/site\\\/mediatiques\\\/#organization\",\"name\":\"M\u00e9dia-Tiques\",\"url\":\"https:\\\/\\\/francelyme.fr\\\/site\\\/mediatiques\\\/\",\"logo\":{\"@type\":\"ImageObject\",\"inLanguage\":\"fr-FR\",\"@id\":\"https:\\\/\\\/francelyme.fr\\\/site\\\/mediatiques\\\/#\\\/schema\\\/logo\\\/image\\\/\",\"url\":\"https:\\\/\\\/francelyme.fr\\\/site\\\/mediatiques\\\/wp-content\\\/uploads\\\/sites\\\/5\\\/2019\\\/06\\\/Logo-bandeau-new-site-Media-Tiques.jpg\",\"contentUrl\":\"https:\\\/\\\/francelyme.fr\\\/site\\\/mediatiques\\\/wp-content\\\/uploads\\\/sites\\\/5\\\/2019\\\/06\\\/Logo-bandeau-new-site-Media-Tiques.jpg\",\"width\":2336,\"height\":356,\"caption\":\"M\u00e9dia-Tiques\"},\"image\":{\"@id\":\"https:\\\/\\\/francelyme.fr\\\/site\\\/mediatiques\\\/#\\\/schema\\\/logo\\\/image\\\/\"}}]}<\/script>\n<!-- \/ Yoast SEO plugin. -->","yoast_head_json":{"title":"La maladie de Lyme comme maladie professionnelle - M\u00e9dia-Tiques","robots":{"index":"index","follow":"follow","max-snippet":"max-snippet:-1","max-image-preview":"max-image-preview:large","max-video-preview":"max-video-preview:-1"},"canonical":"https:\/\/francelyme.fr\/site\/mediatiques\/malades\/la-maladie-de-lyme-comme-maladie-professionnelle\/","og_locale":"fr_FR","og_type":"article","og_title":"La maladie de Lyme comme maladie professionnelle - M\u00e9dia-Tiques","og_description":"Les maladies \u00e0 tiques sont \u00e0 d\u00e9clarer au titre des maladies professionnelles : R\u00e9gime g\u00e9n\u00e9ral : tableau n\u00b019B R\u00e9gime agricole","og_url":"https:\/\/francelyme.fr\/site\/mediatiques\/malades\/la-maladie-de-lyme-comme-maladie-professionnelle\/","og_site_name":"M\u00e9dia-Tiques","article_modified_time":"2025-10-21T17:07:44+00:00","twitter_card":"summary_large_image","twitter_misc":{"Dur\u00e9e de lecture estim\u00e9e":"2 minutes"},"schema":{"@context":"https:\/\/schema.org","@graph":[{"@type":"WebPage","@id":"https:\/\/francelyme.fr\/site\/mediatiques\/malades\/la-maladie-de-lyme-comme-maladie-professionnelle\/","url":"https:\/\/francelyme.fr\/site\/mediatiques\/malades\/la-maladie-de-lyme-comme-maladie-professionnelle\/","name":"La maladie de Lyme comme maladie professionnelle - M\u00e9dia-Tiques","isPartOf":{"@id":"https:\/\/francelyme.fr\/site\/mediatiques\/#website"},"datePublished":"2019-06-08T08:16:36+00:00","dateModified":"2025-10-21T17:07:44+00:00","breadcrumb":{"@id":"https:\/\/francelyme.fr\/site\/mediatiques\/malades\/la-maladie-de-lyme-comme-maladie-professionnelle\/#breadcrumb"},"inLanguage":"fr-FR","potentialAction":[{"@type":"ReadAction","target":["https:\/\/francelyme.fr\/site\/mediatiques\/malades\/la-maladie-de-lyme-comme-maladie-professionnelle\/"]}]},{"@type":"BreadcrumbList","@id":"https:\/\/francelyme.fr\/site\/mediatiques\/malades\/la-maladie-de-lyme-comme-maladie-professionnelle\/#breadcrumb","itemListElement":[{"@type":"ListItem","position":1,"name":"Accueil","item":"https:\/\/francelyme.fr\/site\/mediatiques\/"},{"@type":"ListItem","position":2,"name":"Malades","item":"https:\/\/francelyme.fr\/site\/mediatiques\/malades\/"},{"@type":"ListItem","position":3,"name":"La maladie de Lyme comme maladie professionnelle"}]},{"@type":"WebSite","@id":"https:\/\/francelyme.fr\/site\/mediatiques\/#website","url":"https:\/\/francelyme.fr\/site\/mediatiques\/","name":"M\u00e9dia-Tiques","description":"Portail d&#039;information sur les tiques et les maladies associ\u00e9es","publisher":{"@id":"https:\/\/francelyme.fr\/site\/mediatiques\/#organization"},"potentialAction":[{"@type":"SearchAction","target":{"@type":"EntryPoint","urlTemplate":"https:\/\/francelyme.fr\/site\/mediatiques\/?s={search_term_string}"},"query-input":{"@type":"PropertyValueSpecification","valueRequired":true,"valueName":"search_term_string"}}],"inLanguage":"fr-FR"},{"@type":"Organization","@id":"https:\/\/francelyme.fr\/site\/mediatiques\/#organization","name":"M\u00e9dia-Tiques","url":"https:\/\/francelyme.fr\/site\/mediatiques\/","logo":{"@type":"ImageObject","inLanguage":"fr-FR","@id":"https:\/\/francelyme.fr\/site\/mediatiques\/#\/schema\/logo\/image\/","url":"https:\/\/francelyme.fr\/site\/mediatiques\/wp-content\/uploads\/sites\/5\/2019\/06\/Logo-bandeau-new-site-Media-Tiques.jpg","contentUrl":"https:\/\/francelyme.fr\/site\/mediatiques\/wp-content\/uploads\/sites\/5\/2019\/06\/Logo-bandeau-new-site-Media-Tiques.jpg","width":2336,"height":356,"caption":"M\u00e9dia-Tiques"},"image":{"@id":"https:\/\/francelyme.fr\/site\/mediatiques\/#\/schema\/logo\/image\/"}}]}},"_links":{"self":[{"href":"https:\/\/francelyme.fr\/site\/mediatiques\/wp-json\/wp\/v2\/pages\/215","targetHints":{"allow":["GET"]}}],"collection":[{"href":"https:\/\/francelyme.fr\/site\/mediatiques\/wp-json\/wp\/v2\/pages"}],"about":[{"href":"https:\/\/francelyme.fr\/site\/mediatiques\/wp-json\/wp\/v2\/types\/page"}],"author":[{"embeddable":true,"href":"https:\/\/francelyme.fr\/site\/mediatiques\/wp-json\/wp\/v2\/users\/1"}],"replies":[{"embeddable":true,"href":"https:\/\/francelyme.fr\/site\/mediatiques\/wp-json\/wp\/v2\/comments?post=215"}],"version-history":[{"count":3,"href":"https:\/\/francelyme.fr\/site\/mediatiques\/wp-json\/wp\/v2\/pages\/215\/revisions"}],"predecessor-version":[{"id":1763,"href":"https:\/\/francelyme.fr\/site\/mediatiques\/wp-json\/wp\/v2\/pages\/215\/revisions\/1763"}],"up":[{"embeddable":true,"href":"https:\/\/francelyme.fr\/site\/mediatiques\/wp-json\/wp\/v2\/pages\/974"}],"wp:attachment":[{"href":"https:\/\/francelyme.fr\/site\/mediatiques\/wp-json\/wp\/v2\/media?parent=215"}],"curies":[{"name":"wp","href":"https:\/\/api.w.org\/{rel}","templated":true}]}}