{"id":844,"date":"2019-06-09T22:13:21","date_gmt":"2019-06-09T20:13:21","guid":{"rendered":"http:\/\/francelyme.fr\/site\/mediatiques\/?page_id=844"},"modified":"2025-06-04T12:55:03","modified_gmt":"2025-06-04T10:55:03","slug":"les-bonnes-pratiques-au-jardin","status":"publish","type":"page","link":"https:\/\/francelyme.fr\/site\/mediatiques\/prevention\/les-bonnes-pratiques-au-jardin\/","title":{"rendered":"Les bonnes pratiques au jardin"},"content":{"rendered":"\n<!-- Facebook Like Button Vivacity Infotech BEGIN -->\n<div class=\"fb-like\" data-href=\"https:\/\/francelyme.fr\/site\/mediatiques\/prevention\/les-bonnes-pratiques-au-jardin\/\" data-layout=\"button_count\" data-action=\"like\" data-show-faces=\"false\" data-size=\"large\" data-width=\"450\" data-share=\"1\" ><\/div>\n<!-- Facebook Like Button Vivacity Infotech END -->\n<div id=\"fb-root\"><\/div>\n\n<p><a href=\"https:\/\/francelyme.fr\/site\/mediatiques\/se-proteger-des-tiques\/#tenue\">En plus des informations g\u00e9n\u00e9rales sur la tenue appropri\u00e9e pour le jardinier<\/a>, le meilleur moyen de s&rsquo;assurer des zones sans tiques est l&rsquo;entretien du jardin.<\/p>\n\n\n\n<h4 class=\"wp-block-heading has-luminous-vivid-orange-color has-text-color\"><em>Entretien du jardin <\/em><\/h4>\n\n\n\n<ul class=\"wp-block-list\">\n<li>Tondre les pelouses r\u00e9guli\u00e8rement pour favoriser l\u2019ensoleillement du sol<\/li>\n\n\n\n<li>\u00c9loigner l\u2019herbe coup\u00e9e qui cr\u00e9e un endroit \u00ab\u00a0frais\u00a0\u00bb pour les tiques   <\/li>\n\n\n\n<li>D\u00e9broussailler le jardin <\/li>\n\n\n\n<li>\u00c9laguer les arbres et arbustes pour favoriser l\u2019ensoleillement du sol <\/li>\n\n\n\n<li>\u00c9loigner le tas de bois de l&rsquo;habitation<\/li>\n\n\n\n<li>Ne nourrir les oiseaux qu\u2019en hiver pour \u00e9viter d\u2019attirer les rongeurs, porteurs de tiques <\/li>\n\n\n\n<li>S\u00e9parer le jardin de l\u2019habitation par une all\u00e9e de copeaux, de sable ou de gravier <\/li>\n\n\n\n<li> S\u00e9parer la pelouse des haies par une zone de 1m de large avec du gravier. <\/li>\n\n\n\n<li>Installer le potager, les aires de jeu \u00e0 distance des zones arbor\u00e9es, dans un endroit ensoleill\u00e9 et les entourer d\u2019une all\u00e9e couverte de copeaux <\/li>\n<\/ul>\n\n\n\n<figure class=\"wp-block-image aligncenter\"><img loading=\"lazy\" decoding=\"async\" width=\"343\" height=\"229\" src=\"http:\/\/francelyme.fr\/site\/mediatiques\/wp-content\/uploads\/sites\/5\/2019\/06\/copeaux-allee.png\" alt=\"\" class=\"wp-image-927\" srcset=\"https:\/\/francelyme.fr\/site\/mediatiques\/wp-content\/uploads\/sites\/5\/2019\/06\/copeaux-allee.png 343w, https:\/\/francelyme.fr\/site\/mediatiques\/wp-content\/uploads\/sites\/5\/2019\/06\/copeaux-allee-300x200.png 300w\" sizes=\"auto, (max-width: 343px) 100vw, 343px\" \/><figcaption class=\"wp-element-caption\">All\u00e9e de copeaux, sable ou gravier<\/figcaption><\/figure>\n\n\n\n<ul class=\"wp-block-list\">\n<li>\u00c9viter les espaces non entretenus, les foug\u00e8res, les buissons <\/li>\n\n\n\n<li>Inspecter les animaux de compagnie ; ils se d\u00e9placent dans les parties recul\u00e9es du jardin <\/li>\n\n\n\n<li>Traiter les animaux de compagnie<\/li>\n\n\n\n<li>V\u00e9rifier la pr\u00e9sence de tiques sur votre mat\u00e9riel avant de le ranger<\/li>\n\n\n\n<li>Entraver l&rsquo;activit\u00e9 des rongeurs en nettoyant et en scellant les murs de pierre et les petites ouvertures autour de la maison <\/li>\n<\/ul>\n\n\n\n<figure class=\"wp-block-image\"><img loading=\"lazy\" decoding=\"async\" width=\"1024\" height=\"708\" src=\"http:\/\/francelyme.fr\/site\/mediatiques\/wp-content\/uploads\/sites\/5\/2019\/06\/Landscape-Drawing-Trad-Fr--1024x708.jpg\" alt=\"\" class=\"wp-image-947\" srcset=\"https:\/\/francelyme.fr\/site\/mediatiques\/wp-content\/uploads\/sites\/5\/2019\/06\/Landscape-Drawing-Trad-Fr--1024x708.jpg 1024w, https:\/\/francelyme.fr\/site\/mediatiques\/wp-content\/uploads\/sites\/5\/2019\/06\/Landscape-Drawing-Trad-Fr--300x207.jpg 300w, https:\/\/francelyme.fr\/site\/mediatiques\/wp-content\/uploads\/sites\/5\/2019\/06\/Landscape-Drawing-Trad-Fr--768x531.jpg 768w, https:\/\/francelyme.fr\/site\/mediatiques\/wp-content\/uploads\/sites\/5\/2019\/06\/Landscape-Drawing-Trad-Fr-.jpg 1345w\" sizes=\"auto, (max-width: 1024px) 100vw, 1024px\" \/><figcaption class=\"wp-element-caption\">Management Handbook &#8211; The Connecticut Agricultural Experiment  @CT_CAES <\/figcaption><\/figure>\n\n\n\n<h4 class=\"wp-block-heading has-luminous-vivid-orange-color has-text-color\"><em>Appel \u00e0 la vigilance du jardinier<\/em><\/h4>\n\n\n\n<ul class=\"wp-block-list\">\n<li>Utiliser des gants de jardinage <\/li>\n\n\n\n<li>Utiliser du r\u00e9pulsif en suivant les instructions du produit <\/li>\n\n\n\n<li><a href=\"https:\/\/francelyme.fr\/site\/mediatiques\/prevention\/se-proteger-des-tiques\/#reperer\">Informations d\u00e9taill\u00e9es pour les bonnes pratiques<\/a><\/li>\n<\/ul>\n\n\n\n<h4 class=\"wp-block-heading has-luminous-vivid-orange-color has-text-color\"><em>Prolif\u00e9ration des tiques dans les jardins<\/em><\/h4>\n\n\n\n<p class=\"has-normal-font-size\">Les techniques d\u00e9crites ci-dessus <strong>non chimiques<\/strong> rel\u00e8vent plut\u00f4t de la pr\u00e9vention. Les <strong>poules<\/strong>, les <strong>paons <\/strong>sont mangeurs de tiques.<br>Les autres techniques de traitement sont chimiques, avec des <strong>pesticides<\/strong>. <br>Les \u00ab\u00a0nids\u00a0\u00bb de tiques indiquent un nombre tr\u00e8s important (une tique femelle pond des centaines d\u2019\u0153ufs en m\u00eame temps). Ces tiques peuvent piquer \u00e0 leur naissance. Elles peuvent transmettre des maladies, car celles-ci se transmettent de g\u00e9n\u00e9ration en  g\u00e9n\u00e9ration.<br>L&rsquo;\u00e9radication des tiques impliquent l&rsquo;<strong>\u00e9radication des nids<\/strong>, donc des larves. <br>Les tiques sont diss\u00e9min\u00e9es par les animaux domestiques, les animaux  sauvages (rat, souris et autres petits animaux, les oiseaux les transportent sur de grandes distances), les promeneurs et travailleurs en passant dans ces lieux infest\u00e9s. <\/p>\n\n\n\n<p class=\"has-normal-font-size\">Il est donc possible de <strong>pr\u00e9venir la prolif\u00e9ration<\/strong> des tiques en <strong>r\u00e9duisant le nombre d&rsquo;h\u00f4tes animaux<\/strong>, notamment les rongeurs. Avoir un chat, \u00e9viter le stockage des grains, supprimer leur habitat (trou dans le bois, tas de bois).<\/p>\n\n\n\n<p class=\"has-normal-font-size\">Vous pouvez contacter votre mairie. Les <strong>Maires <\/strong>sont autorit\u00e9 de police en mati\u00e8re d\u2019hygi\u00e8ne et de salubrit\u00e9 publique et ont pour devoir de pr\u00e9venir les \u00e9pid\u00e9mies pouvant se propager sur leur territoire (<a href=\"https:\/\/www.legifrance.gouv.fr\/codes\/article_lc\/LEGIARTI000019983190\/\">articles L2212-2 5\u00b0 du Code G\u00e9n\u00e9ral des Collectivit\u00e9s Locales<\/a>).<\/p>\n\n\n\n<p class=\"has-normal-font-size\">Les tiques, quelle que soit l&rsquo;esp\u00e8ce, sont des <a href=\"http:\/\/francelyme.fr\/site\/mediatiques\/maladies-et-tiques\/borreliose-de-lyme-et-maladies-vectorielles-a-tiques\/\">vecteurs de maladie<\/a>. <\/p>\n\n\n\n<ul class=\"wp-block-list\">\n<li><a href=\"https:\/\/stacks.cdc.gov\/view\/cdc\/11444\">Management Handbook &#8211; The Connecticut Agricultural Experiment<\/a> <\/li>\n\n\n\n<li><a href=\"http:\/\/francelyme.fr\/site\/wp-content\/uploads\/2024\/08\/2018-08-Monteregie.qc_.ca-Amenager-terrain-Lyme.pdf\">Am\u00e9nagement des terrains r\u00e9sidentiels pour se pr\u00e9munir contre la maladie de Lyme <\/a><\/li>\n\n\n\n<li><a href=\"http:\/\/francelyme.fr\/site\/wp-content\/uploads\/2022\/08\/CDC-Prevention-contre-les-tiques.pdf\" target=\"_blank\" rel=\"noreferrer noopener\">CDC Pr\u00e9vention contre les tiques <\/a><\/li>\n\n\n\n<li><a href=\"https:\/\/francelyme.fr\/site\/mediatiques\/wp-content\/uploads\/sites\/5\/2024\/08\/2017-amenager-son-jardin-pour-se-proteger-des-piqures-de-tiques.pdf\">The Conversation 2017 &#8211; Am\u00e9nager son jardin pour se prot\u00e9ger des piq\u00fbres de tiques<\/a><\/li>\n<\/ul>\n\n\n\n<h3 class=\"wp-block-heading\"><em>Autres informations<\/em><\/h3>\n\n\n\n<ul class=\"wp-block-list\">\n<li><a href=\"http:\/\/francelyme.fr\/site\/mediatiques\/se-proteger-des-tiques\/\">Se prot\u00e9ger des tiques<\/a> <\/li>\n\n\n\n<li><a href=\"https:\/\/francelyme.fr\/site\/mediatiques\/que-faire-en-cas-de-piqure\/\">Que faire en cas de morsure?<\/a><\/li>\n\n\n\n<li><a href=\"http:\/\/francelyme.fr\/site\/mediatiques\/les-bonnes-pratiques-en-balade\/\">Les bonnes pratiques en sortie nature <\/a> <\/li>\n\n\n\n<li><a href=\"https:\/\/francelyme.fr\/site\/mediatiques\/les-bonnes-pratiques-avec-les-animaux-de-compagnie\/\">Les bonnes pratiques avec les animaux de compagnie<\/a> <\/li>\n\n\n\n<li><a href=\"https:\/\/francelyme.fr\/site\/prevention\/\">Nos documents de pr\u00e9vention<\/a> <\/li>\n<\/ul>\n\n\n\n<p class=\"has-text-align-right\"><a href=\"https:\/\/francelyme.fr\/site\/mediatiques\/prevention\/les-bonnes-pratiques-au-jardin\/\">Haut<\/a><\/p>\n\n<!-- Facebook Like Button Vivacity Infotech BEGIN -->\n<div class=\"fb-like\" data-href=\"https:\/\/francelyme.fr\/site\/mediatiques\/prevention\/les-bonnes-pratiques-au-jardin\/\" data-layout=\"button_count\" data-action=\"like\" data-show-faces=\"false\" data-size=\"large\" data-width=\"450\" data-share=\"1\" ><\/div>\n<!-- Facebook Like Button Vivacity Infotech END -->\n","protected":false},"excerpt":{"rendered":"<p>En plus des informations g\u00e9n\u00e9rales sur la tenue appropri\u00e9e pour le jardinier, le meilleur moyen de s&rsquo;assurer des zones sans<\/p>\n","protected":false},"author":1,"featured_media":1285,"parent":970,"menu_order":0,"comment_status":"closed","ping_status":"closed","template":"","meta":{"colormag_page_container_layout":"default_layout","colormag_page_sidebar_layout":"default_layout","_mc_calendar":[],"footnotes":""},"class_list":["post-844","page","type-page","status-publish","has-post-thumbnail","hentry"],"yoast_head":"<!-- This site is optimized with the Yoast SEO plugin v27.3 - https:\/\/yoast.com\/product\/yoast-seo-wordpress\/ -->\n<title>Les bonnes pratiques au jardin - M\u00e9dia-Tiques<\/title>\n<meta name=\"robots\" content=\"index, follow, max-snippet:-1, max-image-preview:large, max-video-preview:-1\" \/>\n<link rel=\"canonical\" href=\"https:\/\/francelyme.fr\/site\/mediatiques\/prevention\/les-bonnes-pratiques-au-jardin\/\" \/>\n<meta property=\"og:locale\" content=\"fr_FR\" \/>\n<meta property=\"og:type\" content=\"article\" \/>\n<meta property=\"og:title\" content=\"Les bonnes pratiques au jardin - M\u00e9dia-Tiques\" \/>\n<meta property=\"og:description\" content=\"En plus des informations g\u00e9n\u00e9rales sur la tenue appropri\u00e9e pour le jardinier, le meilleur moyen de s&rsquo;assurer des zones sans\" \/>\n<meta property=\"og:url\" content=\"https:\/\/francelyme.fr\/site\/mediatiques\/prevention\/les-bonnes-pratiques-au-jardin\/\" \/>\n<meta property=\"og:site_name\" content=\"M\u00e9dia-Tiques\" \/>\n<meta property=\"article:modified_time\" content=\"2025-06-04T10:55:03+00:00\" \/>\n<meta property=\"og:image\" content=\"https:\/\/francelyme.fr\/site\/mediatiques\/wp-content\/uploads\/sites\/5\/2019\/07\/stefanegautier.free_tique-dermacentor-marginatus-2013-04-21-042082-search-tique-dermacentor-marginatus.jpg\" \/>\n\t<meta property=\"og:image:width\" content=\"700\" \/>\n\t<meta property=\"og:image:height\" content=\"467\" \/>\n\t<meta property=\"og:image:type\" content=\"image\/jpeg\" \/>\n<meta name=\"twitter:card\" content=\"summary_large_image\" \/>\n<meta name=\"twitter:label1\" content=\"Dur\u00e9e de lecture estim\u00e9e\" \/>\n\t<meta name=\"twitter:data1\" content=\"4 minutes\" \/>\n<script type=\"application\/ld+json\" class=\"yoast-schema-graph\">{\"@context\":\"https:\\\/\\\/schema.org\",\"@graph\":[{\"@type\":\"WebPage\",\"@id\":\"https:\\\/\\\/francelyme.fr\\\/site\\\/mediatiques\\\/prevention\\\/les-bonnes-pratiques-au-jardin\\\/\",\"url\":\"https:\\\/\\\/francelyme.fr\\\/site\\\/mediatiques\\\/prevention\\\/les-bonnes-pratiques-au-jardin\\\/\",\"name\":\"Les bonnes pratiques au jardin - M\u00e9dia-Tiques\",\"isPartOf\":{\"@id\":\"https:\\\/\\\/francelyme.fr\\\/site\\\/mediatiques\\\/#website\"},\"primaryImageOfPage\":{\"@id\":\"https:\\\/\\\/francelyme.fr\\\/site\\\/mediatiques\\\/prevention\\\/les-bonnes-pratiques-au-jardin\\\/#primaryimage\"},\"image\":{\"@id\":\"https:\\\/\\\/francelyme.fr\\\/site\\\/mediatiques\\\/prevention\\\/les-bonnes-pratiques-au-jardin\\\/#primaryimage\"},\"thumbnailUrl\":\"https:\\\/\\\/francelyme.fr\\\/site\\\/mediatiques\\\/wp-content\\\/uploads\\\/sites\\\/5\\\/2019\\\/07\\\/stefanegautier.free_tique-dermacentor-marginatus-2013-04-21-042082-search-tique-dermacentor-marginatus.jpg\",\"datePublished\":\"2019-06-09T20:13:21+00:00\",\"dateModified\":\"2025-06-04T10:55:03+00:00\",\"breadcrumb\":{\"@id\":\"https:\\\/\\\/francelyme.fr\\\/site\\\/mediatiques\\\/prevention\\\/les-bonnes-pratiques-au-jardin\\\/#breadcrumb\"},\"inLanguage\":\"fr-FR\",\"potentialAction\":[{\"@type\":\"ReadAction\",\"target\":[\"https:\\\/\\\/francelyme.fr\\\/site\\\/mediatiques\\\/prevention\\\/les-bonnes-pratiques-au-jardin\\\/\"]}]},{\"@type\":\"ImageObject\",\"inLanguage\":\"fr-FR\",\"@id\":\"https:\\\/\\\/francelyme.fr\\\/site\\\/mediatiques\\\/prevention\\\/les-bonnes-pratiques-au-jardin\\\/#primaryimage\",\"url\":\"https:\\\/\\\/francelyme.fr\\\/site\\\/mediatiques\\\/wp-content\\\/uploads\\\/sites\\\/5\\\/2019\\\/07\\\/stefanegautier.free_tique-dermacentor-marginatus-2013-04-21-042082-search-tique-dermacentor-marginatus.jpg\",\"contentUrl\":\"https:\\\/\\\/francelyme.fr\\\/site\\\/mediatiques\\\/wp-content\\\/uploads\\\/sites\\\/5\\\/2019\\\/07\\\/stefanegautier.free_tique-dermacentor-marginatus-2013-04-21-042082-search-tique-dermacentor-marginatus.jpg\",\"width\":700,\"height\":467},{\"@type\":\"BreadcrumbList\",\"@id\":\"https:\\\/\\\/francelyme.fr\\\/site\\\/mediatiques\\\/prevention\\\/les-bonnes-pratiques-au-jardin\\\/#breadcrumb\",\"itemListElement\":[{\"@type\":\"ListItem\",\"position\":1,\"name\":\"Accueil\",\"item\":\"https:\\\/\\\/francelyme.fr\\\/site\\\/mediatiques\\\/\"},{\"@type\":\"ListItem\",\"position\":2,\"name\":\"Pr\u00e9vention\",\"item\":\"https:\\\/\\\/francelyme.fr\\\/site\\\/mediatiques\\\/prevention\\\/\"},{\"@type\":\"ListItem\",\"position\":3,\"name\":\"Les bonnes pratiques au jardin\"}]},{\"@type\":\"WebSite\",\"@id\":\"https:\\\/\\\/francelyme.fr\\\/site\\\/mediatiques\\\/#website\",\"url\":\"https:\\\/\\\/francelyme.fr\\\/site\\\/mediatiques\\\/\",\"name\":\"M\u00e9dia-Tiques\",\"description\":\"Portail d&#039;information sur les tiques et les maladies associ\u00e9es\",\"publisher\":{\"@id\":\"https:\\\/\\\/francelyme.fr\\\/site\\\/mediatiques\\\/#organization\"},\"potentialAction\":[{\"@type\":\"SearchAction\",\"target\":{\"@type\":\"EntryPoint\",\"urlTemplate\":\"https:\\\/\\\/francelyme.fr\\\/site\\\/mediatiques\\\/?s={search_term_string}\"},\"query-input\":{\"@type\":\"PropertyValueSpecification\",\"valueRequired\":true,\"valueName\":\"search_term_string\"}}],\"inLanguage\":\"fr-FR\"},{\"@type\":\"Organization\",\"@id\":\"https:\\\/\\\/francelyme.fr\\\/site\\\/mediatiques\\\/#organization\",\"name\":\"M\u00e9dia-Tiques\",\"url\":\"https:\\\/\\\/francelyme.fr\\\/site\\\/mediatiques\\\/\",\"logo\":{\"@type\":\"ImageObject\",\"inLanguage\":\"fr-FR\",\"@id\":\"https:\\\/\\\/francelyme.fr\\\/site\\\/mediatiques\\\/#\\\/schema\\\/logo\\\/image\\\/\",\"url\":\"https:\\\/\\\/francelyme.fr\\\/site\\\/mediatiques\\\/wp-content\\\/uploads\\\/sites\\\/5\\\/2019\\\/06\\\/Logo-bandeau-new-site-Media-Tiques.jpg\",\"contentUrl\":\"https:\\\/\\\/francelyme.fr\\\/site\\\/mediatiques\\\/wp-content\\\/uploads\\\/sites\\\/5\\\/2019\\\/06\\\/Logo-bandeau-new-site-Media-Tiques.jpg\",\"width\":2336,\"height\":356,\"caption\":\"M\u00e9dia-Tiques\"},\"image\":{\"@id\":\"https:\\\/\\\/francelyme.fr\\\/site\\\/mediatiques\\\/#\\\/schema\\\/logo\\\/image\\\/\"}}]}<\/script>\n<!-- \/ Yoast SEO plugin. -->","yoast_head_json":{"title":"Les bonnes pratiques au jardin - M\u00e9dia-Tiques","robots":{"index":"index","follow":"follow","max-snippet":"max-snippet:-1","max-image-preview":"max-image-preview:large","max-video-preview":"max-video-preview:-1"},"canonical":"https:\/\/francelyme.fr\/site\/mediatiques\/prevention\/les-bonnes-pratiques-au-jardin\/","og_locale":"fr_FR","og_type":"article","og_title":"Les bonnes pratiques au jardin - M\u00e9dia-Tiques","og_description":"En plus des informations g\u00e9n\u00e9rales sur la tenue appropri\u00e9e pour le jardinier, le meilleur moyen de s&rsquo;assurer des zones sans","og_url":"https:\/\/francelyme.fr\/site\/mediatiques\/prevention\/les-bonnes-pratiques-au-jardin\/","og_site_name":"M\u00e9dia-Tiques","article_modified_time":"2025-06-04T10:55:03+00:00","og_image":[{"width":700,"height":467,"url":"https:\/\/francelyme.fr\/site\/mediatiques\/wp-content\/uploads\/sites\/5\/2019\/07\/stefanegautier.free_tique-dermacentor-marginatus-2013-04-21-042082-search-tique-dermacentor-marginatus.jpg","type":"image\/jpeg"}],"twitter_card":"summary_large_image","twitter_misc":{"Dur\u00e9e de lecture estim\u00e9e":"4 minutes"},"schema":{"@context":"https:\/\/schema.org","@graph":[{"@type":"WebPage","@id":"https:\/\/francelyme.fr\/site\/mediatiques\/prevention\/les-bonnes-pratiques-au-jardin\/","url":"https:\/\/francelyme.fr\/site\/mediatiques\/prevention\/les-bonnes-pratiques-au-jardin\/","name":"Les bonnes pratiques au jardin - M\u00e9dia-Tiques","isPartOf":{"@id":"https:\/\/francelyme.fr\/site\/mediatiques\/#website"},"primaryImageOfPage":{"@id":"https:\/\/francelyme.fr\/site\/mediatiques\/prevention\/les-bonnes-pratiques-au-jardin\/#primaryimage"},"image":{"@id":"https:\/\/francelyme.fr\/site\/mediatiques\/prevention\/les-bonnes-pratiques-au-jardin\/#primaryimage"},"thumbnailUrl":"https:\/\/francelyme.fr\/site\/mediatiques\/wp-content\/uploads\/sites\/5\/2019\/07\/stefanegautier.free_tique-dermacentor-marginatus-2013-04-21-042082-search-tique-dermacentor-marginatus.jpg","datePublished":"2019-06-09T20:13:21+00:00","dateModified":"2025-06-04T10:55:03+00:00","breadcrumb":{"@id":"https:\/\/francelyme.fr\/site\/mediatiques\/prevention\/les-bonnes-pratiques-au-jardin\/#breadcrumb"},"inLanguage":"fr-FR","potentialAction":[{"@type":"ReadAction","target":["https:\/\/francelyme.fr\/site\/mediatiques\/prevention\/les-bonnes-pratiques-au-jardin\/"]}]},{"@type":"ImageObject","inLanguage":"fr-FR","@id":"https:\/\/francelyme.fr\/site\/mediatiques\/prevention\/les-bonnes-pratiques-au-jardin\/#primaryimage","url":"https:\/\/francelyme.fr\/site\/mediatiques\/wp-content\/uploads\/sites\/5\/2019\/07\/stefanegautier.free_tique-dermacentor-marginatus-2013-04-21-042082-search-tique-dermacentor-marginatus.jpg","contentUrl":"https:\/\/francelyme.fr\/site\/mediatiques\/wp-content\/uploads\/sites\/5\/2019\/07\/stefanegautier.free_tique-dermacentor-marginatus-2013-04-21-042082-search-tique-dermacentor-marginatus.jpg","width":700,"height":467},{"@type":"BreadcrumbList","@id":"https:\/\/francelyme.fr\/site\/mediatiques\/prevention\/les-bonnes-pratiques-au-jardin\/#breadcrumb","itemListElement":[{"@type":"ListItem","position":1,"name":"Accueil","item":"https:\/\/francelyme.fr\/site\/mediatiques\/"},{"@type":"ListItem","position":2,"name":"Pr\u00e9vention","item":"https:\/\/francelyme.fr\/site\/mediatiques\/prevention\/"},{"@type":"ListItem","position":3,"name":"Les bonnes pratiques au jardin"}]},{"@type":"WebSite","@id":"https:\/\/francelyme.fr\/site\/mediatiques\/#website","url":"https:\/\/francelyme.fr\/site\/mediatiques\/","name":"M\u00e9dia-Tiques","description":"Portail d&#039;information sur les tiques et les maladies associ\u00e9es","publisher":{"@id":"https:\/\/francelyme.fr\/site\/mediatiques\/#organization"},"potentialAction":[{"@type":"SearchAction","target":{"@type":"EntryPoint","urlTemplate":"https:\/\/francelyme.fr\/site\/mediatiques\/?s={search_term_string}"},"query-input":{"@type":"PropertyValueSpecification","valueRequired":true,"valueName":"search_term_string"}}],"inLanguage":"fr-FR"},{"@type":"Organization","@id":"https:\/\/francelyme.fr\/site\/mediatiques\/#organization","name":"M\u00e9dia-Tiques","url":"https:\/\/francelyme.fr\/site\/mediatiques\/","logo":{"@type":"ImageObject","inLanguage":"fr-FR","@id":"https:\/\/francelyme.fr\/site\/mediatiques\/#\/schema\/logo\/image\/","url":"https:\/\/francelyme.fr\/site\/mediatiques\/wp-content\/uploads\/sites\/5\/2019\/06\/Logo-bandeau-new-site-Media-Tiques.jpg","contentUrl":"https:\/\/francelyme.fr\/site\/mediatiques\/wp-content\/uploads\/sites\/5\/2019\/06\/Logo-bandeau-new-site-Media-Tiques.jpg","width":2336,"height":356,"caption":"M\u00e9dia-Tiques"},"image":{"@id":"https:\/\/francelyme.fr\/site\/mediatiques\/#\/schema\/logo\/image\/"}}]}},"_links":{"self":[{"href":"https:\/\/francelyme.fr\/site\/mediatiques\/wp-json\/wp\/v2\/pages\/844","targetHints":{"allow":["GET"]}}],"collection":[{"href":"https:\/\/francelyme.fr\/site\/mediatiques\/wp-json\/wp\/v2\/pages"}],"about":[{"href":"https:\/\/francelyme.fr\/site\/mediatiques\/wp-json\/wp\/v2\/types\/page"}],"author":[{"embeddable":true,"href":"https:\/\/francelyme.fr\/site\/mediatiques\/wp-json\/wp\/v2\/users\/1"}],"replies":[{"embeddable":true,"href":"https:\/\/francelyme.fr\/site\/mediatiques\/wp-json\/wp\/v2\/comments?post=844"}],"version-history":[{"count":22,"href":"https:\/\/francelyme.fr\/site\/mediatiques\/wp-json\/wp\/v2\/pages\/844\/revisions"}],"predecessor-version":[{"id":2513,"href":"https:\/\/francelyme.fr\/site\/mediatiques\/wp-json\/wp\/v2\/pages\/844\/revisions\/2513"}],"up":[{"embeddable":true,"href":"https:\/\/francelyme.fr\/site\/mediatiques\/wp-json\/wp\/v2\/pages\/970"}],"wp:featuredmedia":[{"embeddable":true,"href":"https:\/\/francelyme.fr\/site\/mediatiques\/wp-json\/wp\/v2\/media\/1285"}],"wp:attachment":[{"href":"https:\/\/francelyme.fr\/site\/mediatiques\/wp-json\/wp\/v2\/media?parent=844"}],"curies":[{"name":"wp","href":"https:\/\/api.w.org\/{rel}","templated":true}]}}