{"id":846,"date":"2019-06-09T22:14:11","date_gmt":"2019-06-09T20:14:11","guid":{"rendered":"http:\/\/francelyme.fr\/site\/mediatiques\/?page_id=846"},"modified":"2025-01-20T17:30:12","modified_gmt":"2025-01-20T16:30:12","slug":"les-bonnes-pratiques-en-balade","status":"publish","type":"page","link":"https:\/\/francelyme.fr\/site\/mediatiques\/prevention\/les-bonnes-pratiques-en-balade\/","title":{"rendered":"Les bonnes pratiques en balade ou sortie nature"},"content":{"rendered":"\n<!-- Facebook Like Button Vivacity Infotech BEGIN -->\n<div class=\"fb-like\" data-href=\"https:\/\/francelyme.fr\/site\/mediatiques\/prevention\/les-bonnes-pratiques-en-balade\/\" data-layout=\"button_count\" data-action=\"like\" data-show-faces=\"false\" data-size=\"large\" data-width=\"450\" data-share=\"1\" ><\/div>\n<!-- Facebook Like Button Vivacity Infotech END -->\n<div id=\"fb-root\"><\/div>\n\n<p><a href=\"https:\/\/francelyme.fr\/site\/mediatiques\/prevention\/se-proteger-des-tiques\/#tenue\">En plus des informations g\u00e9n\u00e9rales sur la tenue appropri\u00e9e pour le promeneur ou randonneur<\/a>, le meilleur moyen de s&rsquo;assurer une sortie sans tique est la pr\u00e9paration <\/p>\n\n\n\n<h3 class=\"wp-block-heading has-luminous-vivid-orange-color has-text-color\" id=\"Que_faire_pour_\u00e9viter_d\u2019\u00eatre_infect\u00e9_par_une_tique_?\"><em>O\u00f9 rencontrer des tiques ?<\/em><\/h3>\n\n\n\n<p>Il est \u00e0 noter que les massifs forestiers sont le lieu principal des morsures d\u00e9clar\u00e9es mais aussi les jardins priv\u00e9s avec presque 30 % des morsures. Cf Citique : <a href=\"https:\/\/francelyme.fr\/site\/mediatiques\/la-tique\/#ou\" target=\"_blank\" rel=\"noreferrer noopener\">Lien <\/a><\/p>\n\n\n\n<h3 class=\"wp-block-heading has-luminous-vivid-orange-color has-text-color\" id=\"eviter\"><em>Que faire pour \u00e9viter d&rsquo;\u00eatre mordu par une tique ?<\/em><\/h3>\n\n\n\n<ul class=\"wp-block-list\">\n<li>Portez une tenue adapt\u00e9e avec des v\u00eatements couvrants et clair, un chapeau, des chaussures ferm\u00e9es (les chaussettes bloquant le bas de pantalon)<\/li>\n\n\n\n<li>En randonn\u00e9e, marchez au milieu des chemins ou sentiers <\/li>\n\n\n\n<li>\u00c9vitez les herbes hautes et denses<\/li>\n\n\n\n<li>\u00c9vitez le contact avec les branches basses, les arbustes, les foug\u00e8res\u2026 <\/li>\n\n\n\n<li>Utilisez une plaid ou une couverture de survie pour s&rsquo;assoir dans l&rsquo;herbe ou pique-niquer<\/li>\n\n\n\n<li>Examinez le sac \u00e0 dos qui a \u00e9t\u00e9 pos\u00e9 par terre avant de le mettre sur le dos<\/li>\n\n\n\n<li>30 sec plusieurs fois par jour, faites un tique-check : inspection rapide et mutuelle des v\u00eatements pour enlever les tiques qui se sont accroch\u00e9es<\/li>\n<\/ul>\n\n\n\n<figure class=\"wp-block-embed is-type-video is-provider-youtube wp-block-embed-youtube wp-embed-aspect-16-9 wp-has-aspect-ratio\"><div class=\"wp-block-embed__wrapper\">\n<iframe loading=\"lazy\" title=\"Le geste qui \u00e9vite 90% des piq\u00fbres de tiques\" width=\"800\" height=\"450\" src=\"https:\/\/www.youtube.com\/embed\/ViXs70jcBeU?feature=oembed\" frameborder=\"0\" allow=\"accelerometer; autoplay; clipboard-write; encrypted-media; gyroscope; picture-in-picture; web-share\" allowfullscreen><\/iframe>\n<\/div><figcaption class=\"wp-element-caption\">Tiques check<\/figcaption><\/figure>\n\n\n\n<p><\/p>\n\n\n\n<h3 class=\"wp-block-heading has-luminous-vivid-orange-color has-text-color\"><em>Pr\u00e9voyez dans le sac \u00e0 dos<\/em><\/h3>\n\n\n\n<ul class=\"wp-block-list\">\n<li>du r\u00e9pulsif <\/li>\n\n\n\n<li>un tire-tique ou une carte \u00e0 tique<\/li>\n\n\n\n<li>une loupe<\/li>\n\n\n\n<li>un d\u00e9sinfectant, par ex, eau oxyg\u00e9n\u00e9e<\/li>\n\n\n\n<li>un stylo pour entourer le site de morsure (notamment dans les camps nature enfant et les sorties scout)<\/li>\n<\/ul>\n\n\n\n<h3 class=\"wp-block-heading has-luminous-vivid-orange-color has-text-color\"><em>Apr\u00e8s la balade, la sortie nature <\/em>(<a href=\"https:\/\/francelyme.fr\/site\/mediatiques\/prevention\/se-proteger-des-tiques\/#reperer\" target=\"_blank\" rel=\"noreferrer noopener\">version d\u00e9taill\u00e9e ici<\/a>)<\/h3>\n\n\n\n<ul class=\"wp-block-list\">\n<li>Faire s\u00e9cher et isoler les v\u00eatements utilis\u00e9s<\/li>\n\n\n\n<li>R\u00e9aliser une inspection minutieuse de toute la peau, des cheveux<\/li>\n\n\n\n<li>Inspecter les <a href=\"https:\/\/francelyme.fr\/site\/mediatiques\/les-bonnes-pratiques-avec-les-animaux-de-compagnie\/\" target=\"_blank\" rel=\"noreferrer noopener\">animaux de compagnie<\/a> <\/li>\n<\/ul>\n\n\n\n<h3 class=\"wp-block-heading\"><em>Autres informations<\/em><\/h3>\n\n\n\n<ul class=\"wp-block-list\">\n<li><a href=\"http:\/\/francelyme.fr\/site\/mediatiques\/se-proteger-des-tiques\/\">Se prot\u00e9ger des tiques<\/a><\/li>\n\n\n\n<li><a href=\"https:\/\/francelyme.fr\/site\/mediatiques\/que-faire-en-cas-de-piqure\/\">Que faire en cas de morsure?<\/a><\/li>\n\n\n\n<li><a href=\"https:\/\/francelyme.fr\/site\/mediatiques\/les-bonnes-pratiques-au-jardin\/\">Les bonnes pratiques au jardin<\/a><\/li>\n\n\n\n<li><a href=\"https:\/\/francelyme.fr\/site\/mediatiques\/les-bonnes-pratiques-avec-les-animaux-de-compagnie\/\">Les bonnes pratiques avec les animaux de compagnie<\/a> <\/li>\n\n\n\n<li><a href=\"https:\/\/francelyme.fr\/site\/prevention\/\">Nos documents de pr\u00e9vention<\/a> <\/li>\n<\/ul>\n\n\n\n<p class=\"has-text-align-right\"><a href=\"https:\/\/francelyme.fr\/site\/mediatiques\/prevention\/les-bonnes-pratiques-en-balade\/\">Haut<\/a><\/p>\n\n<!-- Facebook Like Button Vivacity Infotech BEGIN -->\n<div class=\"fb-like\" data-href=\"https:\/\/francelyme.fr\/site\/mediatiques\/prevention\/les-bonnes-pratiques-en-balade\/\" data-layout=\"button_count\" data-action=\"like\" data-show-faces=\"false\" data-size=\"large\" data-width=\"450\" data-share=\"1\" ><\/div>\n<!-- Facebook Like Button Vivacity Infotech END -->\n","protected":false},"excerpt":{"rendered":"<p>En plus des informations g\u00e9n\u00e9rales sur la tenue appropri\u00e9e pour le promeneur ou randonneur, le meilleur moyen de s&rsquo;assurer une<\/p>\n","protected":false},"author":1,"featured_media":1244,"parent":970,"menu_order":0,"comment_status":"closed","ping_status":"closed","template":"","meta":{"colormag_page_container_layout":"default_layout","colormag_page_sidebar_layout":"default_layout","_mc_calendar":[],"footnotes":""},"class_list":["post-846","page","type-page","status-publish","has-post-thumbnail","hentry"],"yoast_head":"<!-- This site is optimized with the Yoast SEO plugin v27.3 - https:\/\/yoast.com\/product\/yoast-seo-wordpress\/ -->\n<title>Les bonnes pratiques en balade ou sortie nature - M\u00e9dia-Tiques<\/title>\n<meta name=\"robots\" content=\"index, follow, max-snippet:-1, max-image-preview:large, max-video-preview:-1\" \/>\n<link rel=\"canonical\" href=\"https:\/\/francelyme.fr\/site\/mediatiques\/prevention\/les-bonnes-pratiques-en-balade\/\" \/>\n<meta property=\"og:locale\" content=\"fr_FR\" \/>\n<meta property=\"og:type\" content=\"article\" \/>\n<meta property=\"og:title\" content=\"Les bonnes pratiques en balade ou sortie nature - M\u00e9dia-Tiques\" \/>\n<meta property=\"og:description\" content=\"En plus des informations g\u00e9n\u00e9rales sur la tenue appropri\u00e9e pour le promeneur ou randonneur, le meilleur moyen de s&rsquo;assurer une\" \/>\n<meta property=\"og:url\" content=\"https:\/\/francelyme.fr\/site\/mediatiques\/prevention\/les-bonnes-pratiques-en-balade\/\" \/>\n<meta property=\"og:site_name\" content=\"M\u00e9dia-Tiques\" \/>\n<meta property=\"article:modified_time\" content=\"2025-01-20T16:30:12+00:00\" \/>\n<meta property=\"og:image\" content=\"https:\/\/francelyme.fr\/site\/mediatiques\/wp-content\/uploads\/sites\/5\/2019\/07\/stefanegautier.free_tique-dermacentor-marginatus-et-ixodes-ricinus-2013-04-21-042088-gros-plan-search-tique-dermacentor-marginatus-tique-ixodes-ricinus.jpg\" \/>\n\t<meta property=\"og:image:width\" content=\"467\" \/>\n\t<meta property=\"og:image:height\" content=\"700\" \/>\n\t<meta property=\"og:image:type\" content=\"image\/jpeg\" \/>\n<meta name=\"twitter:card\" content=\"summary_large_image\" \/>\n<meta name=\"twitter:label1\" content=\"Dur\u00e9e de lecture estim\u00e9e\" \/>\n\t<meta name=\"twitter:data1\" content=\"2 minutes\" \/>\n<script type=\"application\/ld+json\" class=\"yoast-schema-graph\">{\"@context\":\"https:\\\/\\\/schema.org\",\"@graph\":[{\"@type\":\"WebPage\",\"@id\":\"https:\\\/\\\/francelyme.fr\\\/site\\\/mediatiques\\\/prevention\\\/les-bonnes-pratiques-en-balade\\\/\",\"url\":\"https:\\\/\\\/francelyme.fr\\\/site\\\/mediatiques\\\/prevention\\\/les-bonnes-pratiques-en-balade\\\/\",\"name\":\"Les bonnes pratiques en balade ou sortie nature - M\u00e9dia-Tiques\",\"isPartOf\":{\"@id\":\"https:\\\/\\\/francelyme.fr\\\/site\\\/mediatiques\\\/#website\"},\"primaryImageOfPage\":{\"@id\":\"https:\\\/\\\/francelyme.fr\\\/site\\\/mediatiques\\\/prevention\\\/les-bonnes-pratiques-en-balade\\\/#primaryimage\"},\"image\":{\"@id\":\"https:\\\/\\\/francelyme.fr\\\/site\\\/mediatiques\\\/prevention\\\/les-bonnes-pratiques-en-balade\\\/#primaryimage\"},\"thumbnailUrl\":\"https:\\\/\\\/francelyme.fr\\\/site\\\/mediatiques\\\/wp-content\\\/uploads\\\/sites\\\/5\\\/2019\\\/07\\\/stefanegautier.free_tique-dermacentor-marginatus-et-ixodes-ricinus-2013-04-21-042088-gros-plan-search-tique-dermacentor-marginatus-tique-ixodes-ricinus.jpg\",\"datePublished\":\"2019-06-09T20:14:11+00:00\",\"dateModified\":\"2025-01-20T16:30:12+00:00\",\"breadcrumb\":{\"@id\":\"https:\\\/\\\/francelyme.fr\\\/site\\\/mediatiques\\\/prevention\\\/les-bonnes-pratiques-en-balade\\\/#breadcrumb\"},\"inLanguage\":\"fr-FR\",\"potentialAction\":[{\"@type\":\"ReadAction\",\"target\":[\"https:\\\/\\\/francelyme.fr\\\/site\\\/mediatiques\\\/prevention\\\/les-bonnes-pratiques-en-balade\\\/\"]}]},{\"@type\":\"ImageObject\",\"inLanguage\":\"fr-FR\",\"@id\":\"https:\\\/\\\/francelyme.fr\\\/site\\\/mediatiques\\\/prevention\\\/les-bonnes-pratiques-en-balade\\\/#primaryimage\",\"url\":\"https:\\\/\\\/francelyme.fr\\\/site\\\/mediatiques\\\/wp-content\\\/uploads\\\/sites\\\/5\\\/2019\\\/07\\\/stefanegautier.free_tique-dermacentor-marginatus-et-ixodes-ricinus-2013-04-21-042088-gros-plan-search-tique-dermacentor-marginatus-tique-ixodes-ricinus.jpg\",\"contentUrl\":\"https:\\\/\\\/francelyme.fr\\\/site\\\/mediatiques\\\/wp-content\\\/uploads\\\/sites\\\/5\\\/2019\\\/07\\\/stefanegautier.free_tique-dermacentor-marginatus-et-ixodes-ricinus-2013-04-21-042088-gros-plan-search-tique-dermacentor-marginatus-tique-ixodes-ricinus.jpg\",\"width\":467,\"height\":700},{\"@type\":\"BreadcrumbList\",\"@id\":\"https:\\\/\\\/francelyme.fr\\\/site\\\/mediatiques\\\/prevention\\\/les-bonnes-pratiques-en-balade\\\/#breadcrumb\",\"itemListElement\":[{\"@type\":\"ListItem\",\"position\":1,\"name\":\"Accueil\",\"item\":\"https:\\\/\\\/francelyme.fr\\\/site\\\/mediatiques\\\/\"},{\"@type\":\"ListItem\",\"position\":2,\"name\":\"Pr\u00e9vention\",\"item\":\"https:\\\/\\\/francelyme.fr\\\/site\\\/mediatiques\\\/prevention\\\/\"},{\"@type\":\"ListItem\",\"position\":3,\"name\":\"Les bonnes pratiques en balade ou sortie nature\"}]},{\"@type\":\"WebSite\",\"@id\":\"https:\\\/\\\/francelyme.fr\\\/site\\\/mediatiques\\\/#website\",\"url\":\"https:\\\/\\\/francelyme.fr\\\/site\\\/mediatiques\\\/\",\"name\":\"M\u00e9dia-Tiques\",\"description\":\"Portail d&#039;information sur les tiques et les maladies associ\u00e9es\",\"publisher\":{\"@id\":\"https:\\\/\\\/francelyme.fr\\\/site\\\/mediatiques\\\/#organization\"},\"potentialAction\":[{\"@type\":\"SearchAction\",\"target\":{\"@type\":\"EntryPoint\",\"urlTemplate\":\"https:\\\/\\\/francelyme.fr\\\/site\\\/mediatiques\\\/?s={search_term_string}\"},\"query-input\":{\"@type\":\"PropertyValueSpecification\",\"valueRequired\":true,\"valueName\":\"search_term_string\"}}],\"inLanguage\":\"fr-FR\"},{\"@type\":\"Organization\",\"@id\":\"https:\\\/\\\/francelyme.fr\\\/site\\\/mediatiques\\\/#organization\",\"name\":\"M\u00e9dia-Tiques\",\"url\":\"https:\\\/\\\/francelyme.fr\\\/site\\\/mediatiques\\\/\",\"logo\":{\"@type\":\"ImageObject\",\"inLanguage\":\"fr-FR\",\"@id\":\"https:\\\/\\\/francelyme.fr\\\/site\\\/mediatiques\\\/#\\\/schema\\\/logo\\\/image\\\/\",\"url\":\"https:\\\/\\\/francelyme.fr\\\/site\\\/mediatiques\\\/wp-content\\\/uploads\\\/sites\\\/5\\\/2019\\\/06\\\/Logo-bandeau-new-site-Media-Tiques.jpg\",\"contentUrl\":\"https:\\\/\\\/francelyme.fr\\\/site\\\/mediatiques\\\/wp-content\\\/uploads\\\/sites\\\/5\\\/2019\\\/06\\\/Logo-bandeau-new-site-Media-Tiques.jpg\",\"width\":2336,\"height\":356,\"caption\":\"M\u00e9dia-Tiques\"},\"image\":{\"@id\":\"https:\\\/\\\/francelyme.fr\\\/site\\\/mediatiques\\\/#\\\/schema\\\/logo\\\/image\\\/\"}}]}<\/script>\n<!-- \/ Yoast SEO plugin. -->","yoast_head_json":{"title":"Les bonnes pratiques en balade ou sortie nature - M\u00e9dia-Tiques","robots":{"index":"index","follow":"follow","max-snippet":"max-snippet:-1","max-image-preview":"max-image-preview:large","max-video-preview":"max-video-preview:-1"},"canonical":"https:\/\/francelyme.fr\/site\/mediatiques\/prevention\/les-bonnes-pratiques-en-balade\/","og_locale":"fr_FR","og_type":"article","og_title":"Les bonnes pratiques en balade ou sortie nature - M\u00e9dia-Tiques","og_description":"En plus des informations g\u00e9n\u00e9rales sur la tenue appropri\u00e9e pour le promeneur ou randonneur, le meilleur moyen de s&rsquo;assurer une","og_url":"https:\/\/francelyme.fr\/site\/mediatiques\/prevention\/les-bonnes-pratiques-en-balade\/","og_site_name":"M\u00e9dia-Tiques","article_modified_time":"2025-01-20T16:30:12+00:00","og_image":[{"width":467,"height":700,"url":"https:\/\/francelyme.fr\/site\/mediatiques\/wp-content\/uploads\/sites\/5\/2019\/07\/stefanegautier.free_tique-dermacentor-marginatus-et-ixodes-ricinus-2013-04-21-042088-gros-plan-search-tique-dermacentor-marginatus-tique-ixodes-ricinus.jpg","type":"image\/jpeg"}],"twitter_card":"summary_large_image","twitter_misc":{"Dur\u00e9e de lecture estim\u00e9e":"2 minutes"},"schema":{"@context":"https:\/\/schema.org","@graph":[{"@type":"WebPage","@id":"https:\/\/francelyme.fr\/site\/mediatiques\/prevention\/les-bonnes-pratiques-en-balade\/","url":"https:\/\/francelyme.fr\/site\/mediatiques\/prevention\/les-bonnes-pratiques-en-balade\/","name":"Les bonnes pratiques en balade ou sortie nature - M\u00e9dia-Tiques","isPartOf":{"@id":"https:\/\/francelyme.fr\/site\/mediatiques\/#website"},"primaryImageOfPage":{"@id":"https:\/\/francelyme.fr\/site\/mediatiques\/prevention\/les-bonnes-pratiques-en-balade\/#primaryimage"},"image":{"@id":"https:\/\/francelyme.fr\/site\/mediatiques\/prevention\/les-bonnes-pratiques-en-balade\/#primaryimage"},"thumbnailUrl":"https:\/\/francelyme.fr\/site\/mediatiques\/wp-content\/uploads\/sites\/5\/2019\/07\/stefanegautier.free_tique-dermacentor-marginatus-et-ixodes-ricinus-2013-04-21-042088-gros-plan-search-tique-dermacentor-marginatus-tique-ixodes-ricinus.jpg","datePublished":"2019-06-09T20:14:11+00:00","dateModified":"2025-01-20T16:30:12+00:00","breadcrumb":{"@id":"https:\/\/francelyme.fr\/site\/mediatiques\/prevention\/les-bonnes-pratiques-en-balade\/#breadcrumb"},"inLanguage":"fr-FR","potentialAction":[{"@type":"ReadAction","target":["https:\/\/francelyme.fr\/site\/mediatiques\/prevention\/les-bonnes-pratiques-en-balade\/"]}]},{"@type":"ImageObject","inLanguage":"fr-FR","@id":"https:\/\/francelyme.fr\/site\/mediatiques\/prevention\/les-bonnes-pratiques-en-balade\/#primaryimage","url":"https:\/\/francelyme.fr\/site\/mediatiques\/wp-content\/uploads\/sites\/5\/2019\/07\/stefanegautier.free_tique-dermacentor-marginatus-et-ixodes-ricinus-2013-04-21-042088-gros-plan-search-tique-dermacentor-marginatus-tique-ixodes-ricinus.jpg","contentUrl":"https:\/\/francelyme.fr\/site\/mediatiques\/wp-content\/uploads\/sites\/5\/2019\/07\/stefanegautier.free_tique-dermacentor-marginatus-et-ixodes-ricinus-2013-04-21-042088-gros-plan-search-tique-dermacentor-marginatus-tique-ixodes-ricinus.jpg","width":467,"height":700},{"@type":"BreadcrumbList","@id":"https:\/\/francelyme.fr\/site\/mediatiques\/prevention\/les-bonnes-pratiques-en-balade\/#breadcrumb","itemListElement":[{"@type":"ListItem","position":1,"name":"Accueil","item":"https:\/\/francelyme.fr\/site\/mediatiques\/"},{"@type":"ListItem","position":2,"name":"Pr\u00e9vention","item":"https:\/\/francelyme.fr\/site\/mediatiques\/prevention\/"},{"@type":"ListItem","position":3,"name":"Les bonnes pratiques en balade ou sortie nature"}]},{"@type":"WebSite","@id":"https:\/\/francelyme.fr\/site\/mediatiques\/#website","url":"https:\/\/francelyme.fr\/site\/mediatiques\/","name":"M\u00e9dia-Tiques","description":"Portail d&#039;information sur les tiques et les maladies associ\u00e9es","publisher":{"@id":"https:\/\/francelyme.fr\/site\/mediatiques\/#organization"},"potentialAction":[{"@type":"SearchAction","target":{"@type":"EntryPoint","urlTemplate":"https:\/\/francelyme.fr\/site\/mediatiques\/?s={search_term_string}"},"query-input":{"@type":"PropertyValueSpecification","valueRequired":true,"valueName":"search_term_string"}}],"inLanguage":"fr-FR"},{"@type":"Organization","@id":"https:\/\/francelyme.fr\/site\/mediatiques\/#organization","name":"M\u00e9dia-Tiques","url":"https:\/\/francelyme.fr\/site\/mediatiques\/","logo":{"@type":"ImageObject","inLanguage":"fr-FR","@id":"https:\/\/francelyme.fr\/site\/mediatiques\/#\/schema\/logo\/image\/","url":"https:\/\/francelyme.fr\/site\/mediatiques\/wp-content\/uploads\/sites\/5\/2019\/06\/Logo-bandeau-new-site-Media-Tiques.jpg","contentUrl":"https:\/\/francelyme.fr\/site\/mediatiques\/wp-content\/uploads\/sites\/5\/2019\/06\/Logo-bandeau-new-site-Media-Tiques.jpg","width":2336,"height":356,"caption":"M\u00e9dia-Tiques"},"image":{"@id":"https:\/\/francelyme.fr\/site\/mediatiques\/#\/schema\/logo\/image\/"}}]}},"_links":{"self":[{"href":"https:\/\/francelyme.fr\/site\/mediatiques\/wp-json\/wp\/v2\/pages\/846","targetHints":{"allow":["GET"]}}],"collection":[{"href":"https:\/\/francelyme.fr\/site\/mediatiques\/wp-json\/wp\/v2\/pages"}],"about":[{"href":"https:\/\/francelyme.fr\/site\/mediatiques\/wp-json\/wp\/v2\/types\/page"}],"author":[{"embeddable":true,"href":"https:\/\/francelyme.fr\/site\/mediatiques\/wp-json\/wp\/v2\/users\/1"}],"replies":[{"embeddable":true,"href":"https:\/\/francelyme.fr\/site\/mediatiques\/wp-json\/wp\/v2\/comments?post=846"}],"version-history":[{"count":16,"href":"https:\/\/francelyme.fr\/site\/mediatiques\/wp-json\/wp\/v2\/pages\/846\/revisions"}],"predecessor-version":[{"id":2462,"href":"https:\/\/francelyme.fr\/site\/mediatiques\/wp-json\/wp\/v2\/pages\/846\/revisions\/2462"}],"up":[{"embeddable":true,"href":"https:\/\/francelyme.fr\/site\/mediatiques\/wp-json\/wp\/v2\/pages\/970"}],"wp:featuredmedia":[{"embeddable":true,"href":"https:\/\/francelyme.fr\/site\/mediatiques\/wp-json\/wp\/v2\/media\/1244"}],"wp:attachment":[{"href":"https:\/\/francelyme.fr\/site\/mediatiques\/wp-json\/wp\/v2\/media?parent=846"}],"curies":[{"name":"wp","href":"https:\/\/api.w.org\/{rel}","templated":true}]}}