{"id":122,"date":"2012-07-17T10:39:45","date_gmt":"2012-07-17T08:39:45","guid":{"rendered":"http:\/\/francelyme.fr\/WordPress3\/?page_id=122"},"modified":"2024-03-27T14:25:49","modified_gmt":"2024-03-27T13:25:49","slug":"mentions-legales","status":"publish","type":"page","link":"https:\/\/francelyme.fr\/site\/mentions-legales\/","title":{"rendered":"Mentions l\u00e9gales"},"content":{"rendered":"<div class=\"like-button\" style=\"float: right; clear: both; text-align: right; width = 100%;\">\n<!-- Facebook Like Button Vivacity Infotech BEGIN -->\n<div class=\"fb-like\" data-href=\"https:\/\/francelyme.fr\/site\/mentions-legales\/\" data-layout=\"box_count\" data-action=\"like\" data-show-faces=\"false\" data-size=\"large\" data-width=\"450\" data-share=\"1\" ><\/div><\/div>\n<!-- Facebook Like Button Vivacity Infotech END -->\n<div id=\"fb-root\"><\/div>\n<h1>Informations g\u00e9n\u00e9rales<\/h1>\n<ol>\n<li>Ce site est mis \u00e0 jour r\u00e9guli\u00e8rement, d\u00e8s qu&rsquo;une nouvelle information sur les Maladies Vectorielles \u00e0 Tiques est publi\u00e9e ou que la vie de l&rsquo;Association l&rsquo;exige. \u00c0 chaque fois que le site est mis \u00e0 jour, l&rsquo;information est \u00e9galement publi\u00e9e dans le flux RSS correspondant et la date de chaque modification de page est not\u00e9e en bas de page.<\/li>\n<li>Sauf mention contraire, la r\u00e9daction du contenu de ce site est confi\u00e9e au bureau de l&rsquo;Association France Lyme, dont les qualifications sont indiqu\u00e9es <a title=\"Organisation de l\u2019association\" href=\"https:\/\/francelyme.fr\/site\/presentation\/\" target=\"_blank\" rel=\"noopener noreferrer\">sur cette page<\/a> ; Le responsable \u00e9ditorial est le pr\u00e9sident de l&rsquo;association. Les r\u00e9dacteurs ne sont pas des professionnels de sant\u00e9, la r\u00e9daction se fait sur la base d&rsquo;\u00e9tudes m\u00e9dicales et de guides de traitement que vous trouverez syst\u00e9matiquement en lien sur les diff\u00e9rentes pages de ce site internet.<\/li>\n<li>Ce site fait usage de cookies dans un but statistique. Nous mesurons le nombre de visites, le nombre de pages vues ainsi que le pays d&rsquo;origine de l&rsquo;internaute et le navigateur utilis\u00e9. Nous ne pouvons en aucun cas remonter par ce biais \u00e0 une personne physique.Les donn\u00e9es recueillies ne sont pas c\u00e9d\u00e9es \u00e0 des tiers ni utilis\u00e9es \u00e0 d\u2019autres fins.<\/li>\n<\/ol>\n<h1 id=\"stylesheets\">Mentions l\u00e9gales<\/h1>\n<ol>\n<li>Toutes les informations et conseils contenus sur ce site Internet ne sont donn\u00e9s qu&rsquo;\u00e0 titre informatif. Cela est donn\u00e9 sous r\u00e9serve d&rsquo;erreur involontaire ou d&rsquo;omission, la responsabilit\u00e9 de l&rsquo;Association ne saurait \u00eatre engag\u00e9e.<\/li>\n<li>Des liens hypertextes ou des flux RSS pr\u00e9sents sur le site <a href=\"https:\/\/francelyme.fr\">francelyme.fr<\/a> peuvent renvoyer vers d&rsquo;autres sites. France Lyme d\u00e9gage toute responsabilit\u00e9 dans le cas o\u00f9 le contenu de ces sites contreviendrait aux dispositions l\u00e9gales et r\u00e9glementaires en vigueur.<\/li>\n<li>De m\u00eame, les flux RSS qui ne sont pas \u00e9dit\u00e9s par France Lyme mais qui sont pr\u00e9sents sur le site \u00e0 titre informatif n&rsquo;engagent pas la responsabilit\u00e9 de l&rsquo;Association.<\/li>\n<li>Les informations personnelles concernant les visiteurs du site internet \u00ab\u00a0<a href=\"https:\/\/francelyme.fr\/\">francelyme.fr<\/a>\u00ab\u00a0, y compris leur identit\u00e9, sont confidentielles. L&rsquo;Association <a href=\"https:\/\/francelyme.fr\">France Lyme<\/a>, propri\u00e9taire de ce site internet, s&rsquo;engage sur l&rsquo;honneur \u00e0 respecter les conditions l\u00e9gales de confidentialit\u00e9 applicables en France et \u00e0 ne pas divulguer ces informations \u00e0 des tiers. L&rsquo;association est en conformit\u00e9 avec le RGPD.<\/li>\n<li>Ce site internet est financ\u00e9 par une partie des dons et des adh\u00e9sions \u00e0 l&rsquo;Association <a href=\"https:\/\/francelyme.fr\/\">France Lyme<\/a> dont les comptes sont publi\u00e9s chaque ann\u00e9e dans le <a href=\"https:\/\/francelyme.fr\/site\/comptes-rendus-dag-et-reunions\/\">Compte Emploi Ressources<\/a>, conform\u00e9ment au R\u00e8glement Comptable de 2008. Ce site n&rsquo;affiche pas de publicit\u00e9.<\/li>\n<li>En toute hypoth\u00e8se, la responsabilit\u00e9 de l&rsquo;Association France Lyme ne pourra \u00eatre recherch\u00e9e au titre de l&rsquo;utilisation que vous ferez des informations et des services propos\u00e9s sur le site et\/ou de votre navigation.<\/li>\n<li>Si vous pensez \u00eatre atteint de la maladie de Lyme ou d&rsquo;une autre maladie vectorielle \u00e0 tiques, un avis m\u00e9dical s&rsquo;impose. Les articles m\u00e9dicaux en lien sur ce site sont tous index\u00e9s dans MedLine et ne rel\u00e8vent pas de la responsabilit\u00e9 de France Lyme.<\/li>\n<\/ol>\n<h2>A propos des commentaires<\/h2>\n<ul>\n<li>Veuillez noter que la plate-forme est mod\u00e9r\u00e9e par v\u00e9rification al\u00e9atoire des messages quotidiennement. Elle est mod\u00e9r\u00e9e par le <a title=\"Organisation de l\u2019association\" href=\"https:\/\/francelyme.fr\/site\/presentation\/\">Bureau de l&rsquo;association<\/a> sous le pseudonyme de \u00ab\u00a0France Lyme\u00a0\u00bb. Tous les mod\u00e9rateurs sont b\u00e9n\u00e9voles.<\/li>\n<li>Veuillez prendre conscience que tout tout message de commentaire que vous posterez peut \u00eatre lu et utilis\u00e9 par tous, ou repris et cit\u00e9 dans d&rsquo;autres messages. Vous pouvez contacter la mod\u00e9ration afin que vos messages soient effac\u00e9s ou modifi\u00e9s, de m\u00eame que les citations de vos messages.<\/li>\n<li>Afin de vous offrir les informations les plus fiables possibles, nous nous effor\u00e7ons au maximum d&rsquo;apporter des preuves et de citer les sources.<br \/>De m\u00eame, nous vous demandons, lorsque vous citez des donn\u00e9es m\u00e9dicales qui ne proviennent pas de votre exp\u00e9rience personnelle, d&rsquo;en indiquer les sources (r\u00e9f\u00e9rences, liens, etc.). Peuvent \u00eatre consid\u00e9r\u00e9 comme exp\u00e9rience personnelle la description d\u2019un sympt\u00f4me, d\u2019un test, d\u2019un traitement, etc&#8230; que vous ou un membre de votre famille proche a subi.<\/li>\n<li>Les messages \u00e0 contenu jug\u00e9 non appropri\u00e9 seront conserv\u00e9s mais seront comment\u00e9s. Dans le cas o\u00f9 les mod\u00e9rateurs jugeront que des messages r\u00e9p\u00e9t\u00e9s nuisent sensiblement au contenu de ce site, ils pourront mettre en garde leur auteur, puis le bannir ensuite dans les cas les graves.<\/li>\n<li>Tout message portant atteinte \u00e0 la loi ou aux bonnes m\u0153urs (pornographie, racisme, etc.) et tout message de spam ou de publicit\u00e9 abusive \u00e0 titre personnel seront supprim\u00e9s et verront leur auteur banni par les mod\u00e9rateurs qui indiqueront la raison de ce bannissement.<\/li>\n<li>Afin de garder ce site objectif, toute publicit\u00e9, sous forme de contenu, banni\u00e8re ou liens est interdite.<\/li>\n<li>Vous vous engagez \u00e0 ne diffuser que des informations qui sont vraies et correctes au vu de vos connaissances.<\/li>\n<li>Tous les utilisateurs de la plate-forme ne doivent pas \u00eatre consid\u00e9r\u00e9s comme des professionnels de sant\u00e9.<\/li>\n<li>Tous les utilisateurs de la plate-forme ainsi que les mod\u00e9rateurs doivent se comporter en tout temps avec respect et honn\u00eatet\u00e9.<\/li>\n<\/ul>\n<h3><strong>Un site comportant un lien vers le site de France Lyme : <\/strong><\/h3>\n<ol>\n<li>est autoris\u00e9 \u00e0 \u00e9tablir un lien vers le contenu du site de <a href=\"https:\/\/francelyme.fr\">France Lyme<\/a>, mais non \u00e0 le r\u00e9pliquer ;<\/li>\n<li>n&rsquo;est pas autoris\u00e9 \u00e0 cr\u00e9er un environnement de bordure ni un espace de navigation autour d&rsquo;un contenu du site de <a href=\"https:\/\/francelyme.fr\">France Lyme<\/a> ;<\/li>\n<li>ne doit pas pr\u00e9senter d&rsquo;informations trompeuses ou erron\u00e9es concernant les publications de la <a href=\"https:\/\/francelyme.fr\/\">France Lyme <\/a>;<\/li>\n<li>ne doit pas pr\u00e9senter de fa\u00e7on inexacte les relations entre France Lyme et le cr\u00e9ateur du lien ;<\/li>\n<li>ne doit pas laisser entendre que <a href=\"https:\/\/francelyme.fr\/\">France Lyme<\/a> approuve ou sponsorise le cr\u00e9ateur du lien, ni ses services ou produits ;<\/li>\n<li>ne doit pas utiliser les logos ou habillages commerciaux (\u00ab\u00a0trade dress\u00a0\u00bb) de <a href=\"https:\/\/francelyme.fr\">France Lyme<\/a> sans le consentement \u00e9crit pr\u00e9alable de <a href=\"https:\/\/francelyme.fr\/\">France Lyme <\/a>;<\/li>\n<li>ne doit comporter aucun contenu pouvant \u00eatre interpr\u00e9t\u00e9 comme obsc\u00e8ne, calomnieux, diffamatoire, pornographique ou inappropri\u00e9 pour quelque \u00e2ge que ce soit ;<\/li>\n<li>ne doit comporter aucun contenu en infraction avec une loi ;<\/li>\n<li>doit accepter que le lien puisse \u00eatre supprim\u00e9 \u00e0 tout moment sur demande de <a href=\"https:\/\/francelyme.fr\">France Lyme<\/a>, si l&rsquo;association <a href=\"https:\/\/francelyme.fr\/\">France Lyme <\/a>souhaite exercer son droit r\u00e9serv\u00e9 de revenir sur son consentement envers l&rsquo;existence du lien.<\/li>\n<\/ol>\n<h3><strong>Informations <br \/><\/strong><\/h3>\n<p>Association loi 1901 inscrite sous le num\u00e9ro RNA W921000849<\/p>\n\n\n<p>Date de refonte du site France Lyme : Juillet 2019<\/p>\n<div class=\"like-button\" style=\"float: right; clear: both; text-align: right; width = 100%;\">\n<!-- Facebook Like Button Vivacity Infotech BEGIN -->\n<div class=\"fb-like\" data-href=\"https:\/\/francelyme.fr\/site\/mentions-legales\/\" data-layout=\"box_count\" data-action=\"like\" data-show-faces=\"false\" data-size=\"large\" data-width=\"450\" data-share=\"1\" ><\/div><\/div>\n<!-- Facebook Like Button Vivacity Infotech END -->\n","protected":false},"excerpt":{"rendered":"","protected":false},"author":1,"featured_media":0,"parent":0,"menu_order":21,"comment_status":"closed","ping_status":"open","template":"","meta":{"_mc_calendar":[],"footnotes":""},"class_list":["post-122","page","type-page","status-publish","hentry"],"yoast_head":"<!-- This site is optimized with the Yoast SEO plugin v27.3 - https:\/\/yoast.com\/product\/yoast-seo-wordpress\/ -->\n<title>Mentions l\u00e9gales - Association France Lyme<\/title>\n<meta name=\"robots\" content=\"index, follow, max-snippet:-1, max-image-preview:large, max-video-preview:-1\" \/>\n<link rel=\"canonical\" href=\"https:\/\/francelyme.fr\/site\/mentions-legales\/\" \/>\n<meta property=\"og:locale\" content=\"fr_FR\" \/>\n<meta property=\"og:type\" content=\"article\" \/>\n<meta property=\"og:title\" content=\"Mentions l\u00e9gales - Association France Lyme\" \/>\n<meta property=\"og:url\" content=\"https:\/\/francelyme.fr\/site\/mentions-legales\/\" \/>\n<meta property=\"og:site_name\" content=\"Association France Lyme\" \/>\n<meta property=\"article:publisher\" content=\"https:\/\/www.facebook.com\/france.lyme\" \/>\n<meta property=\"article:modified_time\" content=\"2024-03-27T13:25:49+00:00\" \/>\n<meta property=\"og:image\" content=\"https:\/\/francelyme.fr\/site\/wp-content\/uploads\/2020\/05\/logo_facebook_france_lyme.jpg\" \/>\n\t<meta property=\"og:image:width\" content=\"1920\" \/>\n\t<meta property=\"og:image:height\" content=\"1080\" \/>\n\t<meta property=\"og:image:type\" content=\"image\/jpeg\" \/>\n<meta name=\"twitter:card\" content=\"summary_large_image\" \/>\n<meta name=\"twitter:site\" content=\"@francelyme\" \/>\n<meta name=\"twitter:label1\" content=\"Dur\u00e9e de lecture estim\u00e9e\" \/>\n\t<meta name=\"twitter:data1\" content=\"5 minutes\" \/>\n<script type=\"application\/ld+json\" class=\"yoast-schema-graph\">{\"@context\":\"https:\\\/\\\/schema.org\",\"@graph\":[{\"@type\":\"WebPage\",\"@id\":\"https:\\\/\\\/francelyme.fr\\\/site\\\/mentions-legales\\\/\",\"url\":\"https:\\\/\\\/francelyme.fr\\\/site\\\/mentions-legales\\\/\",\"name\":\"Mentions l\u00e9gales - Association France Lyme\",\"isPartOf\":{\"@id\":\"https:\\\/\\\/francelyme.fr\\\/site\\\/#website\"},\"datePublished\":\"2012-07-17T08:39:45+00:00\",\"dateModified\":\"2024-03-27T13:25:49+00:00\",\"breadcrumb\":{\"@id\":\"https:\\\/\\\/francelyme.fr\\\/site\\\/mentions-legales\\\/#breadcrumb\"},\"inLanguage\":\"fr-FR\",\"potentialAction\":[{\"@type\":\"ReadAction\",\"target\":[\"https:\\\/\\\/francelyme.fr\\\/site\\\/mentions-legales\\\/\"]}]},{\"@type\":\"BreadcrumbList\",\"@id\":\"https:\\\/\\\/francelyme.fr\\\/site\\\/mentions-legales\\\/#breadcrumb\",\"itemListElement\":[{\"@type\":\"ListItem\",\"position\":1,\"name\":\"Accueil\",\"item\":\"https:\\\/\\\/francelyme.fr\\\/site\\\/\"},{\"@type\":\"ListItem\",\"position\":2,\"name\":\"Mentions l\u00e9gales\"}]},{\"@type\":\"WebSite\",\"@id\":\"https:\\\/\\\/francelyme.fr\\\/site\\\/#website\",\"url\":\"https:\\\/\\\/francelyme.fr\\\/site\\\/\",\"name\":\"Association France Lyme\",\"description\":\"Association de lutte contre les maladies vectorielles \u00e0 tiques\",\"publisher\":{\"@id\":\"https:\\\/\\\/francelyme.fr\\\/site\\\/#organization\"},\"potentialAction\":[{\"@type\":\"SearchAction\",\"target\":{\"@type\":\"EntryPoint\",\"urlTemplate\":\"https:\\\/\\\/francelyme.fr\\\/site\\\/?s={search_term_string}\"},\"query-input\":{\"@type\":\"PropertyValueSpecification\",\"valueRequired\":true,\"valueName\":\"search_term_string\"}}],\"inLanguage\":\"fr-FR\"},{\"@type\":\"Organization\",\"@id\":\"https:\\\/\\\/francelyme.fr\\\/site\\\/#organization\",\"name\":\"France Lyme\",\"url\":\"https:\\\/\\\/francelyme.fr\\\/site\\\/\",\"logo\":{\"@type\":\"ImageObject\",\"inLanguage\":\"fr-FR\",\"@id\":\"https:\\\/\\\/francelyme.fr\\\/site\\\/#\\\/schema\\\/logo\\\/image\\\/\",\"url\":\"https:\\\/\\\/francelyme.fr\\\/site\\\/wp-content\\\/uploads\\\/2019\\\/05\\\/francelyme-site.gif\",\"contentUrl\":\"https:\\\/\\\/francelyme.fr\\\/site\\\/wp-content\\\/uploads\\\/2019\\\/05\\\/francelyme-site.gif\",\"width\":180,\"height\":180,\"caption\":\"France Lyme\"},\"image\":{\"@id\":\"https:\\\/\\\/francelyme.fr\\\/site\\\/#\\\/schema\\\/logo\\\/image\\\/\"},\"sameAs\":[\"https:\\\/\\\/www.facebook.com\\\/france.lyme\",\"https:\\\/\\\/x.com\\\/francelyme\",\"https:\\\/\\\/www.youtube.com\\\/channel\\\/UClMCGl3dvkz0iAgXFR1NH1A\"]}]}<\/script>\n<!-- \/ Yoast SEO plugin. -->","yoast_head_json":{"title":"Mentions l\u00e9gales - Association France Lyme","robots":{"index":"index","follow":"follow","max-snippet":"max-snippet:-1","max-image-preview":"max-image-preview:large","max-video-preview":"max-video-preview:-1"},"canonical":"https:\/\/francelyme.fr\/site\/mentions-legales\/","og_locale":"fr_FR","og_type":"article","og_title":"Mentions l\u00e9gales - Association France Lyme","og_url":"https:\/\/francelyme.fr\/site\/mentions-legales\/","og_site_name":"Association France Lyme","article_publisher":"https:\/\/www.facebook.com\/france.lyme","article_modified_time":"2024-03-27T13:25:49+00:00","og_image":[{"width":1920,"height":1080,"url":"https:\/\/francelyme.fr\/site\/wp-content\/uploads\/2020\/05\/logo_facebook_france_lyme.jpg","type":"image\/jpeg"}],"twitter_card":"summary_large_image","twitter_site":"@francelyme","twitter_misc":{"Dur\u00e9e de lecture estim\u00e9e":"5 minutes"},"schema":{"@context":"https:\/\/schema.org","@graph":[{"@type":"WebPage","@id":"https:\/\/francelyme.fr\/site\/mentions-legales\/","url":"https:\/\/francelyme.fr\/site\/mentions-legales\/","name":"Mentions l\u00e9gales - Association France Lyme","isPartOf":{"@id":"https:\/\/francelyme.fr\/site\/#website"},"datePublished":"2012-07-17T08:39:45+00:00","dateModified":"2024-03-27T13:25:49+00:00","breadcrumb":{"@id":"https:\/\/francelyme.fr\/site\/mentions-legales\/#breadcrumb"},"inLanguage":"fr-FR","potentialAction":[{"@type":"ReadAction","target":["https:\/\/francelyme.fr\/site\/mentions-legales\/"]}]},{"@type":"BreadcrumbList","@id":"https:\/\/francelyme.fr\/site\/mentions-legales\/#breadcrumb","itemListElement":[{"@type":"ListItem","position":1,"name":"Accueil","item":"https:\/\/francelyme.fr\/site\/"},{"@type":"ListItem","position":2,"name":"Mentions l\u00e9gales"}]},{"@type":"WebSite","@id":"https:\/\/francelyme.fr\/site\/#website","url":"https:\/\/francelyme.fr\/site\/","name":"Association France Lyme","description":"Association de lutte contre les maladies vectorielles \u00e0 tiques","publisher":{"@id":"https:\/\/francelyme.fr\/site\/#organization"},"potentialAction":[{"@type":"SearchAction","target":{"@type":"EntryPoint","urlTemplate":"https:\/\/francelyme.fr\/site\/?s={search_term_string}"},"query-input":{"@type":"PropertyValueSpecification","valueRequired":true,"valueName":"search_term_string"}}],"inLanguage":"fr-FR"},{"@type":"Organization","@id":"https:\/\/francelyme.fr\/site\/#organization","name":"France Lyme","url":"https:\/\/francelyme.fr\/site\/","logo":{"@type":"ImageObject","inLanguage":"fr-FR","@id":"https:\/\/francelyme.fr\/site\/#\/schema\/logo\/image\/","url":"https:\/\/francelyme.fr\/site\/wp-content\/uploads\/2019\/05\/francelyme-site.gif","contentUrl":"https:\/\/francelyme.fr\/site\/wp-content\/uploads\/2019\/05\/francelyme-site.gif","width":180,"height":180,"caption":"France Lyme"},"image":{"@id":"https:\/\/francelyme.fr\/site\/#\/schema\/logo\/image\/"},"sameAs":["https:\/\/www.facebook.com\/france.lyme","https:\/\/x.com\/francelyme","https:\/\/www.youtube.com\/channel\/UClMCGl3dvkz0iAgXFR1NH1A"]}]}},"_links":{"self":[{"href":"https:\/\/francelyme.fr\/site\/wp-json\/wp\/v2\/pages\/122","targetHints":{"allow":["GET"]}}],"collection":[{"href":"https:\/\/francelyme.fr\/site\/wp-json\/wp\/v2\/pages"}],"about":[{"href":"https:\/\/francelyme.fr\/site\/wp-json\/wp\/v2\/types\/page"}],"author":[{"embeddable":true,"href":"https:\/\/francelyme.fr\/site\/wp-json\/wp\/v2\/users\/1"}],"replies":[{"embeddable":true,"href":"https:\/\/francelyme.fr\/site\/wp-json\/wp\/v2\/comments?post=122"}],"version-history":[{"count":3,"href":"https:\/\/francelyme.fr\/site\/wp-json\/wp\/v2\/pages\/122\/revisions"}],"predecessor-version":[{"id":15995,"href":"https:\/\/francelyme.fr\/site\/wp-json\/wp\/v2\/pages\/122\/revisions\/15995"}],"wp:attachment":[{"href":"https:\/\/francelyme.fr\/site\/wp-json\/wp\/v2\/media?parent=122"}],"curies":[{"name":"wp","href":"https:\/\/api.w.org\/{rel}","templated":true}]}}