{"id":150,"date":"2019-06-09T14:38:33","date_gmt":"2019-06-09T12:38:33","guid":{"rendered":"http:\/\/francelyme.fr\/WordPress3\/?page_id=150"},"modified":"2026-04-15T12:31:42","modified_gmt":"2026-04-15T10:31:42","slug":"adherer","status":"publish","type":"page","link":"https:\/\/francelyme.fr\/site\/adherer\/","title":{"rendered":"Adh\u00e9rer"},"content":{"rendered":"<div class=\"like-button\" style=\"float: right; clear: both; text-align: right; width = 100%;\">\n<!-- Facebook Like Button Vivacity Infotech BEGIN -->\n<div class=\"fb-like\" data-href=\"https:\/\/francelyme.fr\/site\/adherer\/\" data-layout=\"box_count\" data-action=\"like\" data-show-faces=\"false\" data-size=\"large\" data-width=\"450\" data-share=\"1\" ><\/div><\/div>\n<!-- Facebook Like Button Vivacity Infotech END -->\n<div id=\"fb-root\"><\/div>\n\n<ul class=\"wp-block-list\">\n<li><a href=\"#types\">Les diff\u00e9rents types d&rsquo;adh\u00e9sion<\/a><\/li>\n\n\n\n<li><a href=\"https:\/\/francelyme.fr\/site\/adherer\/#courrier\">Adh\u00e9rer par courrier<\/a><\/li>\n\n\n\n<li><a href=\"https:\/\/francelyme.fr\/site\/adherer\/#actif\">Adh\u00e9rer en ligne comme membre actif<\/a><\/li>\n\n\n\n<li><a href=\"https:\/\/francelyme.fr\/site\/adhesion-personnes-morales\/\">Adh\u00e9rer comme personne morale<\/a><\/li>\n<\/ul>\n\n\n\n<h2 class=\"wp-block-heading has-text-color has-large-font-size\" id=\"types\" style=\"color:#ed3838\"><strong>Les diff\u00e9rents types d&rsquo;adh\u00e9sion<\/strong><\/h2>\n\n\n\n<p>Afin que l&rsquo;adh\u00e9sion soit accessible \u00e0 tous, le <strong>tarif normal<\/strong> <strong>de<\/strong> <strong>membre actif<\/strong> est \u00e0 <strong>20 euros.<\/strong><\/p>\n\n\n\n<p><strong>Le tarif de membre actif r\u00e9duit<\/strong> est \u00e0<strong> 10 euros <\/strong>pour les personnes en Cong\u00e9 maladie (CM), Cong\u00e9 longue maladie (CLM), Affection longue dur\u00e9e (ALD), demandeurs d\u2019emploi.<\/p>\n\n\n\n<p><strong><strong>Le tarif de membre actif <\/strong>\u00e0 faibles revenus <\/strong>est \u00e0 <strong>5 euros<\/strong> pour les personnes en invalidit\u00e9, en fin de droits, Revenu de solidarit\u00e9 active (RSA), minima sociaux ou sans ressources et les \u00e9tudiants. <\/p>\n\n\n\n<p>L&rsquo;adh\u00e9sion \u00e0 vie permet de soutenir l&rsquo;association pour une <strong>dur\u00e9e ind\u00e9termin\u00e9e avec un tarif \u00e0 500 euros<\/strong> une seule fois. Un re\u00e7u fiscal est envoy\u00e9 suite \u00e0 l&rsquo;adh\u00e9sion.<\/p>\n\n\n\n<h2 class=\"wp-block-heading has-text-color has-large-font-size\" id=\"courrier\" style=\"color:#ed3838\"><strong><strong>Adh\u00e9rer par courrier<\/strong><\/strong><\/h2>\n\n\n\n<p>Merci d&rsquo;imprimer et nous envoyer le document et le r\u00e8glement \u00e0 l&rsquo;adresse postale indiqu\u00e9e :  <\/p>\n\n\n\n<div data-wp-interactive=\"core\/file\" class=\"wp-block-file\"><object data-wp-bind--hidden=\"!state.hasPdfPreview\" hidden class=\"wp-block-file__embed\" data=\"https:\/\/francelyme.fr\/site\/wp-content\/uploads\/2026\/04\/2026-Bulletin-Adhesion.pdf\" type=\"application\/pdf\" style=\"width:100%;height:200px\" aria-label=\"Contenu embarqu\u00e9 2026 Bulletin Adh\u00e9sion.\"><\/object><a id=\"wp-block-file--media-f326806c-2989-45d7-89b0-6f1cc05e2169\" href=\"https:\/\/francelyme.fr\/site\/wp-content\/uploads\/2026\/04\/2026-Bulletin-Adhesion.pdf\">2026 Bulletin Adh\u00e9sion<\/a><a href=\"https:\/\/francelyme.fr\/site\/wp-content\/uploads\/2026\/04\/2026-Bulletin-Adhesion.pdf\" class=\"wp-block-file__button wp-element-button\" download aria-describedby=\"wp-block-file--media-f326806c-2989-45d7-89b0-6f1cc05e2169\">T\u00e9l\u00e9charger<\/a><\/div>\n\n\n\n<p><\/p>\n\n\n\n<h2 class=\"wp-block-heading has-text-color has-large-font-size\" id=\"ligne\" style=\"color:#ed3838\"><strong>Adh\u00e9rer en ligne<\/strong><\/h2>\n\n\n\n<h3 class=\"wp-block-heading has-text-color\" id=\"actif\" style=\"color:#3327dc\">&gt; <strong>Pour adh\u00e9rer en tant que<\/strong> <strong>\u00ab\u00a0membre actif\u00a0\u00bb<\/strong> <\/h3>\n\n\n\n<p>c&rsquo;est ici sur ce lien :&nbsp; <a href=\"https:\/\/www.helloasso.com\/associations\/association-france-lyme\/adhesions\/j-adhere-a-france-lyme\">Adh\u00e9sion France Lyme<\/a> ou sur ce bouton :<\/p>\n\n\n\n\n\n\n\n<p>&#8211; en adh\u00e9rant en ligne, vous recevez automatiquement par courriel votre certificat d&rsquo;adh\u00e9sion. <strong>Attention ! Veuillez vous assurer que votre confirmation d&rsquo;adh\u00e9sion n&rsquo;atterrisse pas dans votre courrier ind\u00e9sirable.<\/strong><\/p>\n\n\n\n<p class=\"has-black-color has-text-color has-link-color wp-elements-9ac00cf961d1ea846fe5a532228b76c6\"><\/p>\n\n\n\n<p class=\"has-white-color has-text-color\">xxxx<\/p>\n\n\n\n<h3 class=\"wp-block-heading\" id=\"morale\"><strong>Vous \u00eates un club, une association?&nbsp; L&rsquo;adh\u00e9sion s&rsquo;effectue<\/strong> <a href=\"https:\/\/francelyme.fr\/site\/adhesion-personnes-morales\/\">sur cette page<\/a><\/h3>\n\n\n\n<p><\/p>\n<div class=\"like-button\" style=\"float: right; clear: both; text-align: right; width = 100%;\">\n<!-- Facebook Like Button Vivacity Infotech BEGIN -->\n<div class=\"fb-like\" data-href=\"https:\/\/francelyme.fr\/site\/adherer\/\" data-layout=\"box_count\" data-action=\"like\" data-show-faces=\"false\" data-size=\"large\" data-width=\"450\" data-share=\"1\" ><\/div><\/div>\n<!-- Facebook Like Button Vivacity Infotech END -->\n","protected":false},"excerpt":{"rendered":"","protected":false},"author":1,"featured_media":19347,"parent":0,"menu_order":1,"comment_status":"closed","ping_status":"closed","template":"","meta":{"_mc_calendar":[],"footnotes":""},"class_list":["post-150","page","type-page","status-publish","has-post-thumbnail","hentry"],"yoast_head":"<!-- This site is optimized with the Yoast SEO plugin v27.3 - https:\/\/yoast.com\/product\/yoast-seo-wordpress\/ -->\n<title>Adh\u00e9rer - Association France Lyme<\/title>\n<meta name=\"robots\" content=\"index, follow, max-snippet:-1, max-image-preview:large, max-video-preview:-1\" \/>\n<link rel=\"canonical\" href=\"https:\/\/francelyme.fr\/site\/adherer\/\" \/>\n<meta property=\"og:locale\" content=\"fr_FR\" \/>\n<meta property=\"og:type\" content=\"article\" \/>\n<meta property=\"og:title\" content=\"Adh\u00e9rer - Association France Lyme\" \/>\n<meta property=\"og:url\" content=\"https:\/\/francelyme.fr\/site\/adherer\/\" \/>\n<meta property=\"og:site_name\" content=\"Association France Lyme\" \/>\n<meta property=\"article:publisher\" content=\"https:\/\/www.facebook.com\/france.lyme\" \/>\n<meta property=\"article:modified_time\" content=\"2026-04-15T10:31:42+00:00\" \/>\n<meta property=\"og:image\" content=\"http:\/\/francelyme.fr\/site\/wp-content\/uploads\/2026\/02\/Image-foret.jpg\" \/>\n\t<meta property=\"og:image:width\" content=\"1536\" \/>\n\t<meta property=\"og:image:height\" content=\"1024\" \/>\n\t<meta property=\"og:image:type\" content=\"image\/jpeg\" \/>\n<meta name=\"twitter:card\" content=\"summary_large_image\" \/>\n<meta name=\"twitter:site\" content=\"@francelyme\" \/>\n<meta name=\"twitter:label1\" content=\"Dur\u00e9e de lecture estim\u00e9e\" \/>\n\t<meta name=\"twitter:data1\" content=\"2 minutes\" \/>\n<script type=\"application\/ld+json\" class=\"yoast-schema-graph\">{\"@context\":\"https:\\\/\\\/schema.org\",\"@graph\":[{\"@type\":\"WebPage\",\"@id\":\"https:\\\/\\\/francelyme.fr\\\/site\\\/adherer\\\/\",\"url\":\"https:\\\/\\\/francelyme.fr\\\/site\\\/adherer\\\/\",\"name\":\"Adh\u00e9rer - Association France Lyme\",\"isPartOf\":{\"@id\":\"https:\\\/\\\/francelyme.fr\\\/site\\\/#website\"},\"primaryImageOfPage\":{\"@id\":\"https:\\\/\\\/francelyme.fr\\\/site\\\/adherer\\\/#primaryimage\"},\"image\":{\"@id\":\"https:\\\/\\\/francelyme.fr\\\/site\\\/adherer\\\/#primaryimage\"},\"thumbnailUrl\":\"https:\\\/\\\/francelyme.fr\\\/site\\\/wp-content\\\/uploads\\\/2026\\\/02\\\/Image-foret.jpg\",\"datePublished\":\"2019-06-09T12:38:33+00:00\",\"dateModified\":\"2026-04-15T10:31:42+00:00\",\"breadcrumb\":{\"@id\":\"https:\\\/\\\/francelyme.fr\\\/site\\\/adherer\\\/#breadcrumb\"},\"inLanguage\":\"fr-FR\",\"potentialAction\":[{\"@type\":\"ReadAction\",\"target\":[\"https:\\\/\\\/francelyme.fr\\\/site\\\/adherer\\\/\"]}]},{\"@type\":\"ImageObject\",\"inLanguage\":\"fr-FR\",\"@id\":\"https:\\\/\\\/francelyme.fr\\\/site\\\/adherer\\\/#primaryimage\",\"url\":\"https:\\\/\\\/francelyme.fr\\\/site\\\/wp-content\\\/uploads\\\/2026\\\/02\\\/Image-foret.jpg\",\"contentUrl\":\"https:\\\/\\\/francelyme.fr\\\/site\\\/wp-content\\\/uploads\\\/2026\\\/02\\\/Image-foret.jpg\",\"width\":1536,\"height\":1024},{\"@type\":\"BreadcrumbList\",\"@id\":\"https:\\\/\\\/francelyme.fr\\\/site\\\/adherer\\\/#breadcrumb\",\"itemListElement\":[{\"@type\":\"ListItem\",\"position\":1,\"name\":\"Accueil\",\"item\":\"https:\\\/\\\/francelyme.fr\\\/site\\\/\"},{\"@type\":\"ListItem\",\"position\":2,\"name\":\"Adh\u00e9rer\"}]},{\"@type\":\"WebSite\",\"@id\":\"https:\\\/\\\/francelyme.fr\\\/site\\\/#website\",\"url\":\"https:\\\/\\\/francelyme.fr\\\/site\\\/\",\"name\":\"Association France Lyme\",\"description\":\"Association de lutte contre les maladies vectorielles \u00e0 tiques\",\"publisher\":{\"@id\":\"https:\\\/\\\/francelyme.fr\\\/site\\\/#organization\"},\"potentialAction\":[{\"@type\":\"SearchAction\",\"target\":{\"@type\":\"EntryPoint\",\"urlTemplate\":\"https:\\\/\\\/francelyme.fr\\\/site\\\/?s={search_term_string}\"},\"query-input\":{\"@type\":\"PropertyValueSpecification\",\"valueRequired\":true,\"valueName\":\"search_term_string\"}}],\"inLanguage\":\"fr-FR\"},{\"@type\":\"Organization\",\"@id\":\"https:\\\/\\\/francelyme.fr\\\/site\\\/#organization\",\"name\":\"France Lyme\",\"url\":\"https:\\\/\\\/francelyme.fr\\\/site\\\/\",\"logo\":{\"@type\":\"ImageObject\",\"inLanguage\":\"fr-FR\",\"@id\":\"https:\\\/\\\/francelyme.fr\\\/site\\\/#\\\/schema\\\/logo\\\/image\\\/\",\"url\":\"https:\\\/\\\/francelyme.fr\\\/site\\\/wp-content\\\/uploads\\\/2019\\\/05\\\/francelyme-site.gif\",\"contentUrl\":\"https:\\\/\\\/francelyme.fr\\\/site\\\/wp-content\\\/uploads\\\/2019\\\/05\\\/francelyme-site.gif\",\"width\":180,\"height\":180,\"caption\":\"France Lyme\"},\"image\":{\"@id\":\"https:\\\/\\\/francelyme.fr\\\/site\\\/#\\\/schema\\\/logo\\\/image\\\/\"},\"sameAs\":[\"https:\\\/\\\/www.facebook.com\\\/france.lyme\",\"https:\\\/\\\/x.com\\\/francelyme\",\"https:\\\/\\\/www.youtube.com\\\/channel\\\/UClMCGl3dvkz0iAgXFR1NH1A\"]}]}<\/script>\n<!-- \/ Yoast SEO plugin. -->","yoast_head_json":{"title":"Adh\u00e9rer - Association France Lyme","robots":{"index":"index","follow":"follow","max-snippet":"max-snippet:-1","max-image-preview":"max-image-preview:large","max-video-preview":"max-video-preview:-1"},"canonical":"https:\/\/francelyme.fr\/site\/adherer\/","og_locale":"fr_FR","og_type":"article","og_title":"Adh\u00e9rer - Association France Lyme","og_url":"https:\/\/francelyme.fr\/site\/adherer\/","og_site_name":"Association France Lyme","article_publisher":"https:\/\/www.facebook.com\/france.lyme","article_modified_time":"2026-04-15T10:31:42+00:00","og_image":[{"width":1536,"height":1024,"url":"http:\/\/francelyme.fr\/site\/wp-content\/uploads\/2026\/02\/Image-foret.jpg","type":"image\/jpeg"}],"twitter_card":"summary_large_image","twitter_site":"@francelyme","twitter_misc":{"Dur\u00e9e de lecture estim\u00e9e":"2 minutes"},"schema":{"@context":"https:\/\/schema.org","@graph":[{"@type":"WebPage","@id":"https:\/\/francelyme.fr\/site\/adherer\/","url":"https:\/\/francelyme.fr\/site\/adherer\/","name":"Adh\u00e9rer - Association France Lyme","isPartOf":{"@id":"https:\/\/francelyme.fr\/site\/#website"},"primaryImageOfPage":{"@id":"https:\/\/francelyme.fr\/site\/adherer\/#primaryimage"},"image":{"@id":"https:\/\/francelyme.fr\/site\/adherer\/#primaryimage"},"thumbnailUrl":"https:\/\/francelyme.fr\/site\/wp-content\/uploads\/2026\/02\/Image-foret.jpg","datePublished":"2019-06-09T12:38:33+00:00","dateModified":"2026-04-15T10:31:42+00:00","breadcrumb":{"@id":"https:\/\/francelyme.fr\/site\/adherer\/#breadcrumb"},"inLanguage":"fr-FR","potentialAction":[{"@type":"ReadAction","target":["https:\/\/francelyme.fr\/site\/adherer\/"]}]},{"@type":"ImageObject","inLanguage":"fr-FR","@id":"https:\/\/francelyme.fr\/site\/adherer\/#primaryimage","url":"https:\/\/francelyme.fr\/site\/wp-content\/uploads\/2026\/02\/Image-foret.jpg","contentUrl":"https:\/\/francelyme.fr\/site\/wp-content\/uploads\/2026\/02\/Image-foret.jpg","width":1536,"height":1024},{"@type":"BreadcrumbList","@id":"https:\/\/francelyme.fr\/site\/adherer\/#breadcrumb","itemListElement":[{"@type":"ListItem","position":1,"name":"Accueil","item":"https:\/\/francelyme.fr\/site\/"},{"@type":"ListItem","position":2,"name":"Adh\u00e9rer"}]},{"@type":"WebSite","@id":"https:\/\/francelyme.fr\/site\/#website","url":"https:\/\/francelyme.fr\/site\/","name":"Association France Lyme","description":"Association de lutte contre les maladies vectorielles \u00e0 tiques","publisher":{"@id":"https:\/\/francelyme.fr\/site\/#organization"},"potentialAction":[{"@type":"SearchAction","target":{"@type":"EntryPoint","urlTemplate":"https:\/\/francelyme.fr\/site\/?s={search_term_string}"},"query-input":{"@type":"PropertyValueSpecification","valueRequired":true,"valueName":"search_term_string"}}],"inLanguage":"fr-FR"},{"@type":"Organization","@id":"https:\/\/francelyme.fr\/site\/#organization","name":"France Lyme","url":"https:\/\/francelyme.fr\/site\/","logo":{"@type":"ImageObject","inLanguage":"fr-FR","@id":"https:\/\/francelyme.fr\/site\/#\/schema\/logo\/image\/","url":"https:\/\/francelyme.fr\/site\/wp-content\/uploads\/2019\/05\/francelyme-site.gif","contentUrl":"https:\/\/francelyme.fr\/site\/wp-content\/uploads\/2019\/05\/francelyme-site.gif","width":180,"height":180,"caption":"France Lyme"},"image":{"@id":"https:\/\/francelyme.fr\/site\/#\/schema\/logo\/image\/"},"sameAs":["https:\/\/www.facebook.com\/france.lyme","https:\/\/x.com\/francelyme","https:\/\/www.youtube.com\/channel\/UClMCGl3dvkz0iAgXFR1NH1A"]}]}},"_links":{"self":[{"href":"https:\/\/francelyme.fr\/site\/wp-json\/wp\/v2\/pages\/150","targetHints":{"allow":["GET"]}}],"collection":[{"href":"https:\/\/francelyme.fr\/site\/wp-json\/wp\/v2\/pages"}],"about":[{"href":"https:\/\/francelyme.fr\/site\/wp-json\/wp\/v2\/types\/page"}],"author":[{"embeddable":true,"href":"https:\/\/francelyme.fr\/site\/wp-json\/wp\/v2\/users\/1"}],"replies":[{"embeddable":true,"href":"https:\/\/francelyme.fr\/site\/wp-json\/wp\/v2\/comments?post=150"}],"version-history":[{"count":77,"href":"https:\/\/francelyme.fr\/site\/wp-json\/wp\/v2\/pages\/150\/revisions"}],"predecessor-version":[{"id":19652,"href":"https:\/\/francelyme.fr\/site\/wp-json\/wp\/v2\/pages\/150\/revisions\/19652"}],"wp:featuredmedia":[{"embeddable":true,"href":"https:\/\/francelyme.fr\/site\/wp-json\/wp\/v2\/media\/19347"}],"wp:attachment":[{"href":"https:\/\/francelyme.fr\/site\/wp-json\/wp\/v2\/media?parent=150"}],"curies":[{"name":"wp","href":"https:\/\/api.w.org\/{rel}","templated":true}]}}