{"id":160,"date":"2019-06-09T17:51:27","date_gmt":"2019-06-09T15:51:27","guid":{"rendered":"http:\/\/francelyme.fr\/WordPress3\/?page_id=160"},"modified":"2026-02-20T18:34:52","modified_gmt":"2026-02-20T17:34:52","slug":"faire-un-don","status":"publish","type":"page","link":"https:\/\/francelyme.fr\/site\/faire-un-don\/","title":{"rendered":"Faire un don \u00e0 France Lyme"},"content":{"rendered":"<div class=\"like-button\" style=\"float: right; clear: both; text-align: right; width = 100%;\">\n<!-- Facebook Like Button Vivacity Infotech BEGIN -->\n<div class=\"fb-like\" data-href=\"https:\/\/francelyme.fr\/site\/faire-un-don\/\" data-layout=\"box_count\" data-action=\"like\" data-show-faces=\"false\" data-size=\"large\" data-width=\"450\" data-share=\"1\" ><\/div><\/div>\n<!-- Facebook Like Button Vivacity Infotech END -->\n<div id=\"fb-root\"><\/div>\n\n<p>Pour les dons en argent, France Lyme r\u00e9pondant aux crit\u00e8res d&rsquo;int\u00e9r\u00eat g\u00e9n\u00e9ral, vous aurez la possibilit\u00e9 si vous le d\u00e9sirez de b\u00e9n\u00e9ficier d&rsquo;une <a href=\"https:\/\/www.impots.gouv.fr\/portail\/particulier\/questions\/jai-fait-des-dons-une-association-que-puis-je-deduire\" target=\"_blank\" rel=\"noreferrer noopener\">d\u00e9duction fiscale<\/a> vous ouvrant droit \u00e0 66% de r\u00e9duction d&rsquo;imp\u00f4t.<\/p>\n\n\n\n<p>Par exemple, un don de 15 euros ne vous reviendra qu&rsquo;\u00e0 un peu plus de 5 euros.<br>De m\u00eame, un don de 50 euros ne vous reviendra qu&rsquo;\u00e0 17 euros.<\/p>\n\n\n\n<p class=\"has-primary-color has-text-color\"><strong>Merci pour votre soutien !<\/strong><\/p>\n\n\n\n<p>Trois possibilit\u00e9s s&rsquo;offrent \u00e0 vous :<\/p>\n\n\n\n<h2 class=\"wp-block-heading\" id=\"ligne\">. Faire un don en <strong>ligne<\/strong><a href=\"https:\/\/www.helloasso.com\/associations\/association-france-lyme\/formulaires\/1\"><strong> cliquez ici<\/strong>.<\/a>&nbsp;<\/h2>\n\n\n\n<p>C&rsquo;est une plateforme Helloasso avec paiement s\u00e9curis\u00e9 par certicode. Le re\u00e7u fiscal est envoy\u00e9 <strong>imm\u00e9diatement <\/strong>par courriel. <br>Attention \u00e0 ne pas faire de faute de frappe lorsque vous tapez votre adresse courriel. V\u00e9rifiez bien le contenu de votre courrier ind\u00e9sirable pour trouver la confirmation de don dans votre boite courriel habituelle. S&rsquo;il y a un probl\u00e8me, vous pouvez nous \u00e9crire sur <a href=\"mailto:contact@francelyme.fr\" target=\"_blank\" rel=\"noreferrer noopener\">contact@francelyme.fr<\/a><\/p>\n\n\n\n<h2 class=\"wp-block-heading\" id=\"virement\">. Faire un don par <strong>virement bancaire<\/strong> <\/h2>\n\n\n\n<p>Vous recevrez le RIB par retour de courriel, pour cela, merci d\u2019\u00e9crire \u00e0 <a href=\"mailto:contact@francelyme.fr\" target=\"_blank\" rel=\"noreferrer noopener\">contact@francelyme.fr<\/a> avec vos coordonn\u00e9es (nom, pr\u00e9nom, adresse postale) qui permettront de g\u00e9n\u00e9rer le re\u00e7u fiscal dans un d\u00e9lai d&rsquo;un mois apr\u00e8s r\u00e9ception de votre virement bancaire.<\/p>\n\n\n\n<h2 class=\"wp-block-heading\" id=\"courrier\">. Faire un don par <strong>courrier <\/strong><\/h2>\n\n\n\n<p>En <a href=\"https:\/\/francelyme.fr\/site\/adherer\/#courrier\">compl\u00e9tant le document sous ce lien<\/a> et en l&rsquo;envoyant \u00e0 l&rsquo;adresse indiqu\u00e9e, vous recevrez le re\u00e7u fiscal par courriel ou par courrier postal. <\/p>\n<div class=\"like-button\" style=\"float: right; clear: both; text-align: right; width = 100%;\">\n<!-- Facebook Like Button Vivacity Infotech BEGIN -->\n<div class=\"fb-like\" data-href=\"https:\/\/francelyme.fr\/site\/faire-un-don\/\" data-layout=\"box_count\" data-action=\"like\" data-show-faces=\"false\" data-size=\"large\" data-width=\"450\" data-share=\"1\" ><\/div><\/div>\n<!-- Facebook Like Button Vivacity Infotech END -->\n","protected":false},"excerpt":{"rendered":"","protected":false},"author":1,"featured_media":19350,"parent":0,"menu_order":0,"comment_status":"closed","ping_status":"closed","template":"","meta":{"_mc_calendar":[],"footnotes":""},"class_list":["post-160","page","type-page","status-publish","has-post-thumbnail","hentry"],"yoast_head":"<!-- This site is optimized with the Yoast SEO plugin v27.3 - https:\/\/yoast.com\/product\/yoast-seo-wordpress\/ -->\n<title>Faire un don \u00e0 France Lyme - Association France Lyme<\/title>\n<meta name=\"robots\" content=\"index, follow, max-snippet:-1, max-image-preview:large, max-video-preview:-1\" \/>\n<link rel=\"canonical\" href=\"https:\/\/francelyme.fr\/site\/faire-un-don\/\" \/>\n<meta property=\"og:locale\" content=\"fr_FR\" \/>\n<meta property=\"og:type\" content=\"article\" \/>\n<meta property=\"og:title\" content=\"Faire un don \u00e0 France Lyme - Association France Lyme\" \/>\n<meta property=\"og:url\" content=\"https:\/\/francelyme.fr\/site\/faire-un-don\/\" \/>\n<meta property=\"og:site_name\" content=\"Association France Lyme\" \/>\n<meta property=\"article:publisher\" content=\"https:\/\/www.facebook.com\/france.lyme\" \/>\n<meta property=\"article:modified_time\" content=\"2026-02-20T17:34:52+00:00\" \/>\n<meta property=\"og:image\" content=\"http:\/\/francelyme.fr\/site\/wp-content\/uploads\/2026\/02\/faire-un-don.jpg\" \/>\n\t<meta property=\"og:image:width\" content=\"1536\" \/>\n\t<meta property=\"og:image:height\" content=\"1024\" \/>\n\t<meta property=\"og:image:type\" content=\"image\/jpeg\" \/>\n<meta name=\"twitter:card\" content=\"summary_large_image\" \/>\n<meta name=\"twitter:site\" content=\"@francelyme\" \/>\n<meta name=\"twitter:label1\" content=\"Dur\u00e9e de lecture estim\u00e9e\" \/>\n\t<meta name=\"twitter:data1\" content=\"2 minutes\" \/>\n<script type=\"application\/ld+json\" class=\"yoast-schema-graph\">{\"@context\":\"https:\\\/\\\/schema.org\",\"@graph\":[{\"@type\":\"WebPage\",\"@id\":\"https:\\\/\\\/francelyme.fr\\\/site\\\/faire-un-don\\\/\",\"url\":\"https:\\\/\\\/francelyme.fr\\\/site\\\/faire-un-don\\\/\",\"name\":\"Faire un don \u00e0 France Lyme - Association France Lyme\",\"isPartOf\":{\"@id\":\"https:\\\/\\\/francelyme.fr\\\/site\\\/#website\"},\"primaryImageOfPage\":{\"@id\":\"https:\\\/\\\/francelyme.fr\\\/site\\\/faire-un-don\\\/#primaryimage\"},\"image\":{\"@id\":\"https:\\\/\\\/francelyme.fr\\\/site\\\/faire-un-don\\\/#primaryimage\"},\"thumbnailUrl\":\"https:\\\/\\\/francelyme.fr\\\/site\\\/wp-content\\\/uploads\\\/2026\\\/02\\\/faire-un-don.jpg\",\"datePublished\":\"2019-06-09T15:51:27+00:00\",\"dateModified\":\"2026-02-20T17:34:52+00:00\",\"breadcrumb\":{\"@id\":\"https:\\\/\\\/francelyme.fr\\\/site\\\/faire-un-don\\\/#breadcrumb\"},\"inLanguage\":\"fr-FR\",\"potentialAction\":[{\"@type\":\"ReadAction\",\"target\":[\"https:\\\/\\\/francelyme.fr\\\/site\\\/faire-un-don\\\/\"]}]},{\"@type\":\"ImageObject\",\"inLanguage\":\"fr-FR\",\"@id\":\"https:\\\/\\\/francelyme.fr\\\/site\\\/faire-un-don\\\/#primaryimage\",\"url\":\"https:\\\/\\\/francelyme.fr\\\/site\\\/wp-content\\\/uploads\\\/2026\\\/02\\\/faire-un-don.jpg\",\"contentUrl\":\"https:\\\/\\\/francelyme.fr\\\/site\\\/wp-content\\\/uploads\\\/2026\\\/02\\\/faire-un-don.jpg\",\"width\":1536,\"height\":1024},{\"@type\":\"BreadcrumbList\",\"@id\":\"https:\\\/\\\/francelyme.fr\\\/site\\\/faire-un-don\\\/#breadcrumb\",\"itemListElement\":[{\"@type\":\"ListItem\",\"position\":1,\"name\":\"Accueil\",\"item\":\"https:\\\/\\\/francelyme.fr\\\/site\\\/\"},{\"@type\":\"ListItem\",\"position\":2,\"name\":\"Faire un don \u00e0 France Lyme\"}]},{\"@type\":\"WebSite\",\"@id\":\"https:\\\/\\\/francelyme.fr\\\/site\\\/#website\",\"url\":\"https:\\\/\\\/francelyme.fr\\\/site\\\/\",\"name\":\"Association France Lyme\",\"description\":\"Association de lutte contre les maladies vectorielles \u00e0 tiques\",\"publisher\":{\"@id\":\"https:\\\/\\\/francelyme.fr\\\/site\\\/#organization\"},\"potentialAction\":[{\"@type\":\"SearchAction\",\"target\":{\"@type\":\"EntryPoint\",\"urlTemplate\":\"https:\\\/\\\/francelyme.fr\\\/site\\\/?s={search_term_string}\"},\"query-input\":{\"@type\":\"PropertyValueSpecification\",\"valueRequired\":true,\"valueName\":\"search_term_string\"}}],\"inLanguage\":\"fr-FR\"},{\"@type\":\"Organization\",\"@id\":\"https:\\\/\\\/francelyme.fr\\\/site\\\/#organization\",\"name\":\"France Lyme\",\"url\":\"https:\\\/\\\/francelyme.fr\\\/site\\\/\",\"logo\":{\"@type\":\"ImageObject\",\"inLanguage\":\"fr-FR\",\"@id\":\"https:\\\/\\\/francelyme.fr\\\/site\\\/#\\\/schema\\\/logo\\\/image\\\/\",\"url\":\"https:\\\/\\\/francelyme.fr\\\/site\\\/wp-content\\\/uploads\\\/2019\\\/05\\\/francelyme-site.gif\",\"contentUrl\":\"https:\\\/\\\/francelyme.fr\\\/site\\\/wp-content\\\/uploads\\\/2019\\\/05\\\/francelyme-site.gif\",\"width\":180,\"height\":180,\"caption\":\"France Lyme\"},\"image\":{\"@id\":\"https:\\\/\\\/francelyme.fr\\\/site\\\/#\\\/schema\\\/logo\\\/image\\\/\"},\"sameAs\":[\"https:\\\/\\\/www.facebook.com\\\/france.lyme\",\"https:\\\/\\\/x.com\\\/francelyme\",\"https:\\\/\\\/www.youtube.com\\\/channel\\\/UClMCGl3dvkz0iAgXFR1NH1A\"]}]}<\/script>\n<!-- \/ Yoast SEO plugin. -->","yoast_head_json":{"title":"Faire un don \u00e0 France Lyme - Association France Lyme","robots":{"index":"index","follow":"follow","max-snippet":"max-snippet:-1","max-image-preview":"max-image-preview:large","max-video-preview":"max-video-preview:-1"},"canonical":"https:\/\/francelyme.fr\/site\/faire-un-don\/","og_locale":"fr_FR","og_type":"article","og_title":"Faire un don \u00e0 France Lyme - Association France Lyme","og_url":"https:\/\/francelyme.fr\/site\/faire-un-don\/","og_site_name":"Association France Lyme","article_publisher":"https:\/\/www.facebook.com\/france.lyme","article_modified_time":"2026-02-20T17:34:52+00:00","og_image":[{"width":1536,"height":1024,"url":"http:\/\/francelyme.fr\/site\/wp-content\/uploads\/2026\/02\/faire-un-don.jpg","type":"image\/jpeg"}],"twitter_card":"summary_large_image","twitter_site":"@francelyme","twitter_misc":{"Dur\u00e9e de lecture estim\u00e9e":"2 minutes"},"schema":{"@context":"https:\/\/schema.org","@graph":[{"@type":"WebPage","@id":"https:\/\/francelyme.fr\/site\/faire-un-don\/","url":"https:\/\/francelyme.fr\/site\/faire-un-don\/","name":"Faire un don \u00e0 France Lyme - Association France Lyme","isPartOf":{"@id":"https:\/\/francelyme.fr\/site\/#website"},"primaryImageOfPage":{"@id":"https:\/\/francelyme.fr\/site\/faire-un-don\/#primaryimage"},"image":{"@id":"https:\/\/francelyme.fr\/site\/faire-un-don\/#primaryimage"},"thumbnailUrl":"https:\/\/francelyme.fr\/site\/wp-content\/uploads\/2026\/02\/faire-un-don.jpg","datePublished":"2019-06-09T15:51:27+00:00","dateModified":"2026-02-20T17:34:52+00:00","breadcrumb":{"@id":"https:\/\/francelyme.fr\/site\/faire-un-don\/#breadcrumb"},"inLanguage":"fr-FR","potentialAction":[{"@type":"ReadAction","target":["https:\/\/francelyme.fr\/site\/faire-un-don\/"]}]},{"@type":"ImageObject","inLanguage":"fr-FR","@id":"https:\/\/francelyme.fr\/site\/faire-un-don\/#primaryimage","url":"https:\/\/francelyme.fr\/site\/wp-content\/uploads\/2026\/02\/faire-un-don.jpg","contentUrl":"https:\/\/francelyme.fr\/site\/wp-content\/uploads\/2026\/02\/faire-un-don.jpg","width":1536,"height":1024},{"@type":"BreadcrumbList","@id":"https:\/\/francelyme.fr\/site\/faire-un-don\/#breadcrumb","itemListElement":[{"@type":"ListItem","position":1,"name":"Accueil","item":"https:\/\/francelyme.fr\/site\/"},{"@type":"ListItem","position":2,"name":"Faire un don \u00e0 France Lyme"}]},{"@type":"WebSite","@id":"https:\/\/francelyme.fr\/site\/#website","url":"https:\/\/francelyme.fr\/site\/","name":"Association France Lyme","description":"Association de lutte contre les maladies vectorielles \u00e0 tiques","publisher":{"@id":"https:\/\/francelyme.fr\/site\/#organization"},"potentialAction":[{"@type":"SearchAction","target":{"@type":"EntryPoint","urlTemplate":"https:\/\/francelyme.fr\/site\/?s={search_term_string}"},"query-input":{"@type":"PropertyValueSpecification","valueRequired":true,"valueName":"search_term_string"}}],"inLanguage":"fr-FR"},{"@type":"Organization","@id":"https:\/\/francelyme.fr\/site\/#organization","name":"France Lyme","url":"https:\/\/francelyme.fr\/site\/","logo":{"@type":"ImageObject","inLanguage":"fr-FR","@id":"https:\/\/francelyme.fr\/site\/#\/schema\/logo\/image\/","url":"https:\/\/francelyme.fr\/site\/wp-content\/uploads\/2019\/05\/francelyme-site.gif","contentUrl":"https:\/\/francelyme.fr\/site\/wp-content\/uploads\/2019\/05\/francelyme-site.gif","width":180,"height":180,"caption":"France Lyme"},"image":{"@id":"https:\/\/francelyme.fr\/site\/#\/schema\/logo\/image\/"},"sameAs":["https:\/\/www.facebook.com\/france.lyme","https:\/\/x.com\/francelyme","https:\/\/www.youtube.com\/channel\/UClMCGl3dvkz0iAgXFR1NH1A"]}]}},"_links":{"self":[{"href":"https:\/\/francelyme.fr\/site\/wp-json\/wp\/v2\/pages\/160","targetHints":{"allow":["GET"]}}],"collection":[{"href":"https:\/\/francelyme.fr\/site\/wp-json\/wp\/v2\/pages"}],"about":[{"href":"https:\/\/francelyme.fr\/site\/wp-json\/wp\/v2\/types\/page"}],"author":[{"embeddable":true,"href":"https:\/\/francelyme.fr\/site\/wp-json\/wp\/v2\/users\/1"}],"replies":[{"embeddable":true,"href":"https:\/\/francelyme.fr\/site\/wp-json\/wp\/v2\/comments?post=160"}],"version-history":[{"count":18,"href":"https:\/\/francelyme.fr\/site\/wp-json\/wp\/v2\/pages\/160\/revisions"}],"predecessor-version":[{"id":19351,"href":"https:\/\/francelyme.fr\/site\/wp-json\/wp\/v2\/pages\/160\/revisions\/19351"}],"wp:featuredmedia":[{"embeddable":true,"href":"https:\/\/francelyme.fr\/site\/wp-json\/wp\/v2\/media\/19350"}],"wp:attachment":[{"href":"https:\/\/francelyme.fr\/site\/wp-json\/wp\/v2\/media?parent=160"}],"curies":[{"name":"wp","href":"https:\/\/api.w.org\/{rel}","templated":true}]}}