{"id":2411,"date":"2019-06-09T09:56:49","date_gmt":"2019-06-09T07:56:49","guid":{"rendered":"http:\/\/francelyme.fr\/?page_id=2411"},"modified":"2026-02-20T18:42:39","modified_gmt":"2026-02-20T17:42:39","slug":"agir","status":"publish","type":"page","link":"https:\/\/francelyme.fr\/site\/agir\/","title":{"rendered":"Comment participer et aider France Lyme"},"content":{"rendered":"<div class=\"like-button\" style=\"float: right; clear: both; text-align: right; width = 100%;\">\n<!-- Facebook Like Button Vivacity Infotech BEGIN -->\n<div class=\"fb-like\" data-href=\"https:\/\/francelyme.fr\/site\/agir\/\" data-layout=\"box_count\" data-action=\"like\" data-show-faces=\"false\" data-size=\"large\" data-width=\"450\" data-share=\"1\" ><\/div><\/div>\n<!-- Facebook Like Button Vivacity Infotech END -->\n<div id=\"fb-root\"><\/div>\n\n<figure class=\"wp-block-table is-style-stripes\"><table class=\"has-fixed-layout\"><tbody><tr><td><a href=\"https:\/\/francelyme.fr\/site\/faire-un-don\/#ligne\" target=\"_blank\" rel=\"noreferrer noopener\">Donner<\/a><\/td><td><a href=\"https:\/\/francelyme.fr\/site\/adherer\/#types\" target=\"_blank\" rel=\"noreferrer noopener\">Adh\u00e9rer<\/a><\/td><\/tr><tr><td><a href=\"#shirt\">Courez, marchez, roulez, aux couleurs de France Lyme<\/a><\/td><td><a href=\"#lilo\">Lilo<\/a><\/td><\/tr><tr><td><a href=\"#agir\">Agir<\/a><\/td><td><a href=\"#benevole\">B\u00e9n\u00e9voler<\/a><\/td><\/tr><tr><td><a href=\"#professionnel\">Professionnel<\/a><\/td><td><\/td><\/tr><\/tbody><\/table><\/figure>\n\n\n\n<h2 class=\"wp-block-heading\" id=\"don\"><a href=\"https:\/\/francelyme.fr\/site\/faire-un-don\/#ligne\" target=\"_blank\" rel=\"noreferrer noopener\">Je fais un don<\/a><\/h2>\n\n\n\n<p>Vous pouvez faire un <a href=\"https:\/\/francelyme.fr\/site\/faire-un-don\/#virement\" target=\"_blank\" rel=\"noreferrer noopener\">don en ligne<\/a>, par <a href=\"http:\/\/francelyme.fr\/site\/wp-content\/uploads\/2023\/06\/ADHESION-2023.pdf\" target=\"_blank\" rel=\"noreferrer noopener\">voie postale<\/a> ou par <a href=\"https:\/\/francelyme.fr\/site\/faire-un-don\/\">virement bancaire<\/a><\/p>\n\n\n\n<p>Il sera comptabilis\u00e9 pour la d\u00e9duction fiscale de vos imp\u00f4ts, chaque don donnant droit \u00e0 une d\u00e9duction fiscale de 66%, c&rsquo;est les deux tiers de votre don. Le re\u00e7u fiscal est envoy\u00e9 automatiquement par Helloasso et \u00e0 posteriori pour les autres voies.<\/p>\n\n\n\n<h2 class=\"wp-block-heading\" id=\"adherent\"><a href=\"https:\/\/francelyme.fr\/site\/adherer\/#types\" target=\"_blank\" rel=\"noreferrer noopener\">Je deviens adh\u00e9rent<\/a><\/h2>\n\n\n\n<p>Vous pouvez adh\u00e9rer, pour soutenir l&rsquo;association avec votre cotisation, <a href=\"https:\/\/www.helloasso.com\/associations\/association-france-lyme\/adhesions\/j-adhere-a-france-lyme\">en ligne<\/a> ou par <a href=\"https:\/\/francelyme.fr\/site\/adherer\/#courrier\" target=\"_blank\" rel=\"noreferrer noopener\">voie postale<\/a><\/p>\n\n\n\n<p>Vous pouvez faire <a href=\"https:\/\/www.helloasso.com\/associations\/association-france-lyme\/adhesions\/adhesion-membre-ami\" target=\"_blank\" rel=\"noreferrer noopener\">adh\u00e9rer votre famille et vos amis en ligne et gratuitement, c&rsquo;est important d&rsquo;avoir un nombre de membres amis cons\u00e9quent<\/a>.<\/p>\n\n\n\n<h2 class=\"wp-block-heading\" id=\"shirt\"><a href=\"https:\/\/www.helloasso.com\/associations\/association-france-lyme\/boutiques\/la-boutique-en-ligne-de-france-lyme\" target=\"_blank\" rel=\"noreferrer noopener\">Je porte un t-shirt aux couleurs de France Lyme<\/a><\/h2>\n\n\n\n<p>Courez, marchez, roulez, aux couleurs de France Lyme : Nous proposons des kits avec t-shirt au logo de l&rsquo;association, stylo, bande dessin\u00e9e de pr\u00e9vention, tire-tique, autocollant et noeud vert en tissu. <br>Avec votre commande, vous apportez du soutien dans nos actions : merci !<\/p>\n\n\n\n<h2 class=\"wp-block-heading\" id=\"lilo\"><a href=\"https:\/\/francelyme.fr\/site\/agir\/#lilo\" target=\"_blank\" rel=\"noreferrer noopener\">Je peux utiliser Lilo comme moteur de recherche<\/a><\/h2>\n\n\n\n<p>C&rsquo;est gratuit pour vous car nous profitons des gouttes d&rsquo;eau accumul\u00e9es lors de vos recherches internet, et <strong>concr\u00e8tement pour nous aider<\/strong>, il vous suffit de cliquer sur le lien <a href=\"http:\/\/www.lilo.org\/fr\/?utm_source=france-lyme\">http:\/\/www.lilo.org\/fr\/?utm_source=france-lyme<\/a>, puis sur \u201cAjouter Lilo \u00e0 Chrome\u201d ou \u00e0 votre navigateur favori.<\/p>\n\n\n\n<p><a href=\"https:\/\/francelyme.fr\/site\/lilo-le-moteur-de-recherche-qui-finance-des-projets-solidaires\/\" target=\"_blank\" rel=\"noreferrer noopener\">En savoir plus<\/a><\/p>\n\n\n\n<h2 class=\"wp-block-heading has-primary-color has-text-color\" id=\"professionnel\"><a href=\"https:\/\/francelyme.fr\/site\/agir\/#professionnel\" target=\"_blank\" rel=\"noreferrer noopener\">Je suis professionnel et je fais de la pr\u00e9vention<\/a><\/h2>\n\n\n\n<p><strong>Vous \u00eates m\u00e9decins ? Vous exercez une profession de sant\u00e9 ?<\/strong><br>M\u00e9decins g\u00e9n\u00e9ralistes, gyn\u00e9cologues, radiologues, psychologues,&nbsp; m\u00e9decine du travail, cabinets d\u2019infirmi\u00e8r.e.s, sage-femmes, kin\u00e9sith\u00e9rapeutes, ost\u00e9opathes, sophrologues, \u2026.<\/p>\n\n\n\n<p><strong>Apposez une <a href=\"https:\/\/francelyme.fr\/site\/prevention\/#Affiches\" target=\"_blank\" rel=\"noreferrer noopener\">affiche France Lyme<\/a> <\/strong>dans votre salle d\u2019attente, pour informer&nbsp;vos patients et patientes du soutien de l\u2019association.<\/p>\n\n\n\n<h2 class=\"wp-block-heading has-primary-color has-text-color\" id=\"agir\"><a href=\"https:\/\/francelyme.fr\/site\/agir\/#agir\" target=\"_blank\" rel=\"noreferrer noopener\">Je peux agir autour de moi<\/a><\/h2>\n\n\n\n<h3 class=\"wp-block-heading\">&gt; Faites de la pr\u00e9vention autour de vous !<\/h3>\n\n\n\n<p>\u00e0 votre m\u00e9decin, pharmacien, kin\u00e9, infirmi\u00e8re, au club de rando ou canin, de votre municipalit\u00e9, \u00e0 l&rsquo;\u00e9cole, &#8230;<br>France Lyme propose gratuitement des&nbsp;<a href=\"https:\/\/francelyme.fr\/site\/prevention\/#public\" target=\"_blank\" rel=\"noreferrer noopener\">plaquettes d&rsquo;information<\/a>, des&nbsp;<a href=\"https:\/\/francelyme.fr\/site\/prevention\/#Affiches\" target=\"_blank\" rel=\"noreferrer noopener\">affiches<\/a> en demandant sur prevention@francelyme.fr , des <a href=\"https:\/\/francelyme.fr\/site\/prevention\/#kit\">supports p\u00e9dagogiques pour le milieu scolaire<\/a> ou un <a href=\"https:\/\/francelyme.fr\/site\/prevention\/#bulletin\">texte de pr\u00e9vention pour la mairie<\/a>.<\/p>\n\n\n\n<p>Tous nos documents de pr\u00e9vention : <a href=\"https:\/\/francelyme.fr\/site\/prevention\"><\/a><a href=\"https:\/\/francelyme.fr\/site\/prevention\/\">https:\/\/francelyme.fr\/site\/prevention<\/a><\/p>\n\n\n\n<h3 class=\"wp-block-heading\">&gt; Rapprochez-vous de la section la plus proche<\/h3>\n\n\n\n<div class=\"wp-block-media-text alignwide is-stacked-on-mobile\" style=\"grid-template-columns:21% auto\"><figure class=\"wp-block-media-text__media\"><img loading=\"lazy\" decoding=\"async\" width=\"1024\" height=\"683\" src=\"http:\/\/francelyme.fr\/site\/wp-content\/uploads\/2026\/02\/Carte-france-1024x683.jpg\" alt=\"\" class=\"wp-image-19353 size-full\" srcset=\"https:\/\/francelyme.fr\/site\/wp-content\/uploads\/2026\/02\/Carte-france-1024x683.jpg 1024w, https:\/\/francelyme.fr\/site\/wp-content\/uploads\/2026\/02\/Carte-france-300x200.jpg 300w, https:\/\/francelyme.fr\/site\/wp-content\/uploads\/2026\/02\/Carte-france-768x512.jpg 768w, https:\/\/francelyme.fr\/site\/wp-content\/uploads\/2026\/02\/Carte-france-1320x880.jpg 1320w, https:\/\/francelyme.fr\/site\/wp-content\/uploads\/2026\/02\/Carte-france.jpg 1536w\" sizes=\"auto, (max-width: 1024px) 100vw, 1024px\" \/><\/figure><div class=\"wp-block-media-text__content\">\n<p style=\"font-size:18px\">Je trouve la section <a href=\"https:\/\/francelyme.fr\/site\/carte-des-sections-locales\">existante proche de moi<\/a><\/p>\n<\/div><\/div>\n\n\n\n<h2 class=\"wp-block-heading\" id=\"benevole\"><a href=\"https:\/\/francelyme.fr\/site\/agir\/#benevole\" target=\"_blank\" rel=\"noreferrer noopener\">Je peux devenir b\u00e9n\u00e9vole<\/a><\/h2>\n\n\n\n<h3 class=\"wp-block-heading\">&gt; Aidez l&rsquo;association avec vos comp\u00e9tences !<\/h3>\n\n\n\n<p>France Lyme a besoin de b\u00e9n\u00e9voles. Vous pourrez trouver le b\u00e9n\u00e9volat qui vous plait.<br>Ce sont des actions qui seraient tr\u00e8s utiles \u00e0 l&rsquo;association et \u00e0 la cause de Lyme, mais qui ne sont pas faites, par manque de temps. Donc m\u00eame si ces actions ne sont pas r\u00e9alis\u00e9es enti\u00e8rement, ce sera d\u00e9j\u00e0 une belle avanc\u00e9e.&nbsp; Le temps marqu\u00e9 est le temps maximal que peut prendre l&rsquo;action.<\/p>\n\n\n\n<p>N&rsquo;h\u00e9sitez pas \u00e9galement \u00e0 nous proposer ce que vous savez faire :<strong> organisation de groupe de travail, animateur r\u00e9seau, ressources humaines, traduction, lev\u00e9e de fond, relations presse, community manager, charg\u00e9 de communication, pr\u00e9vention envers les enfants dans les \u00e9coles, etc&#8230;<\/strong> et plein d&rsquo;autres choses !<\/p>\n\n\n\n<p>Dites-nous ce que vous savez faire : <strong><a href=\"mailto:contact@francelyme.fr\">contact@francelyme.fr<\/a><\/strong><\/p>\n\n\n\n<h3 class=\"wp-block-heading\">&gt; Les besoins de b\u00e9n\u00e9volat actuels<\/h3>\n\n\n\n<p>Nous vous invitons \u00e0 lire attentivement nos statuts et notre r\u00e8glement int\u00e9rieur qui pr\u00e9cisent le fonctionnement de notre association.<br><a href=\"https:\/\/francelyme.fr\/WordPress3\/Documents\/2019\/02\/2019.01.09-Reglement-interieur.pdf\">Comme le pr\u00e9cise le r\u00e8glement int\u00e9rieur (article 7)<\/a>, le bureau souhaiterait que les membres du CA apportent une comp\u00e9tence sp\u00e9cifique. Voici ci-dessous le type de comp\u00e9tences dont le CA a le plus besoin actuellement :<\/p>\n\n\n\n<p>* <strong>Animation des sections locales pour l\u2019organisation des \u00e9v\u00e9nements associatifs<\/strong> (id\u00e9alement 2 personnes) :<br>&#8211; \u00c9v\u00e9nement de petite et grande ampleur<br>&#8211; Prise de contact t\u00e9l\u00e9phonique avec les personnes se proposant pour du b\u00e9n\u00e9volat<br>&#8211; Explications du fonctionnement envers les nouveaux b\u00e9n\u00e9voles qui prennent en charge une section locale pour l\u2019organisation de rencontres, de stands, \u2026etc<br>&#8211; Suivi de la d\u00e9claration des \u00e9v\u00e9nements<br>&#8211; Suivi de la gestion de l\u2019argent r\u00e9colt\u00e9 sur les stands<br>Logiciel et site internet : Word, Excel, forum phpBB, Doodle, Skype, R\u00e9seaux sociaux (Facebook)<\/p>\n\n\n\n<p><strong>* Relations publiques envers les institutionnels, les entreprises, les donateurs, les soutiens :<\/strong><br>Pour ce groupe de travail \u00ab Lev\u00e9e de fonds \u00bb, nous avons besoin d\u2019aide pour la constitution d\u2019appels de fond aupr\u00e8s des structures publiques et priv\u00e9es, pour la constitution et la tenue de fichiers avec la cr\u00e9ation des documents (pr\u00e9sentation de l\u2019association, communiqu\u00e9 de presse, \u2026).<\/p>\n\n\n\n<p>Dites-nous ce que vous voulez faire : <strong><a href=\"mailto:contact@francelyme.fr\" target=\"_blank\" rel=\"noreferrer noopener\">contact@francelyme.fr<\/a><\/strong><\/p>\n<div class=\"like-button\" style=\"float: right; clear: both; text-align: right; width = 100%;\">\n<!-- Facebook Like Button Vivacity Infotech BEGIN -->\n<div class=\"fb-like\" data-href=\"https:\/\/francelyme.fr\/site\/agir\/\" data-layout=\"box_count\" data-action=\"like\" data-show-faces=\"false\" data-size=\"large\" data-width=\"450\" data-share=\"1\" ><\/div><\/div>\n<!-- Facebook Like Button Vivacity Infotech END -->\n","protected":false},"excerpt":{"rendered":"","protected":false},"author":1,"featured_media":19348,"parent":0,"menu_order":0,"comment_status":"closed","ping_status":"closed","template":"","meta":{"_mc_calendar":[],"footnotes":""},"class_list":["post-2411","page","type-page","status-publish","has-post-thumbnail","hentry"],"yoast_head":"<!-- This site is optimized with the Yoast SEO plugin v27.3 - https:\/\/yoast.com\/product\/yoast-seo-wordpress\/ -->\n<title>Comment participer et aider France Lyme - Association France Lyme<\/title>\n<meta name=\"robots\" content=\"index, follow, max-snippet:-1, max-image-preview:large, max-video-preview:-1\" \/>\n<link rel=\"canonical\" href=\"https:\/\/francelyme.fr\/site\/agir\/\" \/>\n<meta property=\"og:locale\" content=\"fr_FR\" \/>\n<meta property=\"og:type\" content=\"article\" \/>\n<meta property=\"og:title\" content=\"Comment participer et aider France Lyme - Association France Lyme\" \/>\n<meta property=\"og:url\" content=\"https:\/\/francelyme.fr\/site\/agir\/\" \/>\n<meta property=\"og:site_name\" content=\"Association France Lyme\" \/>\n<meta property=\"article:publisher\" content=\"https:\/\/www.facebook.com\/france.lyme\" \/>\n<meta property=\"article:modified_time\" content=\"2026-02-20T17:42:39+00:00\" \/>\n<meta property=\"og:image\" content=\"http:\/\/francelyme.fr\/site\/wp-content\/uploads\/2026\/02\/Aide-1.jpg\" \/>\n\t<meta property=\"og:image:width\" content=\"1536\" \/>\n\t<meta property=\"og:image:height\" content=\"1024\" \/>\n\t<meta property=\"og:image:type\" content=\"image\/jpeg\" \/>\n<meta name=\"twitter:card\" content=\"summary_large_image\" \/>\n<meta name=\"twitter:site\" content=\"@francelyme\" \/>\n<meta name=\"twitter:label1\" content=\"Dur\u00e9e de lecture estim\u00e9e\" \/>\n\t<meta name=\"twitter:data1\" content=\"4 minutes\" \/>\n<script type=\"application\/ld+json\" class=\"yoast-schema-graph\">{\"@context\":\"https:\\\/\\\/schema.org\",\"@graph\":[{\"@type\":\"WebPage\",\"@id\":\"https:\\\/\\\/francelyme.fr\\\/site\\\/agir\\\/\",\"url\":\"https:\\\/\\\/francelyme.fr\\\/site\\\/agir\\\/\",\"name\":\"Comment participer et aider France Lyme - Association France Lyme\",\"isPartOf\":{\"@id\":\"https:\\\/\\\/francelyme.fr\\\/site\\\/#website\"},\"primaryImageOfPage\":{\"@id\":\"https:\\\/\\\/francelyme.fr\\\/site\\\/agir\\\/#primaryimage\"},\"image\":{\"@id\":\"https:\\\/\\\/francelyme.fr\\\/site\\\/agir\\\/#primaryimage\"},\"thumbnailUrl\":\"https:\\\/\\\/francelyme.fr\\\/site\\\/wp-content\\\/uploads\\\/2026\\\/02\\\/Aide-1.jpg\",\"datePublished\":\"2019-06-09T07:56:49+00:00\",\"dateModified\":\"2026-02-20T17:42:39+00:00\",\"breadcrumb\":{\"@id\":\"https:\\\/\\\/francelyme.fr\\\/site\\\/agir\\\/#breadcrumb\"},\"inLanguage\":\"fr-FR\",\"potentialAction\":[{\"@type\":\"ReadAction\",\"target\":[\"https:\\\/\\\/francelyme.fr\\\/site\\\/agir\\\/\"]}]},{\"@type\":\"ImageObject\",\"inLanguage\":\"fr-FR\",\"@id\":\"https:\\\/\\\/francelyme.fr\\\/site\\\/agir\\\/#primaryimage\",\"url\":\"https:\\\/\\\/francelyme.fr\\\/site\\\/wp-content\\\/uploads\\\/2026\\\/02\\\/Aide-1.jpg\",\"contentUrl\":\"https:\\\/\\\/francelyme.fr\\\/site\\\/wp-content\\\/uploads\\\/2026\\\/02\\\/Aide-1.jpg\",\"width\":1536,\"height\":1024},{\"@type\":\"BreadcrumbList\",\"@id\":\"https:\\\/\\\/francelyme.fr\\\/site\\\/agir\\\/#breadcrumb\",\"itemListElement\":[{\"@type\":\"ListItem\",\"position\":1,\"name\":\"Accueil\",\"item\":\"https:\\\/\\\/francelyme.fr\\\/site\\\/\"},{\"@type\":\"ListItem\",\"position\":2,\"name\":\"Comment participer et aider France Lyme\"}]},{\"@type\":\"WebSite\",\"@id\":\"https:\\\/\\\/francelyme.fr\\\/site\\\/#website\",\"url\":\"https:\\\/\\\/francelyme.fr\\\/site\\\/\",\"name\":\"Association France Lyme\",\"description\":\"Association de lutte contre les maladies vectorielles \u00e0 tiques\",\"publisher\":{\"@id\":\"https:\\\/\\\/francelyme.fr\\\/site\\\/#organization\"},\"potentialAction\":[{\"@type\":\"SearchAction\",\"target\":{\"@type\":\"EntryPoint\",\"urlTemplate\":\"https:\\\/\\\/francelyme.fr\\\/site\\\/?s={search_term_string}\"},\"query-input\":{\"@type\":\"PropertyValueSpecification\",\"valueRequired\":true,\"valueName\":\"search_term_string\"}}],\"inLanguage\":\"fr-FR\"},{\"@type\":\"Organization\",\"@id\":\"https:\\\/\\\/francelyme.fr\\\/site\\\/#organization\",\"name\":\"France Lyme\",\"url\":\"https:\\\/\\\/francelyme.fr\\\/site\\\/\",\"logo\":{\"@type\":\"ImageObject\",\"inLanguage\":\"fr-FR\",\"@id\":\"https:\\\/\\\/francelyme.fr\\\/site\\\/#\\\/schema\\\/logo\\\/image\\\/\",\"url\":\"https:\\\/\\\/francelyme.fr\\\/site\\\/wp-content\\\/uploads\\\/2019\\\/05\\\/francelyme-site.gif\",\"contentUrl\":\"https:\\\/\\\/francelyme.fr\\\/site\\\/wp-content\\\/uploads\\\/2019\\\/05\\\/francelyme-site.gif\",\"width\":180,\"height\":180,\"caption\":\"France Lyme\"},\"image\":{\"@id\":\"https:\\\/\\\/francelyme.fr\\\/site\\\/#\\\/schema\\\/logo\\\/image\\\/\"},\"sameAs\":[\"https:\\\/\\\/www.facebook.com\\\/france.lyme\",\"https:\\\/\\\/x.com\\\/francelyme\",\"https:\\\/\\\/www.youtube.com\\\/channel\\\/UClMCGl3dvkz0iAgXFR1NH1A\"]}]}<\/script>\n<!-- \/ Yoast SEO plugin. -->","yoast_head_json":{"title":"Comment participer et aider France Lyme - Association France Lyme","robots":{"index":"index","follow":"follow","max-snippet":"max-snippet:-1","max-image-preview":"max-image-preview:large","max-video-preview":"max-video-preview:-1"},"canonical":"https:\/\/francelyme.fr\/site\/agir\/","og_locale":"fr_FR","og_type":"article","og_title":"Comment participer et aider France Lyme - Association France Lyme","og_url":"https:\/\/francelyme.fr\/site\/agir\/","og_site_name":"Association France Lyme","article_publisher":"https:\/\/www.facebook.com\/france.lyme","article_modified_time":"2026-02-20T17:42:39+00:00","og_image":[{"width":1536,"height":1024,"url":"http:\/\/francelyme.fr\/site\/wp-content\/uploads\/2026\/02\/Aide-1.jpg","type":"image\/jpeg"}],"twitter_card":"summary_large_image","twitter_site":"@francelyme","twitter_misc":{"Dur\u00e9e de lecture estim\u00e9e":"4 minutes"},"schema":{"@context":"https:\/\/schema.org","@graph":[{"@type":"WebPage","@id":"https:\/\/francelyme.fr\/site\/agir\/","url":"https:\/\/francelyme.fr\/site\/agir\/","name":"Comment participer et aider France Lyme - Association France Lyme","isPartOf":{"@id":"https:\/\/francelyme.fr\/site\/#website"},"primaryImageOfPage":{"@id":"https:\/\/francelyme.fr\/site\/agir\/#primaryimage"},"image":{"@id":"https:\/\/francelyme.fr\/site\/agir\/#primaryimage"},"thumbnailUrl":"https:\/\/francelyme.fr\/site\/wp-content\/uploads\/2026\/02\/Aide-1.jpg","datePublished":"2019-06-09T07:56:49+00:00","dateModified":"2026-02-20T17:42:39+00:00","breadcrumb":{"@id":"https:\/\/francelyme.fr\/site\/agir\/#breadcrumb"},"inLanguage":"fr-FR","potentialAction":[{"@type":"ReadAction","target":["https:\/\/francelyme.fr\/site\/agir\/"]}]},{"@type":"ImageObject","inLanguage":"fr-FR","@id":"https:\/\/francelyme.fr\/site\/agir\/#primaryimage","url":"https:\/\/francelyme.fr\/site\/wp-content\/uploads\/2026\/02\/Aide-1.jpg","contentUrl":"https:\/\/francelyme.fr\/site\/wp-content\/uploads\/2026\/02\/Aide-1.jpg","width":1536,"height":1024},{"@type":"BreadcrumbList","@id":"https:\/\/francelyme.fr\/site\/agir\/#breadcrumb","itemListElement":[{"@type":"ListItem","position":1,"name":"Accueil","item":"https:\/\/francelyme.fr\/site\/"},{"@type":"ListItem","position":2,"name":"Comment participer et aider France Lyme"}]},{"@type":"WebSite","@id":"https:\/\/francelyme.fr\/site\/#website","url":"https:\/\/francelyme.fr\/site\/","name":"Association France Lyme","description":"Association de lutte contre les maladies vectorielles \u00e0 tiques","publisher":{"@id":"https:\/\/francelyme.fr\/site\/#organization"},"potentialAction":[{"@type":"SearchAction","target":{"@type":"EntryPoint","urlTemplate":"https:\/\/francelyme.fr\/site\/?s={search_term_string}"},"query-input":{"@type":"PropertyValueSpecification","valueRequired":true,"valueName":"search_term_string"}}],"inLanguage":"fr-FR"},{"@type":"Organization","@id":"https:\/\/francelyme.fr\/site\/#organization","name":"France Lyme","url":"https:\/\/francelyme.fr\/site\/","logo":{"@type":"ImageObject","inLanguage":"fr-FR","@id":"https:\/\/francelyme.fr\/site\/#\/schema\/logo\/image\/","url":"https:\/\/francelyme.fr\/site\/wp-content\/uploads\/2019\/05\/francelyme-site.gif","contentUrl":"https:\/\/francelyme.fr\/site\/wp-content\/uploads\/2019\/05\/francelyme-site.gif","width":180,"height":180,"caption":"France Lyme"},"image":{"@id":"https:\/\/francelyme.fr\/site\/#\/schema\/logo\/image\/"},"sameAs":["https:\/\/www.facebook.com\/france.lyme","https:\/\/x.com\/francelyme","https:\/\/www.youtube.com\/channel\/UClMCGl3dvkz0iAgXFR1NH1A"]}]}},"_links":{"self":[{"href":"https:\/\/francelyme.fr\/site\/wp-json\/wp\/v2\/pages\/2411","targetHints":{"allow":["GET"]}}],"collection":[{"href":"https:\/\/francelyme.fr\/site\/wp-json\/wp\/v2\/pages"}],"about":[{"href":"https:\/\/francelyme.fr\/site\/wp-json\/wp\/v2\/types\/page"}],"author":[{"embeddable":true,"href":"https:\/\/francelyme.fr\/site\/wp-json\/wp\/v2\/users\/1"}],"replies":[{"embeddable":true,"href":"https:\/\/francelyme.fr\/site\/wp-json\/wp\/v2\/comments?post=2411"}],"version-history":[{"count":37,"href":"https:\/\/francelyme.fr\/site\/wp-json\/wp\/v2\/pages\/2411\/revisions"}],"predecessor-version":[{"id":19354,"href":"https:\/\/francelyme.fr\/site\/wp-json\/wp\/v2\/pages\/2411\/revisions\/19354"}],"wp:featuredmedia":[{"embeddable":true,"href":"https:\/\/francelyme.fr\/site\/wp-json\/wp\/v2\/media\/19348"}],"wp:attachment":[{"href":"https:\/\/francelyme.fr\/site\/wp-json\/wp\/v2\/media?parent=2411"}],"curies":[{"name":"wp","href":"https:\/\/api.w.org\/{rel}","templated":true}]}}