{"id":4159,"date":"2019-06-08T10:47:15","date_gmt":"2019-06-08T08:47:15","guid":{"rendered":"http:\/\/francelyme.fr\/?page_id=4159"},"modified":"2026-02-20T18:57:59","modified_gmt":"2026-02-20T17:57:59","slug":"contacter-france-lyme","status":"publish","type":"page","link":"https:\/\/francelyme.fr\/site\/contacter-france-lyme\/","title":{"rendered":"Contacter France Lyme"},"content":{"rendered":"<div class=\"like-button\" style=\"float: right; clear: both; text-align: right; width = 100%;\">\n<!-- Facebook Like Button Vivacity Infotech BEGIN -->\n<div class=\"fb-like\" data-href=\"https:\/\/francelyme.fr\/site\/contacter-france-lyme\/\" data-layout=\"box_count\" data-action=\"like\" data-show-faces=\"false\" data-size=\"large\" data-width=\"450\" data-share=\"1\" ><\/div><\/div>\n<!-- Facebook Like Button Vivacity Infotech END -->\n<div id=\"fb-root\"><\/div>\n\n<ul class=\"wp-block-list\">\n<li><a href=\"#courriel\">Courriel<\/a>\n<ul class=\"wp-block-list\">\n<li><a href=\"#perso\">Pour une aide personnelle, pour \u00e9crire au service d&rsquo;aide aux malades, pour s&rsquo;orienter dans le parcours de soins<\/a><\/li>\n\n\n\n<li><a href=\"#question\">Pour toute question ou commentaire<\/a><\/li>\n\n\n\n<li><a href=\"#local\">Pour les actions locales de pr\u00e9vention<\/a><\/li>\n<\/ul>\n<\/li>\n\n\n\n<li><a href=\"#courrier\">Par courrier<\/a><\/li>\n\n\n\n<li><a href=\"#tel\">Par t\u00e9l\u00e9phone<\/a><\/li>\n<\/ul>\n\n\n\n<p>Soyez patients, car les b\u00e9n\u00e9voles de l&rsquo;association font leur possible pour r\u00e9pondre rapidement&#8230;<\/p>\n\n\n\n<h2 class=\"wp-block-heading has-text-color has-link-color wp-elements-90c61f087a45f49e1dd9c60433027ea9\" id=\"courriel\" style=\"color:#3de301\"><strong>Par Courriel<\/strong><\/h2>\n\n\n\n<h4 class=\"wp-block-heading\" id=\"perso\">>> Pour une\u00a0aide personnelle, pour \u00e9crire au service d&rsquo;aide aux malades, pour s&rsquo;orienter dans le parcours de soins<\/h4>\n\n\n\n<div class=\"wp-block-media-text alignwide\" style=\"grid-template-columns:37% auto\"><figure class=\"wp-block-media-text__media\"><img loading=\"lazy\" decoding=\"async\" width=\"1536\" height=\"1024\" src=\"http:\/\/francelyme.fr\/site\/wp-content\/uploads\/2026\/02\/Poser-une-question-1.png\" alt=\"\" class=\"wp-image-19261 size-full\" srcset=\"https:\/\/francelyme.fr\/site\/wp-content\/uploads\/2026\/02\/Poser-une-question-1.png 1536w, https:\/\/francelyme.fr\/site\/wp-content\/uploads\/2026\/02\/Poser-une-question-1-300x200.png 300w\" sizes=\"auto, (max-width: 1536px) 100vw, 1536px\" \/><\/figure><div class=\"wp-block-media-text__content\">\n<p class=\"has-primary-color has-text-color has-link-color has-medium-font-size wp-elements-10abd667b7a5a422374c9038ac91d89f\"><a href=\"https:\/\/francelyme.fr\/site\/trouver-un-medecin\/\">C&rsquo;est ici pour <\/a>poser une question si vous n&rsquo;avez pas trouv\u00e9 la r\u00e9ponse sur le site<\/p>\n<\/div><\/div>\n\n\n\n<h4 class=\"wp-block-heading\" id=\"question\">&gt;&gt; Pour toute question ou commentaire, \u00e9crire \u00e0 France Lyme<\/h4>\n\n\n\n<p><a href=\"mailto:contact@francelyme.fr\">contact@francelyme.fr<\/a><\/p>\n\n\n\n<h4 class=\"wp-block-heading\" id=\"local\">&gt;&gt; Pour les actions locales de pr\u00e9vention<\/h4>\n\n\n\n<p>Les sections s&rsquo;occupent des actions&nbsp;locales (rencontre, stand de pr\u00e9vention, conf\u00e9rence, &#8230;) et&nbsp;n&rsquo;ont pas pour but de vous aider au niveau m\u00e9dical. <\/p>\n\n\n\n<div class=\"wp-block-media-text alignwide\" style=\"grid-template-columns:25% auto\"><figure class=\"wp-block-media-text__media\"><img loading=\"lazy\" decoding=\"async\" width=\"1024\" height=\"683\" src=\"http:\/\/francelyme.fr\/site\/wp-content\/uploads\/2026\/02\/Carte-france-1024x683.jpg\" alt=\"\" class=\"wp-image-19353 size-full\" srcset=\"https:\/\/francelyme.fr\/site\/wp-content\/uploads\/2026\/02\/Carte-france-1024x683.jpg 1024w, https:\/\/francelyme.fr\/site\/wp-content\/uploads\/2026\/02\/Carte-france-300x200.jpg 300w, https:\/\/francelyme.fr\/site\/wp-content\/uploads\/2026\/02\/Carte-france-768x512.jpg 768w, https:\/\/francelyme.fr\/site\/wp-content\/uploads\/2026\/02\/Carte-france-1320x880.jpg 1320w, https:\/\/francelyme.fr\/site\/wp-content\/uploads\/2026\/02\/Carte-france.jpg 1536w\" sizes=\"auto, (max-width: 1024px) 100vw, 1024px\" \/><\/figure><div class=\"wp-block-media-text__content\">\n<p style=\"font-size:18px\">Trouver la section la plus proche : <a href=\"https:\/\/francelyme.fr\/site\/carte-des-sections-locales\/\">https:\/\/francelyme.fr\/site\/carte-des-sections-locales\/<\/a><\/p>\n<\/div><\/div>\n\n\n\n<p>Les sections actives sont d\u00e9partementales ou r\u00e9gionales.<br>Si vous souhaitez participer \u00e0 la cr\u00e9ation d&rsquo;une nouvelle section locale, vous pouvez \u00e9crire \u00e0 <a href=\"mailto:contact@francelyme.fr\" target=\"_blank\" rel=\"noreferrer noopener\">contact@francelyme.fr<\/a> <br>Vous ne trouvez pas ce que vous cherchez, \u00e9crivez-nous <a href=\"mailto:contact@francelyme.fr\">contact@francelyme.fr<\/a><\/p>\n\n\n\n<h2 class=\"wp-block-heading has-text-color has-link-color wp-elements-f115033237783268af3c9c2a1dc8f9fe\" id=\"courrier\" style=\"color:#3de301\">Par courrier avec cette adresse postale<\/h2>\n\n\n\n<p>Association France Lyme <br><strong>4 Rue de la R\u00e9publique <br>69001 LYON<\/strong><br>(merci de joindre un timbre pour le courrier r\u00e9ponse)<\/p>\n\n\n\n<p>Pour l&rsquo;envoi d&rsquo;un dossier ou d&rsquo;un livre, merci de nous contacter pour recevoir une adresse postale plus adapt\u00e9e, \u00e9crivez-nous <a href=\"mailto:contact@francelyme.fr\">contact@francelyme.fr<\/a> <\/p>\n\n\n\n<h2 class=\"wp-block-heading has-text-color has-link-color wp-elements-16df31ec1be76a5872ee302ed5cffbd3\" id=\"tel\" style=\"color:#3de301\">Par T\u00e9l\u00e9phone<\/h2>\n\n\n\n<p>En raison d&rsquo;un manque de b\u00e9n\u00e9voles, nous ne pouvons pas r\u00e9pondre au t\u00e9l\u00e9phone mais nous sommes \u00e0 votre disposition sur tous les autres supports. \ud83d\ude42<br>Merci de votre compr\u00e9hension.<\/p>\n\n\n\n<p class=\"has-dark-gray-color has-text-color\"><em>Les informations recueillies font l\u2019objet d\u2019un traitement informatique. Conform\u00e9ment aux articles 39 et suivants de la loi n\u00b0 78-17 du 6 janvier 1978 modifi\u00e9e en 2004 relative \u00e0 l\u2019informatique, aux fichiers et aux libert\u00e9s, toute personne peut obtenir communication et, le cas \u00e9ch\u00e9ant, rectification ou suppression des informations la concernant, en s\u2019adressant au bureau de France Lyme (<a href=\"mailto:bureau@francelyme.fr\">bureau@francelyme.fr<\/a>).<\/em><br><em>Vous \u00eates susceptibles de recevoir des courriels de notre part sur la vie de l&rsquo;association (lettres d&rsquo;information) et sur les actions (rencontres amicales) de votre r\u00e9gion. Si vous ne le souhaitez pas, veuillez \u00e9crire \u00e0 contact@francelyme.fr<\/em><\/p>\n<div class=\"like-button\" style=\"float: right; clear: both; text-align: right; width = 100%;\">\n<!-- Facebook Like Button Vivacity Infotech BEGIN -->\n<div class=\"fb-like\" data-href=\"https:\/\/francelyme.fr\/site\/contacter-france-lyme\/\" data-layout=\"box_count\" data-action=\"like\" data-show-faces=\"false\" data-size=\"large\" data-width=\"450\" data-share=\"1\" ><\/div><\/div>\n<!-- Facebook Like Button Vivacity Infotech END -->\n","protected":false},"excerpt":{"rendered":"","protected":false},"author":1,"featured_media":19363,"parent":0,"menu_order":1,"comment_status":"closed","ping_status":"closed","template":"","meta":{"_mc_calendar":[],"footnotes":""},"class_list":["post-4159","page","type-page","status-publish","has-post-thumbnail","hentry"],"yoast_head":"<!-- This site is optimized with the Yoast SEO plugin v27.3 - https:\/\/yoast.com\/product\/yoast-seo-wordpress\/ -->\n<title>Contacter France Lyme - Association France Lyme<\/title>\n<meta name=\"robots\" content=\"index, follow, max-snippet:-1, max-image-preview:large, max-video-preview:-1\" \/>\n<link rel=\"canonical\" href=\"https:\/\/francelyme.fr\/site\/contacter-france-lyme\/\" \/>\n<meta property=\"og:locale\" content=\"fr_FR\" \/>\n<meta property=\"og:type\" content=\"article\" \/>\n<meta property=\"og:title\" content=\"Contacter France Lyme - Association France Lyme\" \/>\n<meta property=\"og:url\" content=\"https:\/\/francelyme.fr\/site\/contacter-france-lyme\/\" \/>\n<meta property=\"og:site_name\" content=\"Association France Lyme\" \/>\n<meta property=\"article:publisher\" content=\"https:\/\/www.facebook.com\/france.lyme\" \/>\n<meta property=\"article:modified_time\" content=\"2026-02-20T17:57:59+00:00\" \/>\n<meta property=\"og:image\" content=\"http:\/\/francelyme.fr\/site\/wp-content\/uploads\/2026\/02\/Nous-contacter.jpg\" \/>\n\t<meta property=\"og:image:width\" content=\"1536\" \/>\n\t<meta property=\"og:image:height\" content=\"1024\" \/>\n\t<meta property=\"og:image:type\" content=\"image\/jpeg\" \/>\n<meta name=\"twitter:card\" content=\"summary_large_image\" \/>\n<meta name=\"twitter:site\" content=\"@francelyme\" \/>\n<meta name=\"twitter:label1\" content=\"Dur\u00e9e de lecture estim\u00e9e\" \/>\n\t<meta name=\"twitter:data1\" content=\"3 minutes\" \/>\n<script type=\"application\/ld+json\" class=\"yoast-schema-graph\">{\"@context\":\"https:\\\/\\\/schema.org\",\"@graph\":[{\"@type\":\"WebPage\",\"@id\":\"https:\\\/\\\/francelyme.fr\\\/site\\\/contacter-france-lyme\\\/\",\"url\":\"https:\\\/\\\/francelyme.fr\\\/site\\\/contacter-france-lyme\\\/\",\"name\":\"Contacter France Lyme - Association France Lyme\",\"isPartOf\":{\"@id\":\"https:\\\/\\\/francelyme.fr\\\/site\\\/#website\"},\"primaryImageOfPage\":{\"@id\":\"https:\\\/\\\/francelyme.fr\\\/site\\\/contacter-france-lyme\\\/#primaryimage\"},\"image\":{\"@id\":\"https:\\\/\\\/francelyme.fr\\\/site\\\/contacter-france-lyme\\\/#primaryimage\"},\"thumbnailUrl\":\"https:\\\/\\\/francelyme.fr\\\/site\\\/wp-content\\\/uploads\\\/2026\\\/02\\\/Nous-contacter.jpg\",\"datePublished\":\"2019-06-08T08:47:15+00:00\",\"dateModified\":\"2026-02-20T17:57:59+00:00\",\"breadcrumb\":{\"@id\":\"https:\\\/\\\/francelyme.fr\\\/site\\\/contacter-france-lyme\\\/#breadcrumb\"},\"inLanguage\":\"fr-FR\",\"potentialAction\":[{\"@type\":\"ReadAction\",\"target\":[\"https:\\\/\\\/francelyme.fr\\\/site\\\/contacter-france-lyme\\\/\"]}]},{\"@type\":\"ImageObject\",\"inLanguage\":\"fr-FR\",\"@id\":\"https:\\\/\\\/francelyme.fr\\\/site\\\/contacter-france-lyme\\\/#primaryimage\",\"url\":\"https:\\\/\\\/francelyme.fr\\\/site\\\/wp-content\\\/uploads\\\/2026\\\/02\\\/Nous-contacter.jpg\",\"contentUrl\":\"https:\\\/\\\/francelyme.fr\\\/site\\\/wp-content\\\/uploads\\\/2026\\\/02\\\/Nous-contacter.jpg\",\"width\":1536,\"height\":1024},{\"@type\":\"BreadcrumbList\",\"@id\":\"https:\\\/\\\/francelyme.fr\\\/site\\\/contacter-france-lyme\\\/#breadcrumb\",\"itemListElement\":[{\"@type\":\"ListItem\",\"position\":1,\"name\":\"Accueil\",\"item\":\"https:\\\/\\\/francelyme.fr\\\/site\\\/\"},{\"@type\":\"ListItem\",\"position\":2,\"name\":\"Contacter France Lyme\"}]},{\"@type\":\"WebSite\",\"@id\":\"https:\\\/\\\/francelyme.fr\\\/site\\\/#website\",\"url\":\"https:\\\/\\\/francelyme.fr\\\/site\\\/\",\"name\":\"Association France Lyme\",\"description\":\"Association de lutte contre les maladies vectorielles \u00e0 tiques\",\"publisher\":{\"@id\":\"https:\\\/\\\/francelyme.fr\\\/site\\\/#organization\"},\"potentialAction\":[{\"@type\":\"SearchAction\",\"target\":{\"@type\":\"EntryPoint\",\"urlTemplate\":\"https:\\\/\\\/francelyme.fr\\\/site\\\/?s={search_term_string}\"},\"query-input\":{\"@type\":\"PropertyValueSpecification\",\"valueRequired\":true,\"valueName\":\"search_term_string\"}}],\"inLanguage\":\"fr-FR\"},{\"@type\":\"Organization\",\"@id\":\"https:\\\/\\\/francelyme.fr\\\/site\\\/#organization\",\"name\":\"France Lyme\",\"url\":\"https:\\\/\\\/francelyme.fr\\\/site\\\/\",\"logo\":{\"@type\":\"ImageObject\",\"inLanguage\":\"fr-FR\",\"@id\":\"https:\\\/\\\/francelyme.fr\\\/site\\\/#\\\/schema\\\/logo\\\/image\\\/\",\"url\":\"https:\\\/\\\/francelyme.fr\\\/site\\\/wp-content\\\/uploads\\\/2019\\\/05\\\/francelyme-site.gif\",\"contentUrl\":\"https:\\\/\\\/francelyme.fr\\\/site\\\/wp-content\\\/uploads\\\/2019\\\/05\\\/francelyme-site.gif\",\"width\":180,\"height\":180,\"caption\":\"France Lyme\"},\"image\":{\"@id\":\"https:\\\/\\\/francelyme.fr\\\/site\\\/#\\\/schema\\\/logo\\\/image\\\/\"},\"sameAs\":[\"https:\\\/\\\/www.facebook.com\\\/france.lyme\",\"https:\\\/\\\/x.com\\\/francelyme\",\"https:\\\/\\\/www.youtube.com\\\/channel\\\/UClMCGl3dvkz0iAgXFR1NH1A\"]}]}<\/script>\n<!-- \/ Yoast SEO plugin. -->","yoast_head_json":{"title":"Contacter France Lyme - Association France Lyme","robots":{"index":"index","follow":"follow","max-snippet":"max-snippet:-1","max-image-preview":"max-image-preview:large","max-video-preview":"max-video-preview:-1"},"canonical":"https:\/\/francelyme.fr\/site\/contacter-france-lyme\/","og_locale":"fr_FR","og_type":"article","og_title":"Contacter France Lyme - Association France Lyme","og_url":"https:\/\/francelyme.fr\/site\/contacter-france-lyme\/","og_site_name":"Association France Lyme","article_publisher":"https:\/\/www.facebook.com\/france.lyme","article_modified_time":"2026-02-20T17:57:59+00:00","og_image":[{"width":1536,"height":1024,"url":"http:\/\/francelyme.fr\/site\/wp-content\/uploads\/2026\/02\/Nous-contacter.jpg","type":"image\/jpeg"}],"twitter_card":"summary_large_image","twitter_site":"@francelyme","twitter_misc":{"Dur\u00e9e de lecture estim\u00e9e":"3 minutes"},"schema":{"@context":"https:\/\/schema.org","@graph":[{"@type":"WebPage","@id":"https:\/\/francelyme.fr\/site\/contacter-france-lyme\/","url":"https:\/\/francelyme.fr\/site\/contacter-france-lyme\/","name":"Contacter France Lyme - Association France Lyme","isPartOf":{"@id":"https:\/\/francelyme.fr\/site\/#website"},"primaryImageOfPage":{"@id":"https:\/\/francelyme.fr\/site\/contacter-france-lyme\/#primaryimage"},"image":{"@id":"https:\/\/francelyme.fr\/site\/contacter-france-lyme\/#primaryimage"},"thumbnailUrl":"https:\/\/francelyme.fr\/site\/wp-content\/uploads\/2026\/02\/Nous-contacter.jpg","datePublished":"2019-06-08T08:47:15+00:00","dateModified":"2026-02-20T17:57:59+00:00","breadcrumb":{"@id":"https:\/\/francelyme.fr\/site\/contacter-france-lyme\/#breadcrumb"},"inLanguage":"fr-FR","potentialAction":[{"@type":"ReadAction","target":["https:\/\/francelyme.fr\/site\/contacter-france-lyme\/"]}]},{"@type":"ImageObject","inLanguage":"fr-FR","@id":"https:\/\/francelyme.fr\/site\/contacter-france-lyme\/#primaryimage","url":"https:\/\/francelyme.fr\/site\/wp-content\/uploads\/2026\/02\/Nous-contacter.jpg","contentUrl":"https:\/\/francelyme.fr\/site\/wp-content\/uploads\/2026\/02\/Nous-contacter.jpg","width":1536,"height":1024},{"@type":"BreadcrumbList","@id":"https:\/\/francelyme.fr\/site\/contacter-france-lyme\/#breadcrumb","itemListElement":[{"@type":"ListItem","position":1,"name":"Accueil","item":"https:\/\/francelyme.fr\/site\/"},{"@type":"ListItem","position":2,"name":"Contacter France Lyme"}]},{"@type":"WebSite","@id":"https:\/\/francelyme.fr\/site\/#website","url":"https:\/\/francelyme.fr\/site\/","name":"Association France Lyme","description":"Association de lutte contre les maladies vectorielles \u00e0 tiques","publisher":{"@id":"https:\/\/francelyme.fr\/site\/#organization"},"potentialAction":[{"@type":"SearchAction","target":{"@type":"EntryPoint","urlTemplate":"https:\/\/francelyme.fr\/site\/?s={search_term_string}"},"query-input":{"@type":"PropertyValueSpecification","valueRequired":true,"valueName":"search_term_string"}}],"inLanguage":"fr-FR"},{"@type":"Organization","@id":"https:\/\/francelyme.fr\/site\/#organization","name":"France Lyme","url":"https:\/\/francelyme.fr\/site\/","logo":{"@type":"ImageObject","inLanguage":"fr-FR","@id":"https:\/\/francelyme.fr\/site\/#\/schema\/logo\/image\/","url":"https:\/\/francelyme.fr\/site\/wp-content\/uploads\/2019\/05\/francelyme-site.gif","contentUrl":"https:\/\/francelyme.fr\/site\/wp-content\/uploads\/2019\/05\/francelyme-site.gif","width":180,"height":180,"caption":"France Lyme"},"image":{"@id":"https:\/\/francelyme.fr\/site\/#\/schema\/logo\/image\/"},"sameAs":["https:\/\/www.facebook.com\/france.lyme","https:\/\/x.com\/francelyme","https:\/\/www.youtube.com\/channel\/UClMCGl3dvkz0iAgXFR1NH1A"]}]}},"_links":{"self":[{"href":"https:\/\/francelyme.fr\/site\/wp-json\/wp\/v2\/pages\/4159","targetHints":{"allow":["GET"]}}],"collection":[{"href":"https:\/\/francelyme.fr\/site\/wp-json\/wp\/v2\/pages"}],"about":[{"href":"https:\/\/francelyme.fr\/site\/wp-json\/wp\/v2\/types\/page"}],"author":[{"embeddable":true,"href":"https:\/\/francelyme.fr\/site\/wp-json\/wp\/v2\/users\/1"}],"replies":[{"embeddable":true,"href":"https:\/\/francelyme.fr\/site\/wp-json\/wp\/v2\/comments?post=4159"}],"version-history":[{"count":30,"href":"https:\/\/francelyme.fr\/site\/wp-json\/wp\/v2\/pages\/4159\/revisions"}],"predecessor-version":[{"id":19362,"href":"https:\/\/francelyme.fr\/site\/wp-json\/wp\/v2\/pages\/4159\/revisions\/19362"}],"wp:featuredmedia":[{"embeddable":true,"href":"https:\/\/francelyme.fr\/site\/wp-json\/wp\/v2\/media\/19363"}],"wp:attachment":[{"href":"https:\/\/francelyme.fr\/site\/wp-json\/wp\/v2\/media?parent=4159"}],"curies":[{"name":"wp","href":"https:\/\/api.w.org\/{rel}","templated":true}]}}