{"id":945,"date":"2019-06-09T19:59:25","date_gmt":"2019-06-09T17:59:25","guid":{"rendered":"http:\/\/francelyme.fr\/WordPress3\/?page_id=945"},"modified":"2023-04-23T23:10:07","modified_gmt":"2023-04-23T21:10:07","slug":"sabonner-a-la-newsletter-france-lyme","status":"publish","type":"page","link":"https:\/\/francelyme.fr\/site\/sabonner-a-la-newsletter-france-lyme\/","title":{"rendered":"Restez inform\u00e9 de l&rsquo;actualit\u00e9 de France Lyme"},"content":{"rendered":"<div class=\"like-button\" style=\"float: right; clear: both; text-align: right; width = 100%;\">\n<!-- Facebook Like Button Vivacity Infotech BEGIN -->\n<div class=\"fb-like\" data-href=\"https:\/\/francelyme.fr\/site\/sabonner-a-la-newsletter-france-lyme\/\" data-layout=\"box_count\" data-action=\"like\" data-show-faces=\"false\" data-size=\"large\" data-width=\"450\" data-share=\"1\" ><\/div><\/div>\n<!-- Facebook Like Button Vivacity Infotech END -->\n<div id=\"fb-root\"><\/div>\n\n<p class=\"has-primary-color has-text-color has-medium-font-size\">Le mieux ? <\/p>\n\n\n\n<p class=\"has-text-color has-medium-font-size\" style=\"color:#088e17\">Devenir membre amis, vous remplissez le formulaire et vous recevez la lettre d&rsquo;information,<\/p>\n\n\n\n<p><a href=\"https:\/\/www.helloasso.com\/associations\/association-france-lyme\/adhesions\/adhesion-membre-ami\">en cliquant sur ce lien<\/a><\/p>\n\n\n\n<p><\/p>\n\n\n\n<p>Sinon vous pouvez :<\/p>\n\n\n\n<ul class=\"wp-block-list\"><li>devenir membre actif <a href=\"https:\/\/www.helloasso.com\/associations\/association-france-lyme\/adhesions\/j-adhere-a-france-lyme\" target=\"_blank\" rel=\"noreferrer noopener\">en cliquant sur ce lien <\/a><\/li><\/ul>\n\n\n\n<ul class=\"wp-block-list\"><li>Nous suivre sur les r\u00e9seaux sociaux pour notre actualit\u00e9 sur notre <a href=\"https:\/\/www.facebook.com\/associationfrancelyme\" target=\"_blank\" rel=\"noreferrer noopener\">page Facebook<\/a> et notre <a href=\"https:\/\/twitter.com\/francelyme\" target=\"_blank\" rel=\"noreferrer noopener\">compte Twitter<\/a>.<\/li><\/ul>\n\n\n\n<ul class=\"has-electric-grass-gradient-background has-background wp-block-list\"><li><strong>S&rsquo;abonner \u00e0 la lettre d&rsquo;information<\/strong><\/li><\/ul>\n\n\n\n<p><strong>Pour vous abonner \u00e0 la lettre d&rsquo;information, merci de remplir le formulaire ci-dessous.<\/strong> Vous recevrez ensuite un e-mail sur l&rsquo;adresse que vous donnez pour confirmer votre abonnement.<\/p>\n\n\n\n  \n  \n  <div class=\"\n    mailpoet_form_popup_overlay\n      \"><\/div>\n  <div\n    id=\"mailpoet_form_1\"\n    class=\"\n      mailpoet_form\n      mailpoet_form_shortcode\n      mailpoet_form_position_\n      mailpoet_form_animation_\n    \"\n      >\n\n    <style type=\"text\/css\">\n     #mailpoet_form_1 .mailpoet_form {  }\n#mailpoet_form_1 .mailpoet_paragraph { line-height: 20px; }\n#mailpoet_form_1 .mailpoet_segment_label, #mailpoet_form_1 .mailpoet_text_label, #mailpoet_form_1 .mailpoet_textarea_label, #mailpoet_form_1 .mailpoet_select_label, #mailpoet_form_1 .mailpoet_radio_label, #mailpoet_form_1 .mailpoet_checkbox_label, #mailpoet_form_1 .mailpoet_list_label, #mailpoet_form_1 .mailpoet_date_label { display: block; font-weight: bold; }\n#mailpoet_form_1 .mailpoet_text, #mailpoet_form_1 .mailpoet_textarea, #mailpoet_form_1 .mailpoet_select, #mailpoet_form_1 .mailpoet_date_month, #mailpoet_form_1 .mailpoet_date_day, #mailpoet_form_1 .mailpoet_date_year, #mailpoet_form_1 .mailpoet_date { display: block; }\n#mailpoet_form_1 .mailpoet_text, #mailpoet_form_1 .mailpoet_textarea { width: 200px; }\n#mailpoet_form_1 .mailpoet_checkbox {  }\n#mailpoet_form_1 .mailpoet_submit input {  }\n#mailpoet_form_1 .mailpoet_divider {  }\n#mailpoet_form_1 .mailpoet_message {  }\n#mailpoet_form_1 .mailpoet_validate_success { font-weight: 600; color: #468847; }\n#mailpoet_form_1 .mailpoet_validate_error { color: #b94a48; }\n#mailpoet_form_1 .mailpoet_form_loading { width: 30px; text-align: center; line-height: normal; }\n#mailpoet_form_1 .mailpoet_form_loading > span { width: 5px; height: 5px; background-color: #5b5b5b; }#mailpoet_form_1{border-radius: 0px;text-align: left;}#mailpoet_form_1 form.mailpoet_form {padding: 20px;}#mailpoet_form_1{width: 100%;}#mailpoet_form_1 .mailpoet_message {margin: 0; padding: 0 20px;}#mailpoet_form_1 .mailpoet_paragraph.last {margin-bottom: 0} @media (max-width: 500px) {#mailpoet_form_1 {background-image: none;}} @media (min-width: 500px) {#mailpoet_form_1 .last .mailpoet_paragraph:last-child {margin-bottom: 0}}  @media (max-width: 500px) {#mailpoet_form_1 .mailpoet_form_column:last-child .mailpoet_paragraph:last-child {margin-bottom: 0}} \n    <\/style>\n\n    <form\n      target=\"_self\"\n      method=\"post\"\n      action=\"https:\/\/francelyme.fr\/site\/wp-admin\/admin-post.php?action=mailpoet_subscription_form\"\n      class=\"mailpoet_form mailpoet_form_form mailpoet_form_shortcode\"\n      novalidate\n      data-delay=\"\"\n      data-exit-intent-enabled=\"\"\n      data-trigger-mode=\"\"\n      data-click-trigger-selector=\"\"\n      data-font-family=\"\"\n      data-cookie-expiration-time=\"\"\n    >\n      <input type=\"hidden\" name=\"data[form_id]\" value=\"1\" \/>\n      <input type=\"hidden\" name=\"token\" value=\"eb34216c94\" \/>\n      <input type=\"hidden\" name=\"api_version\" value=\"v1\" \/>\n      <input type=\"hidden\" name=\"endpoint\" value=\"subscribers\" \/>\n      <input type=\"hidden\" name=\"mailpoet_method\" value=\"subscribe\" \/>\n\n      <label class=\"mailpoet_hp_email_label\" style=\"display: none !important;\">Veuillez laisser ce champ vide<input type=\"email\" name=\"data[email]\"\/><\/label><div class=\"mailpoet_paragraph \"><label for=\"form_first_name_1\" class=\"mailpoet_text_label\"  data-automation-id=\"form_first_name_label\" >Pr\u00e9nom<\/label><input type=\"text\" autocomplete=\"given-name\" class=\"mailpoet_text\" id=\"form_first_name_1\" name=\"data[form_field_NWY4N2Q1NWNmODAyX2ZpcnN0X25hbWU=]\" title=\"Pr\u00e9nom\" value=\"\" style=\"padding:5px;margin: 0 auto 0 0;\" data-automation-id=\"form_first_name\" data-parsley-errors-container=\".mailpoet_error_17cru\" data-parsley-names='[&quot;Veuillez sp\u00e9cifier un nom valide.&quot;,&quot;Les adresses dans les noms ne sont pas autoris\u00e9es, veuillez ajouter votre nom \u00e0 la place.&quot;]'\/><span class=\"mailpoet_error_17cru\"><\/span><\/div>\n<div class=\"mailpoet_paragraph \"><label for=\"form_email_1\" class=\"mailpoet_text_label\"  data-automation-id=\"form_email_label\" >E-mail&nbsp;<span class=\"mailpoet_required\" aria-hidden=\"true\">*<\/span><\/label><input type=\"email\" autocomplete=\"email\" class=\"mailpoet_text\" id=\"form_email_1\" name=\"data[form_field_NTNlMzllMmMyNDc5X2VtYWls]\" title=\"E-mail\" value=\"\" style=\"padding:5px;margin: 0 auto 0 0;\" data-automation-id=\"form_email\" data-parsley-errors-container=\".mailpoet_error_1fhh9\" data-parsley-required=\"true\" required aria-required=\"true\" data-parsley-minlength=\"6\" data-parsley-maxlength=\"150\" data-parsley-type-message=\"Cette valeur doit \u00eatre un e-mail valide.\" data-parsley-required-message=\"Ce champ est n\u00e9cessaire.\"\/><span class=\"mailpoet_error_1fhh9\"><\/span><\/div>\n<div class=\"mailpoet_paragraph \" >Nous gardons vos donn\u00e9es priv\u00e9es et ne les partageons qu\u2019avec les tierces parties qui rendent ce service possible.<\/div>\n<div class=\"mailpoet_paragraph \"><input type=\"submit\" class=\"mailpoet_submit\" value=\"Je m\u2019abonne\u00a0!\" data-automation-id=\"subscribe-submit-button\" style=\"padding:5px;margin: 0 auto 0 0;border-color:transparent;\" \/><span class=\"mailpoet_form_loading\"><span class=\"mailpoet_bounce1\"><\/span><span class=\"mailpoet_bounce2\"><\/span><span class=\"mailpoet_bounce3\"><\/span><\/span><\/div>\n\n      <div class=\"mailpoet_message\">\n        <p class=\"mailpoet_validate_success\"\n                style=\"display:none;\"\n                >V\u00e9rifiez votre boite de r\u00e9ception ou votre r\u00e9pertoire d\u2019ind\u00e9sirables pour confirmer votre abonnement.\n        <\/p>\n        <p class=\"mailpoet_validate_error\"\n                style=\"display:none;\"\n                >        <\/p>\n      <\/div>\n    <\/form>\n\n      <\/div>\n\n  \n<div class=\"like-button\" style=\"float: right; clear: both; text-align: right; width = 100%;\">\n<!-- Facebook Like Button Vivacity Infotech BEGIN -->\n<div class=\"fb-like\" data-href=\"https:\/\/francelyme.fr\/site\/sabonner-a-la-newsletter-france-lyme\/\" data-layout=\"box_count\" data-action=\"like\" data-show-faces=\"false\" data-size=\"large\" data-width=\"450\" data-share=\"1\" ><\/div><\/div>\n<!-- Facebook Like Button Vivacity Infotech END -->\n","protected":false},"excerpt":{"rendered":"","protected":false},"author":1,"featured_media":9104,"parent":0,"menu_order":4,"comment_status":"closed","ping_status":"closed","template":"","meta":{"_mc_calendar":[],"footnotes":""},"class_list":["post-945","page","type-page","status-publish","has-post-thumbnail","hentry"],"yoast_head":"<!-- This site is optimized with the Yoast SEO plugin v27.5 - https:\/\/yoast.com\/product\/yoast-seo-wordpress\/ -->\n<title>Restez inform\u00e9 de l&#039;actualit\u00e9 de France Lyme - Association France Lyme<\/title>\n<meta name=\"robots\" content=\"index, follow, max-snippet:-1, max-image-preview:large, max-video-preview:-1\" \/>\n<link rel=\"canonical\" href=\"https:\/\/francelyme.fr\/site\/sabonner-a-la-newsletter-france-lyme\/\" \/>\n<meta property=\"og:locale\" content=\"fr_FR\" \/>\n<meta property=\"og:type\" content=\"article\" \/>\n<meta property=\"og:title\" content=\"Restez inform\u00e9 de l&#039;actualit\u00e9 de France Lyme - Association France Lyme\" \/>\n<meta property=\"og:url\" content=\"https:\/\/francelyme.fr\/site\/sabonner-a-la-newsletter-france-lyme\/\" \/>\n<meta property=\"og:site_name\" content=\"Association France Lyme\" \/>\n<meta property=\"article:publisher\" content=\"https:\/\/www.facebook.com\/france.lyme\" \/>\n<meta property=\"article:modified_time\" content=\"2023-04-23T21:10:07+00:00\" \/>\n<meta property=\"og:image\" content=\"https:\/\/francelyme.fr\/site\/wp-content\/uploads\/2019\/05\/Rester-informe.jpg\" \/>\n\t<meta property=\"og:image:width\" content=\"2560\" \/>\n\t<meta property=\"og:image:height\" content=\"1080\" \/>\n\t<meta property=\"og:image:type\" content=\"image\/jpeg\" \/>\n<meta name=\"twitter:card\" content=\"summary_large_image\" \/>\n<meta name=\"twitter:site\" content=\"@francelyme\" \/>\n<script type=\"application\/ld+json\" class=\"yoast-schema-graph\">{\"@context\":\"https:\\\/\\\/schema.org\",\"@graph\":[{\"@type\":\"WebPage\",\"@id\":\"https:\\\/\\\/francelyme.fr\\\/site\\\/sabonner-a-la-newsletter-france-lyme\\\/\",\"url\":\"https:\\\/\\\/francelyme.fr\\\/site\\\/sabonner-a-la-newsletter-france-lyme\\\/\",\"name\":\"Restez inform\u00e9 de l'actualit\u00e9 de France Lyme - Association France Lyme\",\"isPartOf\":{\"@id\":\"https:\\\/\\\/francelyme.fr\\\/site\\\/#website\"},\"primaryImageOfPage\":{\"@id\":\"https:\\\/\\\/francelyme.fr\\\/site\\\/sabonner-a-la-newsletter-france-lyme\\\/#primaryimage\"},\"image\":{\"@id\":\"https:\\\/\\\/francelyme.fr\\\/site\\\/sabonner-a-la-newsletter-france-lyme\\\/#primaryimage\"},\"thumbnailUrl\":\"https:\\\/\\\/francelyme.fr\\\/site\\\/wp-content\\\/uploads\\\/2019\\\/05\\\/Rester-informe.jpg\",\"datePublished\":\"2019-06-09T17:59:25+00:00\",\"dateModified\":\"2023-04-23T21:10:07+00:00\",\"breadcrumb\":{\"@id\":\"https:\\\/\\\/francelyme.fr\\\/site\\\/sabonner-a-la-newsletter-france-lyme\\\/#breadcrumb\"},\"inLanguage\":\"fr-FR\",\"potentialAction\":[{\"@type\":\"ReadAction\",\"target\":[\"https:\\\/\\\/francelyme.fr\\\/site\\\/sabonner-a-la-newsletter-france-lyme\\\/\"]}]},{\"@type\":\"ImageObject\",\"inLanguage\":\"fr-FR\",\"@id\":\"https:\\\/\\\/francelyme.fr\\\/site\\\/sabonner-a-la-newsletter-france-lyme\\\/#primaryimage\",\"url\":\"https:\\\/\\\/francelyme.fr\\\/site\\\/wp-content\\\/uploads\\\/2019\\\/05\\\/Rester-informe.jpg\",\"contentUrl\":\"https:\\\/\\\/francelyme.fr\\\/site\\\/wp-content\\\/uploads\\\/2019\\\/05\\\/Rester-informe.jpg\",\"width\":2560,\"height\":1080,\"caption\":\"Rester Inform\u00e9\"},{\"@type\":\"BreadcrumbList\",\"@id\":\"https:\\\/\\\/francelyme.fr\\\/site\\\/sabonner-a-la-newsletter-france-lyme\\\/#breadcrumb\",\"itemListElement\":[{\"@type\":\"ListItem\",\"position\":1,\"name\":\"Accueil\",\"item\":\"https:\\\/\\\/francelyme.fr\\\/site\\\/\"},{\"@type\":\"ListItem\",\"position\":2,\"name\":\"Restez inform\u00e9 de l&#8217;actualit\u00e9 de France Lyme\"}]},{\"@type\":\"WebSite\",\"@id\":\"https:\\\/\\\/francelyme.fr\\\/site\\\/#website\",\"url\":\"https:\\\/\\\/francelyme.fr\\\/site\\\/\",\"name\":\"Association France Lyme\",\"description\":\"Association de lutte contre les maladies vectorielles \u00e0 tiques\",\"publisher\":{\"@id\":\"https:\\\/\\\/francelyme.fr\\\/site\\\/#organization\"},\"potentialAction\":[{\"@type\":\"SearchAction\",\"target\":{\"@type\":\"EntryPoint\",\"urlTemplate\":\"https:\\\/\\\/francelyme.fr\\\/site\\\/?s={search_term_string}\"},\"query-input\":{\"@type\":\"PropertyValueSpecification\",\"valueRequired\":true,\"valueName\":\"search_term_string\"}}],\"inLanguage\":\"fr-FR\"},{\"@type\":\"Organization\",\"@id\":\"https:\\\/\\\/francelyme.fr\\\/site\\\/#organization\",\"name\":\"France Lyme\",\"url\":\"https:\\\/\\\/francelyme.fr\\\/site\\\/\",\"logo\":{\"@type\":\"ImageObject\",\"inLanguage\":\"fr-FR\",\"@id\":\"https:\\\/\\\/francelyme.fr\\\/site\\\/#\\\/schema\\\/logo\\\/image\\\/\",\"url\":\"https:\\\/\\\/francelyme.fr\\\/site\\\/wp-content\\\/uploads\\\/2019\\\/05\\\/francelyme-site.gif\",\"contentUrl\":\"https:\\\/\\\/francelyme.fr\\\/site\\\/wp-content\\\/uploads\\\/2019\\\/05\\\/francelyme-site.gif\",\"width\":180,\"height\":180,\"caption\":\"France Lyme\"},\"image\":{\"@id\":\"https:\\\/\\\/francelyme.fr\\\/site\\\/#\\\/schema\\\/logo\\\/image\\\/\"},\"sameAs\":[\"https:\\\/\\\/www.facebook.com\\\/france.lyme\",\"https:\\\/\\\/x.com\\\/francelyme\",\"https:\\\/\\\/www.youtube.com\\\/channel\\\/UClMCGl3dvkz0iAgXFR1NH1A\"]}]}<\/script>\n<!-- \/ Yoast SEO plugin. -->","yoast_head_json":{"title":"Restez inform\u00e9 de l'actualit\u00e9 de France Lyme - Association France Lyme","robots":{"index":"index","follow":"follow","max-snippet":"max-snippet:-1","max-image-preview":"max-image-preview:large","max-video-preview":"max-video-preview:-1"},"canonical":"https:\/\/francelyme.fr\/site\/sabonner-a-la-newsletter-france-lyme\/","og_locale":"fr_FR","og_type":"article","og_title":"Restez inform\u00e9 de l'actualit\u00e9 de France Lyme - Association France Lyme","og_url":"https:\/\/francelyme.fr\/site\/sabonner-a-la-newsletter-france-lyme\/","og_site_name":"Association France Lyme","article_publisher":"https:\/\/www.facebook.com\/france.lyme","article_modified_time":"2023-04-23T21:10:07+00:00","og_image":[{"width":2560,"height":1080,"url":"https:\/\/francelyme.fr\/site\/wp-content\/uploads\/2019\/05\/Rester-informe.jpg","type":"image\/jpeg"}],"twitter_card":"summary_large_image","twitter_site":"@francelyme","schema":{"@context":"https:\/\/schema.org","@graph":[{"@type":"WebPage","@id":"https:\/\/francelyme.fr\/site\/sabonner-a-la-newsletter-france-lyme\/","url":"https:\/\/francelyme.fr\/site\/sabonner-a-la-newsletter-france-lyme\/","name":"Restez inform\u00e9 de l'actualit\u00e9 de France Lyme - Association France Lyme","isPartOf":{"@id":"https:\/\/francelyme.fr\/site\/#website"},"primaryImageOfPage":{"@id":"https:\/\/francelyme.fr\/site\/sabonner-a-la-newsletter-france-lyme\/#primaryimage"},"image":{"@id":"https:\/\/francelyme.fr\/site\/sabonner-a-la-newsletter-france-lyme\/#primaryimage"},"thumbnailUrl":"https:\/\/francelyme.fr\/site\/wp-content\/uploads\/2019\/05\/Rester-informe.jpg","datePublished":"2019-06-09T17:59:25+00:00","dateModified":"2023-04-23T21:10:07+00:00","breadcrumb":{"@id":"https:\/\/francelyme.fr\/site\/sabonner-a-la-newsletter-france-lyme\/#breadcrumb"},"inLanguage":"fr-FR","potentialAction":[{"@type":"ReadAction","target":["https:\/\/francelyme.fr\/site\/sabonner-a-la-newsletter-france-lyme\/"]}]},{"@type":"ImageObject","inLanguage":"fr-FR","@id":"https:\/\/francelyme.fr\/site\/sabonner-a-la-newsletter-france-lyme\/#primaryimage","url":"https:\/\/francelyme.fr\/site\/wp-content\/uploads\/2019\/05\/Rester-informe.jpg","contentUrl":"https:\/\/francelyme.fr\/site\/wp-content\/uploads\/2019\/05\/Rester-informe.jpg","width":2560,"height":1080,"caption":"Rester Inform\u00e9"},{"@type":"BreadcrumbList","@id":"https:\/\/francelyme.fr\/site\/sabonner-a-la-newsletter-france-lyme\/#breadcrumb","itemListElement":[{"@type":"ListItem","position":1,"name":"Accueil","item":"https:\/\/francelyme.fr\/site\/"},{"@type":"ListItem","position":2,"name":"Restez inform\u00e9 de l&#8217;actualit\u00e9 de France Lyme"}]},{"@type":"WebSite","@id":"https:\/\/francelyme.fr\/site\/#website","url":"https:\/\/francelyme.fr\/site\/","name":"Association France Lyme","description":"Association de lutte contre les maladies vectorielles \u00e0 tiques","publisher":{"@id":"https:\/\/francelyme.fr\/site\/#organization"},"potentialAction":[{"@type":"SearchAction","target":{"@type":"EntryPoint","urlTemplate":"https:\/\/francelyme.fr\/site\/?s={search_term_string}"},"query-input":{"@type":"PropertyValueSpecification","valueRequired":true,"valueName":"search_term_string"}}],"inLanguage":"fr-FR"},{"@type":"Organization","@id":"https:\/\/francelyme.fr\/site\/#organization","name":"France Lyme","url":"https:\/\/francelyme.fr\/site\/","logo":{"@type":"ImageObject","inLanguage":"fr-FR","@id":"https:\/\/francelyme.fr\/site\/#\/schema\/logo\/image\/","url":"https:\/\/francelyme.fr\/site\/wp-content\/uploads\/2019\/05\/francelyme-site.gif","contentUrl":"https:\/\/francelyme.fr\/site\/wp-content\/uploads\/2019\/05\/francelyme-site.gif","width":180,"height":180,"caption":"France Lyme"},"image":{"@id":"https:\/\/francelyme.fr\/site\/#\/schema\/logo\/image\/"},"sameAs":["https:\/\/www.facebook.com\/france.lyme","https:\/\/x.com\/francelyme","https:\/\/www.youtube.com\/channel\/UClMCGl3dvkz0iAgXFR1NH1A"]}]}},"_links":{"self":[{"href":"https:\/\/francelyme.fr\/site\/wp-json\/wp\/v2\/pages\/945","targetHints":{"allow":["GET"]}}],"collection":[{"href":"https:\/\/francelyme.fr\/site\/wp-json\/wp\/v2\/pages"}],"about":[{"href":"https:\/\/francelyme.fr\/site\/wp-json\/wp\/v2\/types\/page"}],"author":[{"embeddable":true,"href":"https:\/\/francelyme.fr\/site\/wp-json\/wp\/v2\/users\/1"}],"replies":[{"embeddable":true,"href":"https:\/\/francelyme.fr\/site\/wp-json\/wp\/v2\/comments?post=945"}],"version-history":[{"count":9,"href":"https:\/\/francelyme.fr\/site\/wp-json\/wp\/v2\/pages\/945\/revisions"}],"predecessor-version":[{"id":14342,"href":"https:\/\/francelyme.fr\/site\/wp-json\/wp\/v2\/pages\/945\/revisions\/14342"}],"wp:featuredmedia":[{"embeddable":true,"href":"https:\/\/francelyme.fr\/site\/wp-json\/wp\/v2\/media\/9104"}],"wp:attachment":[{"href":"https:\/\/francelyme.fr\/site\/wp-json\/wp\/v2\/media?parent=945"}],"curies":[{"name":"wp","href":"https:\/\/api.w.org\/{rel}","templated":true}]}}